{"id":768651,"date":"2025-08-28T13:28:25","date_gmt":"2025-08-28T10:28:25","guid":{"rendered":"https:\/\/roveyayinevi.com.tr\/index.php\/urun\/dijital-yetenek\/"},"modified":"2026-04-15T03:34:48","modified_gmt":"2026-04-15T00:34:48","slug":"dijital-yetenek","status":"publish","type":"product","link":"https:\/\/roveyayinevi.com.tr\/index.php\/urun\/dijital-yetenek\/","title":{"rendered":"Dijital Yetenek"},"content":{"rendered":"<p>De\u011fi\u015fen ve teknolojinin g\u00fcnden g\u00fcne daha fazla etkili oldu\u011fu i\u015f d\u00fcnyas\u0131nda, \u0130K profesyonellerinin dijital becerilere sahip ki\u015fileri \u00e7ekme, i\u015fe alma ve elde tutma becerisi, \u015firkete ba\u015far\u0131y\u0131 getiren temel fakt\u00f6r haline gelmektedir.Dijital Yetenek, \u0130K&#8217;y\u0131 bu kritik yeteneklerin neler oldu\u011funu, bu yeteneklere sahip ki\u015fileri nas\u0131l \u00e7ekebileceklerini, bu ki\u015filerin kat\u0131l\u0131m\u0131n\u0131, \u00fcretkenli\u011fini ve yeteneklerinin en iyisini sergilemesini nas\u0131l sa\u011flayacaklar\u0131n\u0131 de\u011ferlendirmek i\u00e7in ihtiya\u00e7 duyduklar\u0131 ara\u00e7larla donat\u0131yor. Ayr\u0131ca, \u015firketin hem bug\u00fcn hem de gelecek i\u00e7in ihtiya\u00e7 duydu\u011fu yeteneklere sahip olmas\u0131n\u0131 sa\u011flamak amac\u0131yla, liderler de dahil olmak \u00fczere \u00e7al\u0131\u015fanlar\u0131n s\u00fcrekli olarak nas\u0131l geli\u015ftirilece\u011fi konusunda da \u00f6nemli bir rehberlik sa\u011fl\u0131yor.Bu kitap, dijital d\u00f6n\u00fc\u015f\u00fcm \u00e7a\u011f\u0131nda amaca uygun yeni s\u00fcre\u00e7lerin nas\u0131l olu\u015fturulaca\u011f\u0131, dijital k\u00fclt\u00fcr\u00fcn daha belirgin hale geldi\u011fi bir d\u00f6nemde kapsay\u0131c\u0131l\u0131\u011f\u0131n nas\u0131l tesis edilece\u011fi ve \u00e7al\u0131\u015fanlar\u0131n refah\u0131n\u0131 korurken \u00fcretkenli\u011fi en \u00fcst d\u00fczeye \u00e7\u0131karmak i\u00e7in dijital yeteneklerin nas\u0131l etkin bir \u015fekilde kullan\u0131laca\u011f\u0131 konusunda tavsiyeler sunmaktad\u0131r. Dijital Yetenek, \u0130K, yetenek kazan\u0131m\u0131 profesyonelleri ve i\u015f liderlerinin, \u00e7al\u0131\u015fanlar\u0131n ve bir b\u00fct\u00fcn olarak i\u015fletmenin rekabette bir ad\u0131m \u00f6nde olmas\u0131n\u0131 sa\u011flamak i\u00e7in ihtiya\u00e7 duyduklar\u0131 yetenek kitab\u0131d\u0131r.<\/p>\n","protected":false},"excerpt":{"rendered":"<p>De\u011fi\u015fen ve teknolojinin g\u00fcnden g\u00fcne daha fazla etkili oldu\u011fu i\u015f d\u00fcnyas\u0131nda, \u0130K profesyonellerinin dijital becerilere sahip ki\u015fileri \u00e7ekme, i\u015fe alma ve elde tutma becerisi, \u015firkete ba\u015far\u0131y\u0131<span class=\"excerpt-hellip\"> [\u2026]<\/span><\/p>\n","protected":false},"featured_media":0,"template":"","meta":{"_monsterinsights_skip_tracking":false,"_monsterinsights_sitenote_active":false,"_monsterinsights_sitenote_note":"","_monsterinsights_sitenote_category":0},"product_brand":[],"product_cat":[13043,17647],"product_tag":[],"class_list":{"0":"post-768651","1":"product","2":"type-product","3":"status-publish","5":"product_cat-ekonomi","6":"product_cat-is-dunyasi","7":"pa_cilt-ciltsiz","8":"pa_tur-kitap","9":"pa_yayinevi-the-kitap","10":"pa_yazar-matt-alder","11":"pa_yazar-mervyn-dinnen","13":"first","14":"instock","15":"sale","16":"shipping-taxable","17":"purchasable","18":"product-type-simple"},"_links":{"self":[{"href":"https:\/\/roveyayinevi.com.tr\/index.php\/wp-json\/wp\/v2\/product\/768651","targetHints":{"allow":["GET"]}}],"collection":[{"href":"https:\/\/roveyayinevi.com.tr\/index.php\/wp-json\/wp\/v2\/product"}],"about":[{"href":"https:\/\/roveyayinevi.com.tr\/index.php\/wp-json\/wp\/v2\/types\/product"}],"wp:attachment":[{"href":"https:\/\/roveyayinevi.com.tr\/index.php\/wp-json\/wp\/v2\/media?parent=768651"}],"wp:term":[{"taxonomy":"product_brand","embeddable":true,"href":"https:\/\/roveyayinevi.com.tr\/index.php\/wp-json\/wp\/v2\/product_brand?post=768651"},{"taxonomy":"product_cat","embeddable":true,"href":"https:\/\/roveyayinevi.com.tr\/index.php\/wp-json\/wp\/v2\/product_cat?post=768651"},{"taxonomy":"product_tag","embeddable":true,"href":"https:\/\/roveyayinevi.com.tr\/index.php\/wp-json\/wp\/v2\/product_tag?post=768651"}],"curies":[{"name":"wp","href":"https:\/\/api.w.org\/{rel}","templated":true}]}}