{"id":768649,"date":"2025-08-28T13:28:23","date_gmt":"2025-08-28T10:28:23","guid":{"rendered":"https:\/\/roveyayinevi.com.tr\/index.php\/urun\/soframizdaki-hurafeler\/"},"modified":"2026-04-15T03:34:48","modified_gmt":"2026-04-15T00:34:48","slug":"soframizdaki-hurafeler","status":"publish","type":"product","link":"https:\/\/roveyayinevi.com.tr\/index.php\/urun\/soframizdaki-hurafeler\/","title":{"rendered":"Sofram\u0131zdaki Hurafeler"},"content":{"rendered":"<p>G\u0131dalar\u0131m\u0131zla ili\u015fkimizin zamanla bozuldu\u011funu ve bu durumun bizi, tad\u0131m\u0131z\u0131 ciddi anlamda ka\u00e7\u0131ran bir stresle ba\u015f ba\u015fa b\u0131rakt\u0131\u011f\u0131n\u0131n fark\u0131nda m\u0131s\u0131n\u0131z? Fakat endi\u015felenmeyin, \u00e7\u00fcnk\u00fc do\u011fru se\u00e7imler yaparak a\u011f\u0131z tad\u0131yla yiyip i\u00e7menin de\u011ferini yeniden ke\u015ffetmek m\u00fcmk\u00fcn! \u0130\u015fte size, g\u0131dalara olan g\u00fcvenimizin neden k\u0131r\u0131ld\u0131\u011f\u0131n\u0131 ve alg\u0131lad\u0131\u011f\u0131m\u0131z risk ile ger\u00e7ek risk aras\u0131ndaki makas\u0131n nas\u0131l a\u00e7\u0131ld\u0131\u011f\u0131n\u0131 g\u00f6zler \u00f6n\u00fcne seren bir kitap.Ebru Akda\u011f, Sofram\u0131zdaki Hurafeler\u2019de her yan\u0131m\u0131z\u0131n nas\u0131l da g\u0131da hurafeleriyle \u00e7evrili oldu\u011funu ortaya koyuyor ve bu tuzaklara d\u00fc\u015fmememiz i\u00e7in bilimsel kaynaklara dayanan sa\u011flam ve anla\u015f\u0131l\u0131r bir rehber sunuyor. Okuduklar\u0131n\u0131z sizi bazen d\u00fc\u015f\u00fcnd\u00fcrecek, bazen de  i\u00e7tenlikle g\u00fcl\u00fcmsetecek ama en \u00e7ok da \u00f6n yarg\u0131lar\u0131n\u0131z\u0131 y\u0131k\u0131p do\u011fru bilgiyi yeniden in\u015fa etmeniz i\u00e7in cesaretlendirecek.G\u00fcvenilir g\u0131da se\u00e7imleri yapmak ve sa\u011fl\u0131\u011f\u0131n\u0131 olumsuz etkileyecek tuzaklardan ka\u00e7\u0131nmak isteyen herkesi bu ayd\u0131nlat\u0131c\u0131 yolculu\u011fa \u00e7\u0131kmaya davet ediyoruz. Hurafelerden uzak, bilime yak\u0131n kal\u0131n\u2026<\/p>\n","protected":false},"excerpt":{"rendered":"<p>G\u0131dalar\u0131m\u0131zla ili\u015fkimizin zamanla bozuldu\u011funu ve bu durumun bizi, tad\u0131m\u0131z\u0131 ciddi anlamda ka\u00e7\u0131ran bir stresle ba\u015f ba\u015fa b\u0131rakt\u0131\u011f\u0131n\u0131n fark\u0131nda m\u0131s\u0131n\u0131z? Fakat endi\u015felenmeyin, \u00e7\u00fcnk\u00fc do\u011fru se\u00e7imler yaparak a\u011f\u0131z<span class=\"excerpt-hellip\"> [\u2026]<\/span><\/p>\n","protected":false},"featured_media":0,"template":"","meta":{"_monsterinsights_skip_tracking":false,"_monsterinsights_sitenote_active":false,"_monsterinsights_sitenote_note":"","_monsterinsights_sitenote_category":0},"product_brand":[],"product_cat":[12457],"product_tag":[],"class_list":{"0":"post-768649","1":"product","2":"type-product","3":"status-publish","5":"product_cat-yemek-kitaplari","6":"pa_cilt-ciltsiz","7":"pa_tur-kitap","8":"pa_yayinevi-the-kitap","9":"pa_yazar-ebru-akdag","11":"first","12":"instock","13":"sale","14":"shipping-taxable","15":"purchasable","16":"product-type-simple"},"_links":{"self":[{"href":"https:\/\/roveyayinevi.com.tr\/index.php\/wp-json\/wp\/v2\/product\/768649","targetHints":{"allow":["GET"]}}],"collection":[{"href":"https:\/\/roveyayinevi.com.tr\/index.php\/wp-json\/wp\/v2\/product"}],"about":[{"href":"https:\/\/roveyayinevi.com.tr\/index.php\/wp-json\/wp\/v2\/types\/product"}],"wp:attachment":[{"href":"https:\/\/roveyayinevi.com.tr\/index.php\/wp-json\/wp\/v2\/media?parent=768649"}],"wp:term":[{"taxonomy":"product_brand","embeddable":true,"href":"https:\/\/roveyayinevi.com.tr\/index.php\/wp-json\/wp\/v2\/product_brand?post=768649"},{"taxonomy":"product_cat","embeddable":true,"href":"https:\/\/roveyayinevi.com.tr\/index.php\/wp-json\/wp\/v2\/product_cat?post=768649"},{"taxonomy":"product_tag","embeddable":true,"href":"https:\/\/roveyayinevi.com.tr\/index.php\/wp-json\/wp\/v2\/product_tag?post=768649"}],"curies":[{"name":"wp","href":"https:\/\/api.w.org\/{rel}","templated":true}]}}