{"id":768647,"date":"2025-08-28T13:28:20","date_gmt":"2025-08-28T10:28:20","guid":{"rendered":"https:\/\/roveyayinevi.com.tr\/index.php\/urun\/50-sef-50-efsane-tarih\/"},"modified":"2026-04-15T03:34:48","modified_gmt":"2026-04-15T00:34:48","slug":"50-sef-50-efsane-tarih","status":"publish","type":"product","link":"https:\/\/roveyayinevi.com.tr\/index.php\/urun\/50-sef-50-efsane-tarih\/","title":{"rendered":"50 \u015eef 50 Efsane Tarih"},"content":{"rendered":"<p>T\u00fcrkiye\u2019nin \u00f6nde gelen 50 \u015fefi, Koruncuk Vakf\u0131 ve Korkmaz i\u015fbirli\u011fiyle, \u00e7ok \u00f6zel 50 tarifle bu kitapta bir araya geliyor. Herkese hitap edebilecek \u00e7e\u015fit \u00e7e\u015fit tarif ve yemek pi\u015firme t\u00fcyosu sizleri bekliyor. \u0130\u00e7inde hangi tarifler mi var? Ay\u015fe T\u00fcter\u2019den a\u015fure, Batuhan Piatti\u2019den pizza, Hazer Amani\u2019den Ossobuco Milanese, Refika\u2019dan \u201ckendini k\u00fcnefe sanan k\u00f6fte\u201d, Sahrap Soysal\u2019dan ke\u015f\u015fir pilav\u0131, Somer \u015eef\u2019ten humus ve daha bir s\u00fcr\u00fc \u00f6zel tarif! Ayr\u0131ca bu \u00f6zel kitab\u0131n t\u00fcm gelirleri, depremden etkilenen k\u0131z \u00e7ocuklar\u0131n\u0131n da desteklendi\u011fi Koruncukk\u00f6ylere katk\u0131 sa\u011fl\u0131yor.<\/p>\n","protected":false},"excerpt":{"rendered":"<p>T\u00fcrkiye\u2019nin \u00f6nde gelen 50 \u015fefi, Koruncuk Vakf\u0131 ve Korkmaz i\u015fbirli\u011fiyle, \u00e7ok \u00f6zel 50 tarifle bu kitapta bir araya geliyor. Herkese hitap edebilecek \u00e7e\u015fit \u00e7e\u015fit tarif ve<span class=\"excerpt-hellip\"> [\u2026]<\/span><\/p>\n","protected":false},"featured_media":0,"template":"","meta":{"_monsterinsights_skip_tracking":false,"_monsterinsights_sitenote_active":false,"_monsterinsights_sitenote_note":"","_monsterinsights_sitenote_category":0},"product_brand":[],"product_cat":[12457],"product_tag":[],"class_list":{"0":"post-768647","1":"product","2":"type-product","3":"status-publish","5":"product_cat-yemek-kitaplari","6":"pa_cilt-ciltsiz","7":"pa_tur-kitap","8":"pa_yayinevi-the-kitap","9":"pa_yazar-kollektif","11":"first","12":"instock","13":"sale","14":"shipping-taxable","15":"purchasable","16":"product-type-simple"},"_links":{"self":[{"href":"https:\/\/roveyayinevi.com.tr\/index.php\/wp-json\/wp\/v2\/product\/768647","targetHints":{"allow":["GET"]}}],"collection":[{"href":"https:\/\/roveyayinevi.com.tr\/index.php\/wp-json\/wp\/v2\/product"}],"about":[{"href":"https:\/\/roveyayinevi.com.tr\/index.php\/wp-json\/wp\/v2\/types\/product"}],"wp:attachment":[{"href":"https:\/\/roveyayinevi.com.tr\/index.php\/wp-json\/wp\/v2\/media?parent=768647"}],"wp:term":[{"taxonomy":"product_brand","embeddable":true,"href":"https:\/\/roveyayinevi.com.tr\/index.php\/wp-json\/wp\/v2\/product_brand?post=768647"},{"taxonomy":"product_cat","embeddable":true,"href":"https:\/\/roveyayinevi.com.tr\/index.php\/wp-json\/wp\/v2\/product_cat?post=768647"},{"taxonomy":"product_tag","embeddable":true,"href":"https:\/\/roveyayinevi.com.tr\/index.php\/wp-json\/wp\/v2\/product_tag?post=768647"}],"curies":[{"name":"wp","href":"https:\/\/api.w.org\/{rel}","templated":true}]}}