{"id":768639,"date":"2025-08-28T13:28:05","date_gmt":"2025-08-28T10:28:05","guid":{"rendered":"https:\/\/roveyayinevi.com.tr\/index.php\/urun\/aydinlanma-cagi-britanyasinda-buyunun-cokusu\/"},"modified":"2026-04-15T03:34:47","modified_gmt":"2026-04-15T00:34:47","slug":"aydinlanma-cagi-britanyasinda-buyunun-cokusu","status":"publish","type":"product","link":"https:\/\/roveyayinevi.com.tr\/index.php\/urun\/aydinlanma-cagi-britanyasinda-buyunun-cokusu\/","title":{"rendered":"Ayd\u0131nlanma \u00c7a\u011f\u0131 Britanyas\u0131&#8217;nda B\u00fcy\u00fcn\u00fcn \u00c7\u00f6k\u00fc\u015f\u00fc"},"content":{"rendered":"<p>Erken modern Britanya\u2019da kehanetlere, b\u00fcy\u00fclere, hayaletlere ve perilere olan inan\u00e7 yayg\u0131nd\u0131. Hem e\u011fitimli hem de s\u0131radan insanlar aras\u0131nda ruhani bir d\u00fcnyan\u0131n mutlak varl\u0131\u011f\u0131 kabul g\u00f6r\u00fcyordu. Ancak on sekizinci y\u00fczy\u0131lda bilimin ve rasyonalizmin y\u00fckseli\u015fiyle bu t\u00fcr inan\u0131\u015flar yava\u015f yava\u015f ortadan kalkt\u0131. Geleneksel b\u00fcy\u00fcc\u00fcl\u00fck ve sihir prati\u011finin yerini bilimsel a\u00e7\u0131klamalar almaya ba\u015flad\u0131. Michael Hunter B\u00fcy\u00fcn\u00fcn \u00c7\u00f6k\u00fc\u015f\u00fc\u2019nde d\u00f6nemin bilim ve d\u00fc\u015f\u00fcnce ak\u0131mlar\u0131n\u0131n b\u00fcy\u00fc inan\u0131\u015f\u0131ndan nas\u0131l etkilendi\u011fini, d\u00f6nemin \u00fcnl\u00fc bilim insanlar\u0131 ve d\u00fc\u015f\u00fcn\u00fcrlerinin b\u00fcy\u00fcye ve do\u011fa\u00fcst\u00fc olaylara bak\u0131\u015f a\u00e7\u0131lar\u0131n\u0131 inceliyor.<\/p>\n","protected":false},"excerpt":{"rendered":"<p>Erken modern Britanya\u2019da kehanetlere, b\u00fcy\u00fclere, hayaletlere ve perilere olan inan\u00e7 yayg\u0131nd\u0131. Hem e\u011fitimli hem de s\u0131radan insanlar aras\u0131nda ruhani bir d\u00fcnyan\u0131n mutlak varl\u0131\u011f\u0131 kabul g\u00f6r\u00fcyordu. Ancak<span class=\"excerpt-hellip\"> [\u2026]<\/span><\/p>\n","protected":false},"featured_media":0,"template":"","meta":{"_monsterinsights_skip_tracking":false,"_monsterinsights_sitenote_active":false,"_monsterinsights_sitenote_note":"","_monsterinsights_sitenote_category":0},"product_brand":[],"product_cat":[12370,12304],"product_tag":[],"class_list":{"0":"post-768639","1":"product","2":"type-product","3":"status-publish","5":"product_cat-arastirma-inceleme","6":"product_cat-tarih","7":"pa_cilt-ciltsiz","8":"pa_tur-kitap","9":"pa_yayinevi-the-kitap","10":"pa_yazar-christopher-j-ferguson","12":"first","13":"instock","14":"sale","15":"shipping-taxable","16":"purchasable","17":"product-type-simple"},"_links":{"self":[{"href":"https:\/\/roveyayinevi.com.tr\/index.php\/wp-json\/wp\/v2\/product\/768639","targetHints":{"allow":["GET"]}}],"collection":[{"href":"https:\/\/roveyayinevi.com.tr\/index.php\/wp-json\/wp\/v2\/product"}],"about":[{"href":"https:\/\/roveyayinevi.com.tr\/index.php\/wp-json\/wp\/v2\/types\/product"}],"wp:attachment":[{"href":"https:\/\/roveyayinevi.com.tr\/index.php\/wp-json\/wp\/v2\/media?parent=768639"}],"wp:term":[{"taxonomy":"product_brand","embeddable":true,"href":"https:\/\/roveyayinevi.com.tr\/index.php\/wp-json\/wp\/v2\/product_brand?post=768639"},{"taxonomy":"product_cat","embeddable":true,"href":"https:\/\/roveyayinevi.com.tr\/index.php\/wp-json\/wp\/v2\/product_cat?post=768639"},{"taxonomy":"product_tag","embeddable":true,"href":"https:\/\/roveyayinevi.com.tr\/index.php\/wp-json\/wp\/v2\/product_tag?post=768639"}],"curies":[{"name":"wp","href":"https:\/\/api.w.org\/{rel}","templated":true}]}}