{"id":768637,"date":"2025-08-28T13:28:00","date_gmt":"2025-08-28T10:28:00","guid":{"rendered":"https:\/\/roveyayinevi.com.tr\/index.php\/urun\/infaz-listesi\/"},"modified":"2026-04-15T03:34:47","modified_gmt":"2026-04-15T00:34:47","slug":"infaz-listesi","status":"publish","type":"product","link":"https:\/\/roveyayinevi.com.tr\/index.php\/urun\/infaz-listesi\/","title":{"rendered":"\u0130nfaz Listesi"},"content":{"rendered":"<p>\u201c\u0130nfaz Listesi, g\u00fcc\u00fcn\u00fcn zirvesinde bir sava\u015f\u00e7\u0131 geri d\u00f6n\u00fc\u015f\u00fc olmayan bir duruma s\u00fcr\u00fcklendi\u011fi zaman neler olabilece\u011finin izini s\u00fcr\u00fcyor. Kitap, ola\u011fan\u00fcst\u00fc yeteneklere sahip, sava\u015fla bilenmi\u015f ve asl\u0131nda zaten \u00f6lm\u00fc\u015f bir adam bir hesapla\u015fmaya giri\u015fti\u011finde; toplumsal normlar, yasalar, y\u00f6netmelikler, maneviyat ve ahlak kurallar\u0131 da bu adama yol verdi\u011finde neler olabilece\u011fini anlat\u0131yor.\u201dABD donanmas\u0131nda Komutan James Reece\u2019in ekibinin tamam\u0131 feci bir pusuda \u00f6ld\u00fcr\u00fcl\u00fcr. Reece g\u00f6revinden ayr\u0131l\u0131p evine d\u00f6nd\u00fc\u011f\u00fcnde di\u011fer sevdiklerinin de \u00f6ld\u00fcr\u00fcld\u00fc\u011f\u00fcn\u00fc ve kendisinin de ekip arkada\u015flar\u0131yla birlikte belli t\u00fcrde bir beyin t\u00fcm\u00f6r\u00fcnden mustarip oldu\u011funu  \u00f6\u011frenir. G\u00f6r\u00fcn\u00fc\u015fe g\u00f6re bir komplo kurulmu\u015ftur ve bunun intikam\u0131n\u0131 almak hi\u00e7 de kolay olmayacakt\u0131r. Kaybedecek hi\u00e7bir \u015feyinin kalmad\u0131\u011f\u0131n\u0131 d\u00fc\u015f\u00fcnen Reece, on y\u0131l\u0131 a\u015fk\u0131n askeri kariyeri boyunca edindi\u011fi bilgi ve deneyimi ailesinin ve ekibinin intikam\u0131n\u0131 almak i\u00e7in kullan\u0131r. Bu yolda James Reece ne sava\u015f kurallar\u0131na ne de hukukun \u00fcst\u00fcnl\u00fc\u011f\u00fcne ba\u011fl\u0131 kalacakt\u0131r. Bu tempolu ve \u00f6ng\u00f6r\u00fclemez romanda James Reece, mutlak g\u00fcc\u00fcn yozla\u015ft\u0131r\u0131c\u0131 yan\u0131 ve bu g\u00fc\u00e7 i\u00e7in her \u015feyi yapacak olanlarla y\u00fczle\u015fmek i\u00e7in \u00e7\u0131kt\u0131\u011f\u0131 tek ki\u015filik g\u00f6revinde hi\u00e7 bitmeyen intikam arzusuyla hareket ediyor.<\/p>\n","protected":false},"excerpt":{"rendered":"<p>\u201c\u0130nfaz Listesi, g\u00fcc\u00fcn\u00fcn zirvesinde bir sava\u015f\u00e7\u0131 geri d\u00f6n\u00fc\u015f\u00fc olmayan bir duruma s\u00fcr\u00fcklendi\u011fi zaman neler olabilece\u011finin izini s\u00fcr\u00fcyor. Kitap, ola\u011fan\u00fcst\u00fc yeteneklere sahip, sava\u015fla bilenmi\u015f ve asl\u0131nda zaten<span class=\"excerpt-hellip\"> [\u2026]<\/span><\/p>\n","protected":false},"featured_media":0,"template":"","meta":{"_monsterinsights_skip_tracking":false,"_monsterinsights_sitenote_active":false,"_monsterinsights_sitenote_note":"","_monsterinsights_sitenote_category":0},"product_brand":[],"product_cat":[12291,12711],"product_tag":[],"class_list":{"0":"post-768637","1":"product","2":"type-product","3":"status-publish","5":"product_cat-edebiyat","6":"product_cat-roman-oyku","7":"pa_cilt-ciltsiz","8":"pa_tur-kitap","9":"pa_yayinevi-the-kitap","10":"pa_yazar-jack-carr","12":"first","13":"instock","14":"sale","15":"shipping-taxable","16":"purchasable","17":"product-type-simple"},"_links":{"self":[{"href":"https:\/\/roveyayinevi.com.tr\/index.php\/wp-json\/wp\/v2\/product\/768637","targetHints":{"allow":["GET"]}}],"collection":[{"href":"https:\/\/roveyayinevi.com.tr\/index.php\/wp-json\/wp\/v2\/product"}],"about":[{"href":"https:\/\/roveyayinevi.com.tr\/index.php\/wp-json\/wp\/v2\/types\/product"}],"wp:attachment":[{"href":"https:\/\/roveyayinevi.com.tr\/index.php\/wp-json\/wp\/v2\/media?parent=768637"}],"wp:term":[{"taxonomy":"product_brand","embeddable":true,"href":"https:\/\/roveyayinevi.com.tr\/index.php\/wp-json\/wp\/v2\/product_brand?post=768637"},{"taxonomy":"product_cat","embeddable":true,"href":"https:\/\/roveyayinevi.com.tr\/index.php\/wp-json\/wp\/v2\/product_cat?post=768637"},{"taxonomy":"product_tag","embeddable":true,"href":"https:\/\/roveyayinevi.com.tr\/index.php\/wp-json\/wp\/v2\/product_tag?post=768637"}],"curies":[{"name":"wp","href":"https:\/\/api.w.org\/{rel}","templated":true}]}}