{"id":768636,"date":"2025-08-28T13:27:59","date_gmt":"2025-08-28T10:27:59","guid":{"rendered":"https:\/\/roveyayinevi.com.tr\/index.php\/urun\/katastrof-iyi-insanlarin-kotu-durumlari-neden-daha-da-kotulestirdigini-psikoloji-nasil-aciklar\/"},"modified":"2026-04-15T03:34:47","modified_gmt":"2026-04-15T00:34:47","slug":"katastrof-iyi-insanlarin-kotu-durumlari-neden-daha-da-kotulestirdigini-psikoloji-nasil-aciklar","status":"publish","type":"product","link":"https:\/\/roveyayinevi.com.tr\/index.php\/urun\/katastrof-iyi-insanlarin-kotu-durumlari-neden-daha-da-kotulestirdigini-psikoloji-nasil-aciklar\/","title":{"rendered":"Katastrof!: \u0130yi \u0130nsanlar\u0131n K\u00f6t\u00fc Durumlar\u0131 Neden Daha da K\u00f6t\u00fcle\u015ftirdi\u011fini Psikoloji Nas\u0131l A\u00e7\u0131klar?"},"content":{"rendered":"<p>Do\u011fal veya insan yap\u0131m\u0131, yerel veya k\u00fclt\u00fcrel felaketler hem ki\u015fisel hem de toplumsal d\u00fczeyde d\u00fc\u015f\u00fcnce ve davran\u0131\u015flar\u0131m\u0131z\u0131 etkiler. Bir i\u015fi kaybetmek ya da bir ili\u015fkinin sona ermesi gibi olduk\u00e7a s\u0131radan krizler bile bunalt\u0131c\u0131 duygular\u0131 tetikler. Toplumsal d\u00fczeyde, uyum sa\u011flamaya y\u00f6nelik ahlaki bask\u0131yla birle\u015fen grup kayg\u0131lar\u0131 hepimizi y\u0131k\u0131ma s\u00fcr\u00fckleyebilir. Peki insan psikolojisini anlayarak gelecekte bunu nas\u0131l \u00f6nleyebiliriz?Christopher J. Ferguson Katastrof!\u2019ta salg\u0131n hastal\u0131k, do\u011fal afet gibi histerik olaylardan psikolojimizin nas\u0131l etkilendi\u011fini a\u00e7\u0131klarken, bu felaketlere tepki veri\u015f \u015feklimizi de inceliyor.<\/p>\n","protected":false},"excerpt":{"rendered":"<p>Do\u011fal veya insan yap\u0131m\u0131, yerel veya k\u00fclt\u00fcrel felaketler hem ki\u015fisel hem de toplumsal d\u00fczeyde d\u00fc\u015f\u00fcnce ve davran\u0131\u015flar\u0131m\u0131z\u0131 etkiler. Bir i\u015fi kaybetmek ya da bir ili\u015fkinin sona<span class=\"excerpt-hellip\"> [\u2026]<\/span><\/p>\n","protected":false},"featured_media":0,"template":"","meta":{"_monsterinsights_skip_tracking":false,"_monsterinsights_sitenote_active":false,"_monsterinsights_sitenote_note":"","_monsterinsights_sitenote_category":0},"product_brand":[],"product_cat":[20502,12357],"product_tag":[],"class_list":{"0":"post-768636","1":"product","2":"type-product","3":"status-publish","5":"product_cat-basvuru-kitaplari-psikoloji","6":"product_cat-psikoloji","7":"pa_cilt-ciltsiz","8":"pa_tur-kitap","9":"pa_yayinevi-the-kitap","10":"pa_yazar-christopher-j-ferguson","12":"first","13":"instock","14":"sale","15":"shipping-taxable","16":"purchasable","17":"product-type-simple"},"_links":{"self":[{"href":"https:\/\/roveyayinevi.com.tr\/index.php\/wp-json\/wp\/v2\/product\/768636","targetHints":{"allow":["GET"]}}],"collection":[{"href":"https:\/\/roveyayinevi.com.tr\/index.php\/wp-json\/wp\/v2\/product"}],"about":[{"href":"https:\/\/roveyayinevi.com.tr\/index.php\/wp-json\/wp\/v2\/types\/product"}],"wp:attachment":[{"href":"https:\/\/roveyayinevi.com.tr\/index.php\/wp-json\/wp\/v2\/media?parent=768636"}],"wp:term":[{"taxonomy":"product_brand","embeddable":true,"href":"https:\/\/roveyayinevi.com.tr\/index.php\/wp-json\/wp\/v2\/product_brand?post=768636"},{"taxonomy":"product_cat","embeddable":true,"href":"https:\/\/roveyayinevi.com.tr\/index.php\/wp-json\/wp\/v2\/product_cat?post=768636"},{"taxonomy":"product_tag","embeddable":true,"href":"https:\/\/roveyayinevi.com.tr\/index.php\/wp-json\/wp\/v2\/product_tag?post=768636"}],"curies":[{"name":"wp","href":"https:\/\/api.w.org\/{rel}","templated":true}]}}