{"id":768632,"date":"2025-08-28T13:27:52","date_gmt":"2025-08-28T10:27:52","guid":{"rendered":"https:\/\/roveyayinevi.com.tr\/index.php\/urun\/kavram-odakli-sosyoloji\/"},"modified":"2026-04-15T03:34:47","modified_gmt":"2026-04-15T00:34:47","slug":"kavram-odakli-sosyoloji","status":"publish","type":"product","link":"https:\/\/roveyayinevi.com.tr\/index.php\/urun\/kavram-odakli-sosyoloji\/","title":{"rendered":"Kavram Odakl\u0131 Sosyoloji"},"content":{"rendered":"<p>Eviatar Zerubavel, \u201ckavram odakl\u0131\u201d sosyolojiye yapt\u0131\u011f\u0131 bu davette, \u201cteori\u201d ve \u201cmetodoloji\u201d (ve ayn\u0131 zamanda \u201cnicel\u201d ve \u201cnitel\u201d ara\u015ft\u0131rma) aras\u0131ndaki geleneksel ayr\u0131ma meydan okuyarak, gizli toplumsal \u00f6r\u00fcnt\u00fcleri ortaya \u00e7\u0131karmak i\u00e7in \u00f6zel olarak tasarlanm\u0131\u015f \u201cSimmelci\u201d bir teorile\u015ftirme y\u00f6ntemini tan\u0131t\u0131yor. Bu y\u00f6ntemin ger\u00e7ekten \u00f6\u011fretilebilece\u011fi konusunda \u0131srar eden Zerubavel, kavram odakl\u0131 ara\u015ft\u0131rmac\u0131lar\u0131n ampirik olarak kar\u015f\u0131la\u015ft\u0131klar\u0131 k\u00fclt\u00fcrel, tarihsel ve alana \u00f6zg\u00fc ba\u011flamlardan genel sosyal \u00f6r\u00fcnt\u00fcleri dam\u0131tabilecekleri (odaklanma, genelleme, \u201c\u00f6rnekleme\u201d ve analojile\u015ftirme gibi epistemik ve analitik eylemler etraf\u0131nda d\u00f6nen) teorik-metodolojik s\u00fcreci inceliyor.<\/p>\n","protected":false},"excerpt":{"rendered":"<p>Eviatar Zerubavel, \u201ckavram odakl\u0131\u201d sosyolojiye yapt\u0131\u011f\u0131 bu davette, \u201cteori\u201d ve \u201cmetodoloji\u201d (ve ayn\u0131 zamanda \u201cnicel\u201d ve \u201cnitel\u201d ara\u015ft\u0131rma) aras\u0131ndaki geleneksel ayr\u0131ma meydan okuyarak, gizli toplumsal \u00f6r\u00fcnt\u00fcleri<span class=\"excerpt-hellip\"> [\u2026]<\/span><\/p>\n","protected":false},"featured_media":0,"template":"","meta":{"_monsterinsights_skip_tracking":false,"_monsterinsights_sitenote_active":false,"_monsterinsights_sitenote_note":"","_monsterinsights_sitenote_category":0},"product_brand":[],"product_cat":[12325,12324],"product_tag":[],"class_list":{"0":"post-768632","1":"product","2":"type-product","3":"status-publish","5":"product_cat-diger-sosyoloji","6":"product_cat-sosyoloji","7":"pa_cilt-ciltsiz","8":"pa_tur-kitap","9":"pa_yayinevi-the-kitap","10":"pa_yazar-eviatar-zerubavel","12":"first","13":"instock","14":"sale","15":"shipping-taxable","16":"purchasable","17":"product-type-simple"},"_links":{"self":[{"href":"https:\/\/roveyayinevi.com.tr\/index.php\/wp-json\/wp\/v2\/product\/768632","targetHints":{"allow":["GET"]}}],"collection":[{"href":"https:\/\/roveyayinevi.com.tr\/index.php\/wp-json\/wp\/v2\/product"}],"about":[{"href":"https:\/\/roveyayinevi.com.tr\/index.php\/wp-json\/wp\/v2\/types\/product"}],"wp:attachment":[{"href":"https:\/\/roveyayinevi.com.tr\/index.php\/wp-json\/wp\/v2\/media?parent=768632"}],"wp:term":[{"taxonomy":"product_brand","embeddable":true,"href":"https:\/\/roveyayinevi.com.tr\/index.php\/wp-json\/wp\/v2\/product_brand?post=768632"},{"taxonomy":"product_cat","embeddable":true,"href":"https:\/\/roveyayinevi.com.tr\/index.php\/wp-json\/wp\/v2\/product_cat?post=768632"},{"taxonomy":"product_tag","embeddable":true,"href":"https:\/\/roveyayinevi.com.tr\/index.php\/wp-json\/wp\/v2\/product_tag?post=768632"}],"curies":[{"name":"wp","href":"https:\/\/api.w.org\/{rel}","templated":true}]}}