{"id":768630,"date":"2025-08-28T13:27:49","date_gmt":"2025-08-28T10:27:49","guid":{"rendered":"https:\/\/roveyayinevi.com.tr\/index.php\/urun\/kanita-dayali-yonetim-daha-iyi-kurumsal-kararlar-almak-icin-kanitlar-nasil-kullanilir\/"},"modified":"2026-04-15T03:34:47","modified_gmt":"2026-04-15T00:34:47","slug":"kanita-dayali-yonetim-daha-iyi-kurumsal-kararlar-almak-icin-kanitlar-nasil-kullanilir","status":"publish","type":"product","link":"https:\/\/roveyayinevi.com.tr\/index.php\/urun\/kanita-dayali-yonetim-daha-iyi-kurumsal-kararlar-almak-icin-kanitlar-nasil-kullanilir\/","title":{"rendered":"Kan\u0131ta Dayal\u0131 Y\u00f6netim &#8211; Daha \u0130yi Kurumsal Kararlar Almak \u0130\u00e7in Kan\u0131tlar Nas\u0131l Kullan\u0131l\u0131r?"},"content":{"rendered":"<p>\u0130\u015fletmelerde ve kurulu\u015flarda kararlar \u00e7o\u011fu zaman heveslere, modaya ve \u00fcnl\u00fc CEO\u2019lar\u0131n ba\u015far\u0131 hik\u00e2yelerine dayan\u0131r. Ayr\u0131ca geleneksel modeller ve son teknoloji \u00e7\u00f6z\u00fcmler \u00e7o\u011fu zaman vaatettiklerini yerine getiremiyor. Bu durum y\u00f6neticileri, i\u015f liderlerini, dan\u0131\u015fmanlar\u0131 ve politika yap\u0131c\u0131lar\u0131 b\u00fcy\u00fck bir zorlukla kar\u015f\u0131 kar\u015f\u0131ya b\u0131rak\u0131yor: Trendlerden ve h\u0131zl\u0131 \u00e7\u00f6z\u00fcmlerden nas\u0131l uzak durulabilir ve bunun yerine kurumu desteklemek i\u00e7in ge\u00e7erli ve g\u00fcvenilir kan\u0131tlar nas\u0131l kullan\u0131labilir?Bu soruna yan\u0131t olarak kan\u0131ta dayal\u0131 y\u00f6netim; kurumsal veriler, profesyonel uzmanl\u0131k, payda\u015fde\u011ferleri ve bilimsel literat\u00fcr gibi birden fazla kaynaktan gelen ve ele\u015ftirel olarak de\u011ferlendirilmi\u015f kan\u0131tlar\u0131 kullanarak karar verme kalitesini art\u0131rmak amac\u0131yla geli\u015ftirilmi\u015ftir. Bu kitap, daha iyi kurumsal kararlar almak i\u00e7in kan\u0131t toplamak, onlar\u0131 anlamak ve kullanmak i\u00e7in gereken belirli becerileri ortaya koyuyor.Kan\u0131ta Dayal\u0131 Y\u00f6netim, y\u00f6neticilere, dan\u0131\u015fmanlara ve organizasyon liderlerine, karar vermes\u00fcre\u00e7lerinin kalitesini ve sonu\u00e7lar\u0131n\u0131 iyile\u015ftirmek i\u00e7in bilgi ve pratik beceriler sa\u011flayan kapsaml\u0131 bir rehber.<\/p>\n","protected":false},"excerpt":{"rendered":"<p>\u0130\u015fletmelerde ve kurulu\u015flarda kararlar \u00e7o\u011fu zaman heveslere, modaya ve \u00fcnl\u00fc CEO\u2019lar\u0131n ba\u015far\u0131 hik\u00e2yelerine dayan\u0131r. Ayr\u0131ca geleneksel modeller ve son teknoloji \u00e7\u00f6z\u00fcmler \u00e7o\u011fu zaman vaatettiklerini yerine getiremiyor.<span class=\"excerpt-hellip\"> [\u2026]<\/span><\/p>\n","protected":false},"featured_media":0,"template":"","meta":{"_monsterinsights_skip_tracking":false,"_monsterinsights_sitenote_active":false,"_monsterinsights_sitenote_note":"","_monsterinsights_sitenote_category":0},"product_brand":[],"product_cat":[13043,17647],"product_tag":[],"class_list":{"0":"post-768630","1":"product","2":"type-product","3":"status-publish","5":"product_cat-ekonomi","6":"product_cat-is-dunyasi","7":"pa_cilt-ciltsiz","8":"pa_tur-kitap","9":"pa_yayinevi-the-kitap","10":"pa_yazar-eric-barends-denise-m-rousseau","12":"first","13":"instock","14":"sale","15":"shipping-taxable","16":"purchasable","17":"product-type-simple"},"_links":{"self":[{"href":"https:\/\/roveyayinevi.com.tr\/index.php\/wp-json\/wp\/v2\/product\/768630","targetHints":{"allow":["GET"]}}],"collection":[{"href":"https:\/\/roveyayinevi.com.tr\/index.php\/wp-json\/wp\/v2\/product"}],"about":[{"href":"https:\/\/roveyayinevi.com.tr\/index.php\/wp-json\/wp\/v2\/types\/product"}],"wp:attachment":[{"href":"https:\/\/roveyayinevi.com.tr\/index.php\/wp-json\/wp\/v2\/media?parent=768630"}],"wp:term":[{"taxonomy":"product_brand","embeddable":true,"href":"https:\/\/roveyayinevi.com.tr\/index.php\/wp-json\/wp\/v2\/product_brand?post=768630"},{"taxonomy":"product_cat","embeddable":true,"href":"https:\/\/roveyayinevi.com.tr\/index.php\/wp-json\/wp\/v2\/product_cat?post=768630"},{"taxonomy":"product_tag","embeddable":true,"href":"https:\/\/roveyayinevi.com.tr\/index.php\/wp-json\/wp\/v2\/product_tag?post=768630"}],"curies":[{"name":"wp","href":"https:\/\/api.w.org\/{rel}","templated":true}]}}