{"id":768629,"date":"2025-08-28T13:26:56","date_gmt":"2025-08-28T10:26:56","guid":{"rendered":"https:\/\/roveyayinevi.com.tr\/index.php\/urun\/amaca-yonelik-empati\/"},"modified":"2026-04-15T03:34:47","modified_gmt":"2026-04-15T00:34:47","slug":"amaca-yonelik-empati","status":"publish","type":"product","link":"https:\/\/roveyayinevi.com.tr\/index.php\/urun\/amaca-yonelik-empati\/","title":{"rendered":"Amaca Y\u00f6nelik Empati"},"content":{"rendered":"<p>B\u00fcy\u00fck bir empati eksikli\u011fi \u00e7a\u011f\u0131nda ya\u015f\u0131yoruz, oysa empati hi\u00e7 bug\u00fcn oldu\u011fu kadar \u00f6nemli olmam\u0131\u015ft\u0131. Bir yandan da i\u015fyeri k\u00fclt\u00fcr\u00fc \u00f6nemli \u00f6l\u00e7\u00fcde de\u011fi\u015fti. Halihaz\u0131rda s\u0131n\u0131rlar\u0131n\u0131n sonuna kadar zorlanm\u0131\u015f olan liderlerden, organizasyonlar genelinde ger\u00e7ek ba\u011flant\u0131lar, psikolojik g\u00fcvenlik ve refah yaratmalar\u0131 ve bunu beslemeleri isteniyor; \u00fcstelik bu arada \u00e7e\u015fitlilik, e\u015fitlik ve kat\u0131l\u0131m konular\u0131nda taviz vermeyen yeni neslin de\u011ferlerine de uyum sa\u011flamalar\u0131 bekleniyor.Umursamak asl\u0131nda insan\u0131n do\u011fas\u0131nda vard\u0131r ve pratik yaparak daha empatik h\u00e2le gelebiliriz. Empati dopamini art\u0131r\u0131r, stresi azalt\u0131r, \u00f6zg\u00fcveni art\u0131r\u0131r, ba\u011f\u0131\u015f\u0131kl\u0131k sistemini g\u00fc\u00e7lendirir ve ili\u015fkilerimizi zenginle\u015ftirir. Ayn\u0131 zamanda i\u015fletmelerin temel performans g\u00f6stergelerini de iyile\u015ftirir. Bu, empatiden bilin\u00e7li olarak yararlanman\u0131n daha sa\u011fl\u0131kl\u0131, daha mutlu ve daha \u00fcretken i\u015fyerlerine ve daha anlaml\u0131 bir hayata yol a\u00e7abilece\u011fi anlam\u0131na gelir. \u0130\u015fte bu y\u00fczden empati bizim s\u00fcper g\u00fcc\u00fcm\u00fczd\u00fcr.Amaca Y\u00f6nelik Empati ilham veren hik\u00e2yeler; i\u015f d\u00fcnyas\u0131 liderleri, sinirbilimciler, aktivistler, sosyal giri\u015fimciler ve ruhan\u00ee liderler de dahil \u00e7ok say\u0131da uzmanla yap\u0131lan g\u00f6r\u00fc\u015fmelerden elde edilen bilgiler; pozitif psikoloji ve ko\u00e7lu\u011fa dayanan yeni bir model ve her b\u00f6l\u00fcm\u00fcn sonunda ki\u015fisel geli\u015fim egzersizleri ile ki\u015fisel, organizasyonel ve sosyal d\u00f6n\u00fc\u015f\u00fcm\u00fc te\u015fvik etmek i\u00e7in bilgelik ve pratik tavsiyeler sunuyor.<\/p>\n","protected":false},"excerpt":{"rendered":"<p>B\u00fcy\u00fck bir empati eksikli\u011fi \u00e7a\u011f\u0131nda ya\u015f\u0131yoruz, oysa empati hi\u00e7 bug\u00fcn oldu\u011fu kadar \u00f6nemli olmam\u0131\u015ft\u0131. Bir yandan da i\u015fyeri k\u00fclt\u00fcr\u00fc \u00f6nemli \u00f6l\u00e7\u00fcde de\u011fi\u015fti. Halihaz\u0131rda s\u0131n\u0131rlar\u0131n\u0131n sonuna kadar<span class=\"excerpt-hellip\"> [\u2026]<\/span><\/p>\n","protected":false},"featured_media":0,"template":"","meta":{"_monsterinsights_skip_tracking":false,"_monsterinsights_sitenote_active":false,"_monsterinsights_sitenote_note":"","_monsterinsights_sitenote_category":0},"product_brand":[],"product_cat":[12364,12376],"product_tag":[],"class_list":{"0":"post-768629","1":"product","2":"type-product","3":"status-publish","5":"product_cat-genel-konular","6":"product_cat-kisisel-gelisim","7":"pa_cilt-ciltsiz","8":"pa_tur-kitap","9":"pa_yayinevi-the-kitap","10":"pa_yazar-anita-nowak","12":"first","13":"instock","14":"sale","15":"shipping-taxable","16":"purchasable","17":"product-type-simple"},"_links":{"self":[{"href":"https:\/\/roveyayinevi.com.tr\/index.php\/wp-json\/wp\/v2\/product\/768629","targetHints":{"allow":["GET"]}}],"collection":[{"href":"https:\/\/roveyayinevi.com.tr\/index.php\/wp-json\/wp\/v2\/product"}],"about":[{"href":"https:\/\/roveyayinevi.com.tr\/index.php\/wp-json\/wp\/v2\/types\/product"}],"wp:attachment":[{"href":"https:\/\/roveyayinevi.com.tr\/index.php\/wp-json\/wp\/v2\/media?parent=768629"}],"wp:term":[{"taxonomy":"product_brand","embeddable":true,"href":"https:\/\/roveyayinevi.com.tr\/index.php\/wp-json\/wp\/v2\/product_brand?post=768629"},{"taxonomy":"product_cat","embeddable":true,"href":"https:\/\/roveyayinevi.com.tr\/index.php\/wp-json\/wp\/v2\/product_cat?post=768629"},{"taxonomy":"product_tag","embeddable":true,"href":"https:\/\/roveyayinevi.com.tr\/index.php\/wp-json\/wp\/v2\/product_tag?post=768629"}],"curies":[{"name":"wp","href":"https:\/\/api.w.org\/{rel}","templated":true}]}}