{"id":768627,"date":"2025-08-28T13:26:54","date_gmt":"2025-08-28T10:26:54","guid":{"rendered":"https:\/\/roveyayinevi.com.tr\/index.php\/urun\/karlilik-verimlilik-ve-surdurulebilirlik\/"},"modified":"2026-04-15T03:34:47","modified_gmt":"2026-04-15T00:34:47","slug":"karlilik-verimlilik-ve-surdurulebilirlik","status":"publish","type":"product","link":"https:\/\/roveyayinevi.com.tr\/index.php\/urun\/karlilik-verimlilik-ve-surdurulebilirlik\/","title":{"rendered":"Karl\u0131l\u0131k, Verimlilik ve S\u00fcrd\u00fcr\u00fclebilirlik"},"content":{"rendered":"<p>Bu kitap, k\u00e2rl\u0131l\u0131k, verimlilik ve s\u00fcrd\u00fcr\u00fclebilirlik aras\u0131ndaki nedensel ili\u015fkileri ara\u015ft\u0131r\u0131yor ve kurumsal performans\u0131 optimize etme d\u00fcrt\u00fcs\u00fcn\u00fcn \u00f6nemli \u00f6l\u00e7\u00fcde nas\u0131l iyile\u015ftirilebilece\u011fine dair derinlemesine bir \u00e7al\u0131\u015fma sunuyor. Bu konu, Organizasyonel DNA, Stratejik De\u011fer Uyumlar\u0131 ve bunlar\u0131n S\u00fcrd\u00fcr\u00fclebilirlik \u00fczerindeki etkilerini inceleyen \u00fc\u00e7l\u00fc bir<\/p>\n","protected":false},"excerpt":{"rendered":"<p>Bu kitap, k\u00e2rl\u0131l\u0131k, verimlilik ve s\u00fcrd\u00fcr\u00fclebilirlik aras\u0131ndaki nedensel ili\u015fkileri ara\u015ft\u0131r\u0131yor ve kurumsal performans\u0131 optimize etme d\u00fcrt\u00fcs\u00fcn\u00fcn \u00f6nemli \u00f6l\u00e7\u00fcde nas\u0131l iyile\u015ftirilebilece\u011fine dair derinlemesine bir \u00e7al\u0131\u015fma sunuyor. Bu<span class=\"excerpt-hellip\"> [\u2026]<\/span><\/p>\n","protected":false},"featured_media":0,"template":"","meta":{"_monsterinsights_skip_tracking":false,"_monsterinsights_sitenote_active":false,"_monsterinsights_sitenote_note":"","_monsterinsights_sitenote_category":0},"product_brand":[],"product_cat":[13043,17647],"product_tag":[],"class_list":{"0":"post-768627","1":"product","2":"type-product","3":"status-publish","5":"product_cat-ekonomi","6":"product_cat-is-dunyasi","7":"pa_cilt-ciltsiz","8":"pa_tur-kitap","9":"pa_yayinevi-the-kitap","10":"pa_yazar-dennis-n-onyama","12":"first","13":"instock","14":"sale","15":"shipping-taxable","16":"purchasable","17":"product-type-simple"},"_links":{"self":[{"href":"https:\/\/roveyayinevi.com.tr\/index.php\/wp-json\/wp\/v2\/product\/768627","targetHints":{"allow":["GET"]}}],"collection":[{"href":"https:\/\/roveyayinevi.com.tr\/index.php\/wp-json\/wp\/v2\/product"}],"about":[{"href":"https:\/\/roveyayinevi.com.tr\/index.php\/wp-json\/wp\/v2\/types\/product"}],"wp:attachment":[{"href":"https:\/\/roveyayinevi.com.tr\/index.php\/wp-json\/wp\/v2\/media?parent=768627"}],"wp:term":[{"taxonomy":"product_brand","embeddable":true,"href":"https:\/\/roveyayinevi.com.tr\/index.php\/wp-json\/wp\/v2\/product_brand?post=768627"},{"taxonomy":"product_cat","embeddable":true,"href":"https:\/\/roveyayinevi.com.tr\/index.php\/wp-json\/wp\/v2\/product_cat?post=768627"},{"taxonomy":"product_tag","embeddable":true,"href":"https:\/\/roveyayinevi.com.tr\/index.php\/wp-json\/wp\/v2\/product_tag?post=768627"}],"curies":[{"name":"wp","href":"https:\/\/api.w.org\/{rel}","templated":true}]}}