{"id":768617,"date":"2025-08-28T13:26:34","date_gmt":"2025-08-28T10:26:34","guid":{"rendered":"https:\/\/roveyayinevi.com.tr\/index.php\/urun\/iliskiler-5-0-yapay-zeka-sanal-gerceklik-ve-robotlar-duygusal-hayatimizi-nasil-yeniden-sekillendirecek\/"},"modified":"2026-04-15T03:34:47","modified_gmt":"2026-04-15T00:34:47","slug":"iliskiler-5-0-yapay-zeka-sanal-gerceklik-ve-robotlar-duygusal-hayatimizi-nasil-yeniden-sekillendirecek","status":"publish","type":"product","link":"https:\/\/roveyayinevi.com.tr\/index.php\/urun\/iliskiler-5-0-yapay-zeka-sanal-gerceklik-ve-robotlar-duygusal-hayatimizi-nasil-yeniden-sekillendirecek\/","title":{"rendered":"\u0130li\u015fkiler 5.0 Yapay Zeka, Sanal Ger\u00e7eklik ve Robotlar Duygusal Hayat\u0131m\u0131z\u0131 Nas\u0131l Yeniden \u015eekillendirecek"},"content":{"rendered":"<p>\u0130li\u015fkiler 5.0 kitab\u0131n\u0131n i\u00e7eri\u011finden son derece rahats\u0131z olan okuyucular ve ayn\u0131 zamanda insan-robot ili\u015fki olas\u0131l\u0131\u011f\u0131ndan b\u00fcy\u00fck heyecan duyanlar ayn\u0131 fikirde birle\u015fmelidir: T\u00fcr\u00fcm\u00fcz\u00fc karakterize eden ve tarih boyunca bizi var eden \u015fey, geli\u015fme ve yeni ko\u015fullara uyum sa\u011flama yetene\u011fimizdir.Bu nedenle, insanl\u0131\u011f\u0131n bir kez daha teknolojiye uyum sa\u011flamas\u0131na \u015fa\u015f\u0131rmamal\u0131y\u0131z.\u201d\u0130li\u015fkiler 5.0; disiplinler aras\u0131 bir \u00e7al\u0131\u015fma ile sosyolojiyi, tarihi ve psikolojiyi harmanlayarak ge\u00e7mi\u015ften g\u00fcn\u00fcm\u00fcze ili\u015fkilerin ne t\u00fcr de\u011fi\u015fimler ge\u00e7irdi\u011fini nesnel verilerle ortaya koyuyor.\u0130nsan-teknoloji ili\u015fkilerine dair kapsay\u0131c\u0131 bir yakla\u015f\u0131m\u0131 savunan \u0130li\u015fkiler 5.0, ara\u015ft\u0131rma verileri, uzman g\u00f6r\u00fc\u015fmeleri ve kapsaml\u0131 deneysel ara\u015ft\u0131rmalar\u0131n sonu\u00e7lar\u0131yla ikna edici arg\u00fcmanlar sunuyor.Okuyucular\u0131 korkudan uzakla\u015ft\u0131r\u0131p yeni bir ger\u00e7ekli\u011fe y\u00f6nlendiren \u0130li\u015fkiler 5.0, arkada\u015fl\u0131k, g\u00fcven ve sevgi gibi temel kavramlar\u0131n ard\u0131ndaki temel sorular\u0131 a\u00e7\u0131\u011fa \u00e7\u0131kararak \u00f6n\u00fcm\u00fczdeki y\u0131llara dair i\u00e7g\u00f6r\u00fcleri a\u00e7\u0131klay\u0131c\u0131 fikirlerle aktar\u0131yor.\u00c7oksatan listelerinin m\u00fcdavimi olan ve kitaplar\u0131 \u00e7ok say\u0131da dilde yay\u0131mlanan Elyakim Kislev, bir\u00e7ok ki\u015fi h\u00e2l\u00e2 insan-teknoloji birlikteli\u011fine temkinli yakla\u015fsa da bu yeni etkile\u015fimlerin bir zamanlar d\u00fc\u015f\u00fcnd\u00fc\u011f\u00fcm\u00fcz kadar riskli olmad\u0131\u011f\u0131n\u0131, aksine sosyal ve duygusal ya\u015famlar\u0131m\u0131z\u0131 daha zengin ve \u00e7e\u015fitli h\u00e2le getirebilece\u011fini bu eserinde g\u00f6zler \u00f6n\u00fcne seriyor.<\/p>\n","protected":false},"excerpt":{"rendered":"<p>\u0130li\u015fkiler 5.0 kitab\u0131n\u0131n i\u00e7eri\u011finden son derece rahats\u0131z olan okuyucular ve ayn\u0131 zamanda insan-robot ili\u015fki olas\u0131l\u0131\u011f\u0131ndan b\u00fcy\u00fck heyecan duyanlar ayn\u0131 fikirde birle\u015fmelidir: T\u00fcr\u00fcm\u00fcz\u00fc karakterize eden ve tarih<span class=\"excerpt-hellip\"> [\u2026]<\/span><\/p>\n","protected":false},"featured_media":0,"template":"","meta":{"_monsterinsights_skip_tracking":false,"_monsterinsights_sitenote_active":false,"_monsterinsights_sitenote_note":"","_monsterinsights_sitenote_category":0},"product_brand":[],"product_cat":[13005,37328],"product_tag":[],"class_list":{"0":"post-768617","1":"product","2":"type-product","3":"status-publish","5":"product_cat-bilim-muhendislik","6":"product_cat-diger-bilim-muhendislik","7":"pa_cilt-ciltsiz","8":"pa_tur-kitap","9":"pa_yayinevi-the-kitap","10":"pa_yazar-elyakim-kislev","12":"first","13":"instock","14":"sale","15":"shipping-taxable","16":"purchasable","17":"product-type-simple"},"_links":{"self":[{"href":"https:\/\/roveyayinevi.com.tr\/index.php\/wp-json\/wp\/v2\/product\/768617","targetHints":{"allow":["GET"]}}],"collection":[{"href":"https:\/\/roveyayinevi.com.tr\/index.php\/wp-json\/wp\/v2\/product"}],"about":[{"href":"https:\/\/roveyayinevi.com.tr\/index.php\/wp-json\/wp\/v2\/types\/product"}],"wp:attachment":[{"href":"https:\/\/roveyayinevi.com.tr\/index.php\/wp-json\/wp\/v2\/media?parent=768617"}],"wp:term":[{"taxonomy":"product_brand","embeddable":true,"href":"https:\/\/roveyayinevi.com.tr\/index.php\/wp-json\/wp\/v2\/product_brand?post=768617"},{"taxonomy":"product_cat","embeddable":true,"href":"https:\/\/roveyayinevi.com.tr\/index.php\/wp-json\/wp\/v2\/product_cat?post=768617"},{"taxonomy":"product_tag","embeddable":true,"href":"https:\/\/roveyayinevi.com.tr\/index.php\/wp-json\/wp\/v2\/product_tag?post=768617"}],"curies":[{"name":"wp","href":"https:\/\/api.w.org\/{rel}","templated":true}]}}