{"id":768615,"date":"2025-08-28T13:26:31","date_gmt":"2025-08-28T10:26:31","guid":{"rendered":"https:\/\/roveyayinevi.com.tr\/index.php\/urun\/hardwired-saglikli-olma-icgudulerimiz-bizi-nasil-hasta-ediyor\/"},"modified":"2026-04-15T03:34:47","modified_gmt":"2026-04-15T00:34:47","slug":"hardwired-saglikli-olma-icgudulerimiz-bizi-nasil-hasta-ediyor","status":"publish","type":"product","link":"https:\/\/roveyayinevi.com.tr\/index.php\/urun\/hardwired-saglikli-olma-icgudulerimiz-bizi-nasil-hasta-ediyor\/","title":{"rendered":"Hardwired: Sa\u011fl\u0131kl\u0131 Olma \u0130\u00e7g\u00fcd\u00fclerimiz Bizi Nas\u0131l Hasta Ediyor?"},"content":{"rendered":"<p>\u201cG\u00fcn\u00fcm\u00fcz\u00fcn kendi kendine yaratt\u0131\u011f\u0131 sa\u011fl\u0131k felaketi, a\u011f\u0131r \u00e7ekimde bir tren kazas\u0131 izlemeye benziyor. Bu kitap g\u00fcncel ve \u00e7ok \u00f6nemli.\u201dDr. Loubert Suddaby, Beyin Cerrah\u0131, Yazar, Mucit<\/p>\n","protected":false},"excerpt":{"rendered":"<p>\u201cG\u00fcn\u00fcm\u00fcz\u00fcn kendi kendine yaratt\u0131\u011f\u0131 sa\u011fl\u0131k felaketi, a\u011f\u0131r \u00e7ekimde bir tren kazas\u0131 izlemeye benziyor. Bu kitap g\u00fcncel ve \u00e7ok \u00f6nemli.\u201dDr. Loubert Suddaby, Beyin Cerrah\u0131, Yazar, Mucit<\/p>\n","protected":false},"featured_media":0,"template":"","meta":{"_monsterinsights_skip_tracking":false,"_monsterinsights_sitenote_active":false,"_monsterinsights_sitenote_note":"","_monsterinsights_sitenote_category":0},"product_brand":[],"product_cat":[12573,12566],"product_tag":[],"class_list":{"0":"post-768615","1":"product","2":"type-product","3":"status-publish","5":"product_cat-akademik-kitaplar","6":"product_cat-egitim","7":"pa_cilt-ciltsiz","8":"pa_tur-kitap","9":"pa_yayinevi-the-kitap","10":"pa_yazar-dr-robert-s-barrettt-dr-louis-hugo-francescutti","12":"first","13":"instock","14":"sale","15":"shipping-taxable","16":"purchasable","17":"product-type-simple"},"_links":{"self":[{"href":"https:\/\/roveyayinevi.com.tr\/index.php\/wp-json\/wp\/v2\/product\/768615","targetHints":{"allow":["GET"]}}],"collection":[{"href":"https:\/\/roveyayinevi.com.tr\/index.php\/wp-json\/wp\/v2\/product"}],"about":[{"href":"https:\/\/roveyayinevi.com.tr\/index.php\/wp-json\/wp\/v2\/types\/product"}],"wp:attachment":[{"href":"https:\/\/roveyayinevi.com.tr\/index.php\/wp-json\/wp\/v2\/media?parent=768615"}],"wp:term":[{"taxonomy":"product_brand","embeddable":true,"href":"https:\/\/roveyayinevi.com.tr\/index.php\/wp-json\/wp\/v2\/product_brand?post=768615"},{"taxonomy":"product_cat","embeddable":true,"href":"https:\/\/roveyayinevi.com.tr\/index.php\/wp-json\/wp\/v2\/product_cat?post=768615"},{"taxonomy":"product_tag","embeddable":true,"href":"https:\/\/roveyayinevi.com.tr\/index.php\/wp-json\/wp\/v2\/product_tag?post=768615"}],"curies":[{"name":"wp","href":"https:\/\/api.w.org\/{rel}","templated":true}]}}