{"id":768614,"date":"2025-08-28T13:26:30","date_gmt":"2025-08-28T10:26:30","guid":{"rendered":"https:\/\/roveyayinevi.com.tr\/index.php\/urun\/hayatin-ipuclari-5\/"},"modified":"2026-04-15T03:34:47","modified_gmt":"2026-04-15T00:34:47","slug":"hayatin-ipuclari-5","status":"publish","type":"product","link":"https:\/\/roveyayinevi.com.tr\/index.php\/urun\/hayatin-ipuclari-5\/","title":{"rendered":"Hayat\u0131n \u0130pu\u00e7lar\u0131 5"},"content":{"rendered":"<p>\u201cLiderler bazen korkular\u0131 a\u015fabilmek i\u00e7in yel de\u011firmeniyle sava\u015fan Don Ki\u015fot\u2019a benzerler. Liderin ihtiyac\u0131; yenili\u011fe, de\u011fi\u015fime tutku ve iyi tak\u0131m oyuncular\u0131d\u0131r. Bunlar oldu\u011fu s\u00fcrece hi\u00e7bir global\/yerel \u015firketin s\u0131rt\u0131 yere gelmez.\u201dY\u0131ld\u0131z Holding\u2019i 4 k\u0131tada 4 milyardan fazla t\u00fcketici n\u00fcfusun ya\u015fad\u0131\u011f\u0131 alanda faaliyet g\u00f6steren ve 65 binden fazla \u00e7al\u0131\u015fan\u0131 olan global bir \u015firkete d\u00f6n\u00fc\u015ft\u00fcren ba\u015far\u0131l\u0131 i\u015f adam\u0131 Murat \u00dclker, daha \u00f6nce d\u00f6rt cildini yay\u0131mlad\u0131\u011f\u0131m\u0131z ve k\u0131sa s\u00fcrede b\u00fcy\u00fck ilgi g\u00f6ren yaz\u0131lar\u0131na kald\u0131\u011f\u0131 yerden devam ediyor. Okudu\u011fu kitaplardan ya da kat\u0131ld\u0131\u011f\u0131 konferanslardan yola \u00e7\u0131karak kendi g\u00f6zlem ve tecr\u00fcbeleriyle zenginle\u015ftirdi\u011fi yaz\u0131lar\u0131nda hem ba\u015far\u0131l\u0131 olmas\u0131n\u0131 sa\u011flayan prensiplerin ipucunu veriyor hem de gelece\u011fe dair pek \u00e7ok \u00f6ng\u00f6r\u00fcde bulunuyor.Hayat\u0131n \u0130pu\u00e7lar\u0131 5\u2019te de yine geni\u015f bir konu yelpazesi mevcut. Bu yelpaze, global \u015firketlerde inovasyonun etkilerinin ele al\u0131nd\u0131\u011f\u0131 \u201c\u0130\u015f\u201d yaz\u0131lar\u0131ndan do\u011fru g\u0131da t\u00fcketiminin i\u015flendi\u011fi \u201cBeslenme\u201d yaz\u0131lar\u0131na, \u00e7evrimi\u00e7i ortamlardaki kad\u0131n-erkek ili\u015fkilerinin irdelendi\u011fi \u201cToplum\u201d yaz\u0131lar\u0131ndan \u00e7e\u015fitli sanat eserleri hakk\u0131ndaki izlenimlerin aktar\u0131ld\u0131\u011f\u0131 \u201cK\u00fclt\u00fcr ve Sanat\u201d yaz\u0131lar\u0131na kadar uzan\u0131yor. Bunlara ek olarak bu ciltte Murat \u00dclker\u2019in \u00e7e\u015fitli gezi notlar\u0131n\u0131 ve g\u00fcndemdeki meselelerle ilgili g\u00f6r\u00fc\u015flerini de okuyabileceksiniz.S\u0131ra d\u0131\u015f\u0131 bir i\u015f adam\u0131 profili \u00e7izerek, tecr\u00fcbelerini ve beslendi\u011fi kaynaklar\u0131 d\u00fczenli bir \u015fekilde bizimle c\u00f6mert\u00e7e payla\u015fan Murat \u00dclker ufkumuzu a\u00e7maya devam ediyor.<\/p>\n","protected":false},"excerpt":{"rendered":"<p>\u201cLiderler bazen korkular\u0131 a\u015fabilmek i\u00e7in yel de\u011firmeniyle sava\u015fan Don Ki\u015fot\u2019a benzerler. Liderin ihtiyac\u0131; yenili\u011fe, de\u011fi\u015fime tutku ve iyi tak\u0131m oyuncular\u0131d\u0131r. Bunlar oldu\u011fu s\u00fcrece hi\u00e7bir global\/yerel \u015firketin<span class=\"excerpt-hellip\"> [\u2026]<\/span><\/p>\n","protected":false},"featured_media":0,"template":"","meta":{"_monsterinsights_skip_tracking":false,"_monsterinsights_sitenote_active":false,"_monsterinsights_sitenote_note":"","_monsterinsights_sitenote_category":0},"product_brand":[],"product_cat":[13043,17647],"product_tag":[],"class_list":{"0":"post-768614","1":"product","2":"type-product","3":"status-publish","5":"product_cat-ekonomi","6":"product_cat-is-dunyasi","7":"pa_cilt-ciltsiz","8":"pa_tur-kitap","9":"pa_yayinevi-sabri-ulker-vakfi-yayinlari","10":"pa_yazar-murat-ulker","12":"first","13":"instock","14":"sale","15":"shipping-taxable","16":"purchasable","17":"product-type-simple"},"_links":{"self":[{"href":"https:\/\/roveyayinevi.com.tr\/index.php\/wp-json\/wp\/v2\/product\/768614","targetHints":{"allow":["GET"]}}],"collection":[{"href":"https:\/\/roveyayinevi.com.tr\/index.php\/wp-json\/wp\/v2\/product"}],"about":[{"href":"https:\/\/roveyayinevi.com.tr\/index.php\/wp-json\/wp\/v2\/types\/product"}],"wp:attachment":[{"href":"https:\/\/roveyayinevi.com.tr\/index.php\/wp-json\/wp\/v2\/media?parent=768614"}],"wp:term":[{"taxonomy":"product_brand","embeddable":true,"href":"https:\/\/roveyayinevi.com.tr\/index.php\/wp-json\/wp\/v2\/product_brand?post=768614"},{"taxonomy":"product_cat","embeddable":true,"href":"https:\/\/roveyayinevi.com.tr\/index.php\/wp-json\/wp\/v2\/product_cat?post=768614"},{"taxonomy":"product_tag","embeddable":true,"href":"https:\/\/roveyayinevi.com.tr\/index.php\/wp-json\/wp\/v2\/product_tag?post=768614"}],"curies":[{"name":"wp","href":"https:\/\/api.w.org\/{rel}","templated":true}]}}