{"id":768610,"date":"2025-08-28T13:26:23","date_gmt":"2025-08-28T10:26:23","guid":{"rendered":"https:\/\/roveyayinevi.com.tr\/index.php\/urun\/iletisim-kazalari-duyduklarimizi-gorduklerimizi-ve-okuduklarimizi-neden-yanlis-anlariz\/"},"modified":"2026-04-15T03:34:47","modified_gmt":"2026-04-15T00:34:47","slug":"iletisim-kazalari-duyduklarimizi-gorduklerimizi-ve-okuduklarimizi-neden-yanlis-anlariz","status":"publish","type":"product","link":"https:\/\/roveyayinevi.com.tr\/index.php\/urun\/iletisim-kazalari-duyduklarimizi-gorduklerimizi-ve-okuduklarimizi-neden-yanlis-anlariz\/","title":{"rendered":"\u0130leti\u015fim Kazalar\u0131 \u2013 Duyduklar\u0131m\u0131z\u0131, G\u00f6rd\u00fcklerimizi ve Okuduklar\u0131m\u0131z\u0131 Neden Yanl\u0131\u015f Anlar\u0131z?"},"content":{"rendered":"<p>\u0130leti\u015fimsizli\u011fin tehlikelerine hayat\u0131n hen\u00fcz erken d\u00f6nemlerinden itibaren maruz kal\u0131r\u0131z. \u00c7ocukluk \u00e7a\u011flar\u0131nda oynad\u0131\u011f\u0131m\u0131z kulaktan kula\u011fa oyunu bile uzun ileti\u015fim zincirlerinin k\u0131r\u0131lganl\u0131\u011f\u0131n\u0131 g\u00f6sterir. Yeti\u015fkinler olarak ise yanl\u0131\u015f anla\u015f\u0131lmalara kar\u015f\u0131 her an tetikte bekleriz. \u0130nsanlar, diyalog halindeyken, her doksan saniyede bir birbirlerinin s\u00f6z\u00fcn\u00fc keserek anlat\u0131lanlardan ne anlad\u0131klar\u0131n\u0131 kontrol etme ihtiyac\u0131 hissederler. Bu kadar dikkatli olunmas\u0131na ra\u011fmen s\u00f6ylenenlerin ve yaz\u0131lanlar\u0131n bir k\u0131sm\u0131 yine de yanl\u0131\u015f anla\u015f\u0131lmalara neden olur. Detayl\u0131 bilgi i\u00e7in; siparis@thekitapyayinlari.com \u0130leti\u015fim i\u00e7in yeni ortamlar ortaya \u00e7\u0131kt\u0131k\u00e7a yanl\u0131\u015f anlama sorunlar\u0131 da katlanarak artm\u0131\u015ft\u0131r. Epostalar, mesajla\u015fma uygulamalar\u0131 ve sosyal medya ortamlar\u0131, y\u00fcz y\u00fcze ileti\u015fime g\u00f6re \u00e7ok daha b\u00fcy\u00fck sorunlara neden olmaktad\u0131r \u00e7\u00fcnk\u00fc bunlar esas\u0131nda yoksulla\u015ft\u0131r\u0131lm\u0131\u015f ileti\u015fim bi\u00e7imleridir. Mimiklerimiz, ses tonumuz, jestlerimiz ve hatta sessizli\u011fin yarat\u0131c\u0131 kullan\u0131m\u0131 olmaks\u0131z\u0131n, sadece metinlerden olu\u015fan bu ortamlarda niyetlerimizin yanl\u0131\u015f anla\u015f\u0131lma olas\u0131l\u0131\u011f\u0131 daha da y\u00fcksektir. Dr. Roger Kreuz, \u0130leti\u015fim Kazalar\u0131 kitab\u0131nda ileti\u015fim kurarken meydana gelen sorunlar\u0131, ba\u015far\u0131s\u0131zl\u0131klar\u0131 ve sonras\u0131nda ortaya \u00e7\u0131kan dramatik sonu\u00e7lar\u0131 ele almaktad\u0131r. \u0130leti\u015fimsizlik asker\u00ee yenilgilere, uzay ara\u00e7lar\u0131n\u0131n kayb\u0131na ve dahas\u0131 insan hayat\u0131na mal olan kazalara yol a\u00e7m\u0131\u015ft\u0131r. \u0130leti\u015fimsizli\u011fi hayat\u0131m\u0131z\u0131n her an\u0131nda g\u00f6rebiliriz: Trafikte, sosyal medyada, mahkeme salonlar\u0131nda, i\u015f toplant\u0131lar\u0131nda, e\u011flence mek\u00e2nlar\u0131nda\u2026 \u0130\u015fte bu nedenle Dr. Roger Kreuz, bu \u00e7al\u0131\u015fmas\u0131nda d\u00fczinelerce \u00f6rnek \u00fczerinden ileti\u015fimsizli\u011fi ve sonu\u00e7lar\u0131n\u0131 irdeliyor. \u0130leti\u015fim Kazalar\u0131, ileti\u015fim giri\u015fimlerimizin neden s\u0131k s\u0131k ba\u015far\u0131s\u0131zl\u0131kla sonu\u00e7land\u0131\u011f\u0131na dair daha fazla bilgi edinmek isteyen genel okuyucuya hitap etmektedir.<\/p>\n","protected":false},"excerpt":{"rendered":"<p>\u0130leti\u015fimsizli\u011fin tehlikelerine hayat\u0131n hen\u00fcz erken d\u00f6nemlerinden itibaren maruz kal\u0131r\u0131z. \u00c7ocukluk \u00e7a\u011flar\u0131nda oynad\u0131\u011f\u0131m\u0131z kulaktan kula\u011fa oyunu bile uzun ileti\u015fim zincirlerinin k\u0131r\u0131lganl\u0131\u011f\u0131n\u0131 g\u00f6sterir. Yeti\u015fkinler olarak ise yanl\u0131\u015f anla\u015f\u0131lmalara<span class=\"excerpt-hellip\"> [\u2026]<\/span><\/p>\n","protected":false},"featured_media":0,"template":"","meta":{"_monsterinsights_skip_tracking":false,"_monsterinsights_sitenote_active":false,"_monsterinsights_sitenote_note":"","_monsterinsights_sitenote_category":0},"product_brand":[],"product_cat":[22061,13488],"product_tag":[],"class_list":{"0":"post-768610","1":"product","2":"type-product","3":"status-publish","5":"product_cat-sosyal-medya-ve-iletisim","6":"product_cat-toplum-ve-insan","7":"pa_cilt-ciltsiz","8":"pa_tur-kitap","9":"pa_yayinevi-the-kitap","10":"pa_yazar-roger-kreuz","12":"first","13":"instock","14":"sale","15":"shipping-taxable","16":"purchasable","17":"product-type-simple"},"_links":{"self":[{"href":"https:\/\/roveyayinevi.com.tr\/index.php\/wp-json\/wp\/v2\/product\/768610","targetHints":{"allow":["GET"]}}],"collection":[{"href":"https:\/\/roveyayinevi.com.tr\/index.php\/wp-json\/wp\/v2\/product"}],"about":[{"href":"https:\/\/roveyayinevi.com.tr\/index.php\/wp-json\/wp\/v2\/types\/product"}],"wp:attachment":[{"href":"https:\/\/roveyayinevi.com.tr\/index.php\/wp-json\/wp\/v2\/media?parent=768610"}],"wp:term":[{"taxonomy":"product_brand","embeddable":true,"href":"https:\/\/roveyayinevi.com.tr\/index.php\/wp-json\/wp\/v2\/product_brand?post=768610"},{"taxonomy":"product_cat","embeddable":true,"href":"https:\/\/roveyayinevi.com.tr\/index.php\/wp-json\/wp\/v2\/product_cat?post=768610"},{"taxonomy":"product_tag","embeddable":true,"href":"https:\/\/roveyayinevi.com.tr\/index.php\/wp-json\/wp\/v2\/product_tag?post=768610"}],"curies":[{"name":"wp","href":"https:\/\/api.w.org\/{rel}","templated":true}]}}