{"id":768609,"date":"2025-08-28T13:26:21","date_gmt":"2025-08-28T10:26:21","guid":{"rendered":"https:\/\/roveyayinevi.com.tr\/index.php\/urun\/ayin-ramazani\/"},"modified":"2026-04-15T03:34:47","modified_gmt":"2026-04-15T00:34:47","slug":"ayin-ramazani","status":"publish","type":"product","link":"https:\/\/roveyayinevi.com.tr\/index.php\/urun\/ayin-ramazani\/","title":{"rendered":"Ay&#8217;\u0131n Ramazan&#8217;\u0131"},"content":{"rendered":"<p>Yeni Hilal\u2019i g\u00f6rd\u00fcn m\u00fc? \u0130\u015fte Ramazan ay\u0131 geldi!***Ay\u2019\u0131n Ramazan\u2019\u0131, \u0131\u015f\u0131lt\u0131l\u0131 \u00e7izimleri ve s\u0131ms\u0131cak hik\u00e2yesiyle Ramazan ay\u0131n\u0131 \u00e7ocuklar i\u00e7in bir \u015f\u00f6lene d\u00f6n\u00fc\u015ft\u00fcr\u00fcyor. Bu kitap, d\u00fcnyan\u0131n d\u00f6rt bir yan\u0131nda heyecanla beklenen Ramazan ay\u0131 ve Ramazan bayram\u0131 geleneklerini \u00e7ocuklara e\u011flenceli bir dille anlat\u0131yor. M\u0131s\u0131r, Hindistan, Arjantin, Birle\u015fik Arap Emirlikleri, Somali, Yeni Zelanda, Endonezya, T\u00fcrkiye, Birle\u015fik Krall\u0131k ve Amerika Birle\u015fik Devletleri gibi \u00fclkelerde Ramazan geleneklerinin nas\u0131l ya\u015fat\u0131ld\u0131\u011f\u0131n\u0131 merak ediyorsan; haydi sen de gel!<\/p>\n","protected":false},"excerpt":{"rendered":"<p>Yeni Hilal\u2019i g\u00f6rd\u00fcn m\u00fc? \u0130\u015fte Ramazan ay\u0131 geldi!***Ay\u2019\u0131n Ramazan\u2019\u0131, \u0131\u015f\u0131lt\u0131l\u0131 \u00e7izimleri ve s\u0131ms\u0131cak hik\u00e2yesiyle Ramazan ay\u0131n\u0131 \u00e7ocuklar i\u00e7in bir \u015f\u00f6lene d\u00f6n\u00fc\u015ft\u00fcr\u00fcyor. Bu kitap, d\u00fcnyan\u0131n d\u00f6rt bir<span class=\"excerpt-hellip\"> [\u2026]<\/span><\/p>\n","protected":false},"featured_media":0,"template":"","meta":{"_monsterinsights_skip_tracking":false,"_monsterinsights_sitenote_active":false,"_monsterinsights_sitenote_note":"","_monsterinsights_sitenote_category":0},"product_brand":[],"product_cat":[12274,12284],"product_tag":[],"class_list":{"0":"post-768609","1":"product","2":"type-product","3":"status-publish","5":"product_cat-cocuk-ve-genclik-kitaplari","6":"product_cat-hikayeler","7":"pa_cilt-ciltsiz","8":"pa_tur-kitap","9":"pa_yayinevi-the-kitap","10":"pa_yazar-natasha-khan-kazi","12":"first","13":"instock","14":"sale","15":"shipping-taxable","16":"purchasable","17":"product-type-simple"},"_links":{"self":[{"href":"https:\/\/roveyayinevi.com.tr\/index.php\/wp-json\/wp\/v2\/product\/768609","targetHints":{"allow":["GET"]}}],"collection":[{"href":"https:\/\/roveyayinevi.com.tr\/index.php\/wp-json\/wp\/v2\/product"}],"about":[{"href":"https:\/\/roveyayinevi.com.tr\/index.php\/wp-json\/wp\/v2\/types\/product"}],"wp:attachment":[{"href":"https:\/\/roveyayinevi.com.tr\/index.php\/wp-json\/wp\/v2\/media?parent=768609"}],"wp:term":[{"taxonomy":"product_brand","embeddable":true,"href":"https:\/\/roveyayinevi.com.tr\/index.php\/wp-json\/wp\/v2\/product_brand?post=768609"},{"taxonomy":"product_cat","embeddable":true,"href":"https:\/\/roveyayinevi.com.tr\/index.php\/wp-json\/wp\/v2\/product_cat?post=768609"},{"taxonomy":"product_tag","embeddable":true,"href":"https:\/\/roveyayinevi.com.tr\/index.php\/wp-json\/wp\/v2\/product_tag?post=768609"}],"curies":[{"name":"wp","href":"https:\/\/api.w.org\/{rel}","templated":true}]}}