{"id":768605,"date":"2025-08-28T13:26:13","date_gmt":"2025-08-28T10:26:13","guid":{"rendered":"https:\/\/roveyayinevi.com.tr\/index.php\/urun\/alaaddinin-sihirli-lambasi-7\/"},"modified":"2026-04-15T03:34:47","modified_gmt":"2026-04-15T00:34:47","slug":"alaaddinin-sihirli-lambasi-7","status":"publish","type":"product","link":"https:\/\/roveyayinevi.com.tr\/index.php\/urun\/alaaddinin-sihirli-lambasi-7\/","title":{"rendered":"Alaaddin&#8217;in Sihirli Lambas\u0131"},"content":{"rendered":"<p>Terzilik mesle\u011fine el atma zaman\u0131 geldi\u011finde Alaaddin, i\u011fnenin bir ucunu di\u011ferinden ay\u0131ramayacak durumdayd\u0131. Vaktini sokaklarda oyun oynayarak ge\u00e7irmeyi ye\u011fleyen Alaaddin\u2019i Cafer ad\u0131nda bir b\u00fcy\u00fcc\u00fc bulmu\u015ftu bile\u2026 Sihirli bir lamba bulmak i\u00e7in gizli bir ma\u011faraya yapt\u0131klar\u0131 yolculu\u011fun ard\u0131ndan Alaaddin&#8217;in hayat\u0131 bir anda fakirlikten zenginli\u011fe d\u00f6n\u00fc\u015fm\u00fc\u015ft\u00fc\u2026 Ancak paran\u0131n sat\u0131n alamayaca\u011f\u0131 baz\u0131 \u015feyler vard\u0131: Bir prensesin kalbi gibi\u2026<\/p>\n","protected":false},"excerpt":{"rendered":"<p>Terzilik mesle\u011fine el atma zaman\u0131 geldi\u011finde Alaaddin, i\u011fnenin bir ucunu di\u011ferinden ay\u0131ramayacak durumdayd\u0131. Vaktini sokaklarda oyun oynayarak ge\u00e7irmeyi ye\u011fleyen Alaaddin\u2019i Cafer ad\u0131nda bir b\u00fcy\u00fcc\u00fc bulmu\u015ftu bile\u2026<span class=\"excerpt-hellip\"> [\u2026]<\/span><\/p>\n","protected":false},"featured_media":0,"template":"","meta":{"_monsterinsights_skip_tracking":false,"_monsterinsights_sitenote_active":false,"_monsterinsights_sitenote_note":"","_monsterinsights_sitenote_category":0},"product_brand":[],"product_cat":[12274,12523],"product_tag":[],"class_list":{"0":"post-768605","1":"product","2":"type-product","3":"status-publish","5":"product_cat-cocuk-ve-genclik-kitaplari","6":"product_cat-masallar","7":"pa_cilt-ciltsiz","8":"pa_tur-kitap","9":"pa_yayinevi-the-kitap","10":"pa_yazar-kellie-jones","12":"first","13":"instock","14":"sale","15":"shipping-taxable","16":"purchasable","17":"product-type-simple"},"_links":{"self":[{"href":"https:\/\/roveyayinevi.com.tr\/index.php\/wp-json\/wp\/v2\/product\/768605","targetHints":{"allow":["GET"]}}],"collection":[{"href":"https:\/\/roveyayinevi.com.tr\/index.php\/wp-json\/wp\/v2\/product"}],"about":[{"href":"https:\/\/roveyayinevi.com.tr\/index.php\/wp-json\/wp\/v2\/types\/product"}],"wp:attachment":[{"href":"https:\/\/roveyayinevi.com.tr\/index.php\/wp-json\/wp\/v2\/media?parent=768605"}],"wp:term":[{"taxonomy":"product_brand","embeddable":true,"href":"https:\/\/roveyayinevi.com.tr\/index.php\/wp-json\/wp\/v2\/product_brand?post=768605"},{"taxonomy":"product_cat","embeddable":true,"href":"https:\/\/roveyayinevi.com.tr\/index.php\/wp-json\/wp\/v2\/product_cat?post=768605"},{"taxonomy":"product_tag","embeddable":true,"href":"https:\/\/roveyayinevi.com.tr\/index.php\/wp-json\/wp\/v2\/product_tag?post=768605"}],"curies":[{"name":"wp","href":"https:\/\/api.w.org\/{rel}","templated":true}]}}