{"id":768604,"date":"2025-08-28T13:26:11","date_gmt":"2025-08-28T10:26:11","guid":{"rendered":"https:\/\/roveyayinevi.com.tr\/index.php\/urun\/ali-baba-ve-kirk-haramiler\/"},"modified":"2026-04-15T03:34:47","modified_gmt":"2026-04-15T00:34:47","slug":"ali-baba-ve-kirk-haramiler","status":"publish","type":"product","link":"https:\/\/roveyayinevi.com.tr\/index.php\/urun\/ali-baba-ve-kirk-haramiler\/","title":{"rendered":"Ali Baba ve K\u0131rk Haramiler"},"content":{"rendered":"<p>Ali Baba adl\u0131 yoksul bir oduncu, Suriye\u2019de bir ormandayken kumlar\u0131n uzaklarda olu\u015fturdu\u011fu bir toz bulutunu fark eder. Kendini tehlikede hisseder ve saklan\u0131rken k\u0131rk atl\u0131 adam\u0131n hazineyi bo\u015faltt\u0131\u011f\u0131n\u0131 g\u00f6r\u00fcr. Onlar gittikten sonra hazinenin kap\u0131s\u0131na gidip o sihirli s\u00f6z\u00fc s\u00f6yler: \u201cA\u00e7\u0131l susam a\u00e7\u0131l!\u201d Ali Baba&#8217;n\u0131n \u015fans\u0131 yaver gitmi\u015ftir -ta ki soyguncular geri d\u00f6n\u00fcp soyulduklar\u0131n\u0131 fark edene kadar. K\u0131rk Haramiler\u2019in lideri, hazinesini kimin soydu\u011funu bulmak i\u00e7in her \u015feyi dener. Ancak Ali Baba\u2019n\u0131n hizmet\u00e7isi Morgiana\u2019n\u0131n zek\u00e2s\u0131 K\u0131rk Haramiler\u2019in i\u015flerini zorla\u015ft\u0131racakt\u0131r.<\/p>\n","protected":false},"excerpt":{"rendered":"<p>Ali Baba adl\u0131 yoksul bir oduncu, Suriye\u2019de bir ormandayken kumlar\u0131n uzaklarda olu\u015fturdu\u011fu bir toz bulutunu fark eder. Kendini tehlikede hisseder ve saklan\u0131rken k\u0131rk atl\u0131 adam\u0131n hazineyi<span class=\"excerpt-hellip\"> [\u2026]<\/span><\/p>\n","protected":false},"featured_media":0,"template":"","meta":{"_monsterinsights_skip_tracking":false,"_monsterinsights_sitenote_active":false,"_monsterinsights_sitenote_note":"","_monsterinsights_sitenote_category":0},"product_brand":[],"product_cat":[12274,12523],"product_tag":[],"class_list":{"0":"post-768604","1":"product","2":"type-product","3":"status-publish","5":"product_cat-cocuk-ve-genclik-kitaplari","6":"product_cat-masallar","7":"pa_cilt-ciltsiz","8":"pa_tur-kitap","9":"pa_yayinevi-the-kitap","10":"pa_yazar-kellie-jones","12":"first","13":"instock","14":"sale","15":"shipping-taxable","16":"purchasable","17":"product-type-simple"},"_links":{"self":[{"href":"https:\/\/roveyayinevi.com.tr\/index.php\/wp-json\/wp\/v2\/product\/768604","targetHints":{"allow":["GET"]}}],"collection":[{"href":"https:\/\/roveyayinevi.com.tr\/index.php\/wp-json\/wp\/v2\/product"}],"about":[{"href":"https:\/\/roveyayinevi.com.tr\/index.php\/wp-json\/wp\/v2\/types\/product"}],"wp:attachment":[{"href":"https:\/\/roveyayinevi.com.tr\/index.php\/wp-json\/wp\/v2\/media?parent=768604"}],"wp:term":[{"taxonomy":"product_brand","embeddable":true,"href":"https:\/\/roveyayinevi.com.tr\/index.php\/wp-json\/wp\/v2\/product_brand?post=768604"},{"taxonomy":"product_cat","embeddable":true,"href":"https:\/\/roveyayinevi.com.tr\/index.php\/wp-json\/wp\/v2\/product_cat?post=768604"},{"taxonomy":"product_tag","embeddable":true,"href":"https:\/\/roveyayinevi.com.tr\/index.php\/wp-json\/wp\/v2\/product_tag?post=768604"}],"curies":[{"name":"wp","href":"https:\/\/api.w.org\/{rel}","templated":true}]}}