{"id":768603,"date":"2025-08-28T13:26:09","date_gmt":"2025-08-28T10:26:09","guid":{"rendered":"https:\/\/roveyayinevi.com.tr\/index.php\/urun\/balikci-ve-cin\/"},"modified":"2026-04-15T03:34:47","modified_gmt":"2026-04-15T00:34:47","slug":"balikci-ve-cin","status":"publish","type":"product","link":"https:\/\/roveyayinevi.com.tr\/index.php\/urun\/balikci-ve-cin\/","title":{"rendered":"Bal\u0131k\u00e7\u0131 ve Cin"},"content":{"rendered":"<p>Fakir bir bal\u0131k\u00e7\u0131, ailesini doyurmak i\u00e7in bal\u0131\u011fa \u00e7\u0131kar ama bal\u0131k yerine sar\u0131 bir \u00e7\u00f6mlek tak\u0131l\u0131r a\u011flar\u0131na\u2026 Buldu\u011fu \u00e7\u00f6mle\u011fin i\u00e7inde alt\u0131n oldu\u011funu zanneder ancak hayal k\u0131r\u0131kl\u0131\u011f\u0131na u\u011fray\u0131nca \u00e7\u00f6mle\u011fi bir kenara f\u0131rlat\u0131r.  Sonra\u2026 \u00c7\u00f6mle\u011fin i\u00e7inden bir cin \u00e7\u0131kar ve cin \u00f6fkelidir\u2026 Cinin kendini \u00f6ld\u00fcrmemesi i\u00e7in ona Yunan Kral\u0131 ve Doktor Duban\u2019\u0131n hik\u00e2yesini anlat\u0131r\u2026<\/p>\n","protected":false},"excerpt":{"rendered":"<p>Fakir bir bal\u0131k\u00e7\u0131, ailesini doyurmak i\u00e7in bal\u0131\u011fa \u00e7\u0131kar ama bal\u0131k yerine sar\u0131 bir \u00e7\u00f6mlek tak\u0131l\u0131r a\u011flar\u0131na\u2026 Buldu\u011fu \u00e7\u00f6mle\u011fin i\u00e7inde alt\u0131n oldu\u011funu zanneder ancak hayal k\u0131r\u0131kl\u0131\u011f\u0131na u\u011fray\u0131nca<span class=\"excerpt-hellip\"> [\u2026]<\/span><\/p>\n","protected":false},"featured_media":0,"template":"","meta":{"_monsterinsights_skip_tracking":false,"_monsterinsights_sitenote_active":false,"_monsterinsights_sitenote_note":"","_monsterinsights_sitenote_category":0},"product_brand":[],"product_cat":[12274,12523],"product_tag":[],"class_list":{"0":"post-768603","1":"product","2":"type-product","3":"status-publish","5":"product_cat-cocuk-ve-genclik-kitaplari","6":"product_cat-masallar","7":"pa_cilt-ciltsiz","8":"pa_tur-kitap","9":"pa_yayinevi-the-kitap","10":"pa_yazar-kellie-jones","12":"first","13":"instock","14":"sale","15":"shipping-taxable","16":"purchasable","17":"product-type-simple"},"_links":{"self":[{"href":"https:\/\/roveyayinevi.com.tr\/index.php\/wp-json\/wp\/v2\/product\/768603","targetHints":{"allow":["GET"]}}],"collection":[{"href":"https:\/\/roveyayinevi.com.tr\/index.php\/wp-json\/wp\/v2\/product"}],"about":[{"href":"https:\/\/roveyayinevi.com.tr\/index.php\/wp-json\/wp\/v2\/types\/product"}],"wp:attachment":[{"href":"https:\/\/roveyayinevi.com.tr\/index.php\/wp-json\/wp\/v2\/media?parent=768603"}],"wp:term":[{"taxonomy":"product_brand","embeddable":true,"href":"https:\/\/roveyayinevi.com.tr\/index.php\/wp-json\/wp\/v2\/product_brand?post=768603"},{"taxonomy":"product_cat","embeddable":true,"href":"https:\/\/roveyayinevi.com.tr\/index.php\/wp-json\/wp\/v2\/product_cat?post=768603"},{"taxonomy":"product_tag","embeddable":true,"href":"https:\/\/roveyayinevi.com.tr\/index.php\/wp-json\/wp\/v2\/product_tag?post=768603"}],"curies":[{"name":"wp","href":"https:\/\/api.w.org\/{rel}","templated":true}]}}