{"id":768602,"date":"2025-08-28T13:26:07","date_gmt":"2025-08-28T10:26:07","guid":{"rendered":"https:\/\/roveyayinevi.com.tr\/index.php\/urun\/ara-bul-resimli-bulmacalar-dogada\/"},"modified":"2026-04-15T03:34:47","modified_gmt":"2026-04-15T00:34:47","slug":"ara-bul-resimli-bulmacalar-dogada","status":"publish","type":"product","link":"https:\/\/roveyayinevi.com.tr\/index.php\/urun\/ara-bul-resimli-bulmacalar-dogada\/","title":{"rendered":"Ara Bul &#8211; Resimli Bulmacalar -Do\u011fada"},"content":{"rendered":"<p>Do\u011fan\u0131n b\u00fcy\u00fcleyici d\u00fcnyas\u0131nda unutulmaz bir maceraya haz\u0131r olun! Ara Bul \u2013 Do\u011fada kitab\u0131m\u0131z, \u00e7ocuklar\u0131n dikkat ve odaklanma becerilerini e\u011flenceli bir \u015fekilde geli\u015ftirecek birbirinden ilgin\u00e7 bulmacalarla dolu. Hayvanlar e\u015fli\u011finde, kar\u015f\u0131la\u015ft\u0131rma, e\u015fle\u015ftirme, sayma ve aray\u0131p bulma gibi aktivitelerle dolu bu kitap, \u00e7ocuklar\u0131n hem e\u011flenmesini hem de \u00f6\u011frenmesini sa\u011fl\u0131yor. Renkli ve canl\u0131 resimlerle do\u011fay\u0131 ke\u015ffederken, dikkatli olman\u0131n ve odaklanman\u0131n \u00f6nemini de kavrayacaklar.<\/p>\n","protected":false},"excerpt":{"rendered":"<p>Do\u011fan\u0131n b\u00fcy\u00fcleyici d\u00fcnyas\u0131nda unutulmaz bir maceraya haz\u0131r olun! Ara Bul \u2013 Do\u011fada kitab\u0131m\u0131z, \u00e7ocuklar\u0131n dikkat ve odaklanma becerilerini e\u011flenceli bir \u015fekilde geli\u015ftirecek birbirinden ilgin\u00e7 bulmacalarla dolu.<span class=\"excerpt-hellip\"> [\u2026]<\/span><\/p>\n","protected":false},"featured_media":0,"template":"","meta":{"_monsterinsights_skip_tracking":false,"_monsterinsights_sitenote_active":false,"_monsterinsights_sitenote_note":"","_monsterinsights_sitenote_category":0},"product_brand":[],"product_cat":[12274,15842],"product_tag":[],"class_list":{"0":"post-768602","1":"product","2":"type-product","3":"status-publish","5":"product_cat-cocuk-ve-genclik-kitaplari","6":"product_cat-egitici-kitaplar","7":"pa_cilt-ciltsiz","8":"pa_tur-kitap","9":"pa_yayinevi-the-kitap","10":"pa_yazar-the-kitap","12":"first","13":"instock","14":"sale","15":"shipping-taxable","16":"purchasable","17":"product-type-simple"},"_links":{"self":[{"href":"https:\/\/roveyayinevi.com.tr\/index.php\/wp-json\/wp\/v2\/product\/768602","targetHints":{"allow":["GET"]}}],"collection":[{"href":"https:\/\/roveyayinevi.com.tr\/index.php\/wp-json\/wp\/v2\/product"}],"about":[{"href":"https:\/\/roveyayinevi.com.tr\/index.php\/wp-json\/wp\/v2\/types\/product"}],"wp:attachment":[{"href":"https:\/\/roveyayinevi.com.tr\/index.php\/wp-json\/wp\/v2\/media?parent=768602"}],"wp:term":[{"taxonomy":"product_brand","embeddable":true,"href":"https:\/\/roveyayinevi.com.tr\/index.php\/wp-json\/wp\/v2\/product_brand?post=768602"},{"taxonomy":"product_cat","embeddable":true,"href":"https:\/\/roveyayinevi.com.tr\/index.php\/wp-json\/wp\/v2\/product_cat?post=768602"},{"taxonomy":"product_tag","embeddable":true,"href":"https:\/\/roveyayinevi.com.tr\/index.php\/wp-json\/wp\/v2\/product_tag?post=768602"}],"curies":[{"name":"wp","href":"https:\/\/api.w.org\/{rel}","templated":true}]}}