{"id":768601,"date":"2025-08-28T13:26:06","date_gmt":"2025-08-28T10:26:06","guid":{"rendered":"https:\/\/roveyayinevi.com.tr\/index.php\/urun\/ara-ve-bul-resimli-bulmacalar-denizde\/"},"modified":"2026-04-15T03:34:47","modified_gmt":"2026-04-15T00:34:47","slug":"ara-ve-bul-resimli-bulmacalar-denizde","status":"publish","type":"product","link":"https:\/\/roveyayinevi.com.tr\/index.php\/urun\/ara-ve-bul-resimli-bulmacalar-denizde\/","title":{"rendered":"Ara ve Bul \u2013 Resimli Bulmacalar &#8211; Denizde"},"content":{"rendered":"<p>Denizlerin derinliklerinde ke\u015ffe \u00e7\u0131kmaya haz\u0131r m\u0131s\u0131n\u0131z? Ara Bul &#8211; Denizde kitab\u0131m\u0131z, \u00e7ocuklar\u0131n dikkat ve odaklanma becerilerini e\u011flenceli ve \u00f6\u011fretici bir \u015fekilde geli\u015ftirecek harika bulmacalarla dolu. Denizde ya\u015fayan canl\u0131lar e\u015fli\u011finde, kar\u015f\u0131la\u015ft\u0131rma, e\u015fle\u015ftirme, sayma ve aray\u0131p bulma gibi aktivitelerle \u00e7ocuklar\u0131n hem e\u011flenmesini hem de \u00f6\u011frenmesini sa\u011fl\u0131yor. Renkli ve canl\u0131 resimlerle deniz alt\u0131n\u0131n b\u00fcy\u00fcleyici d\u00fcnyas\u0131nda yolculuk yaparken, dikkatli olman\u0131n ve odaklanman\u0131n \u00f6nemini de kavrayacaklar.<\/p>\n","protected":false},"excerpt":{"rendered":"<p>Denizlerin derinliklerinde ke\u015ffe \u00e7\u0131kmaya haz\u0131r m\u0131s\u0131n\u0131z? Ara Bul &#8211; Denizde kitab\u0131m\u0131z, \u00e7ocuklar\u0131n dikkat ve odaklanma becerilerini e\u011flenceli ve \u00f6\u011fretici bir \u015fekilde geli\u015ftirecek harika bulmacalarla dolu. Denizde<span class=\"excerpt-hellip\"> [\u2026]<\/span><\/p>\n","protected":false},"featured_media":0,"template":"","meta":{"_monsterinsights_skip_tracking":false,"_monsterinsights_sitenote_active":false,"_monsterinsights_sitenote_note":"","_monsterinsights_sitenote_category":0},"product_brand":[],"product_cat":[12274,15842],"product_tag":[],"class_list":{"0":"post-768601","1":"product","2":"type-product","3":"status-publish","5":"product_cat-cocuk-ve-genclik-kitaplari","6":"product_cat-egitici-kitaplar","7":"pa_cilt-ciltsiz","8":"pa_tur-kitap","9":"pa_yayinevi-the-kitap","10":"pa_yazar-the-kitap","12":"first","13":"instock","14":"sale","15":"shipping-taxable","16":"purchasable","17":"product-type-simple"},"_links":{"self":[{"href":"https:\/\/roveyayinevi.com.tr\/index.php\/wp-json\/wp\/v2\/product\/768601","targetHints":{"allow":["GET"]}}],"collection":[{"href":"https:\/\/roveyayinevi.com.tr\/index.php\/wp-json\/wp\/v2\/product"}],"about":[{"href":"https:\/\/roveyayinevi.com.tr\/index.php\/wp-json\/wp\/v2\/types\/product"}],"wp:attachment":[{"href":"https:\/\/roveyayinevi.com.tr\/index.php\/wp-json\/wp\/v2\/media?parent=768601"}],"wp:term":[{"taxonomy":"product_brand","embeddable":true,"href":"https:\/\/roveyayinevi.com.tr\/index.php\/wp-json\/wp\/v2\/product_brand?post=768601"},{"taxonomy":"product_cat","embeddable":true,"href":"https:\/\/roveyayinevi.com.tr\/index.php\/wp-json\/wp\/v2\/product_cat?post=768601"},{"taxonomy":"product_tag","embeddable":true,"href":"https:\/\/roveyayinevi.com.tr\/index.php\/wp-json\/wp\/v2\/product_tag?post=768601"}],"curies":[{"name":"wp","href":"https:\/\/api.w.org\/{rel}","templated":true}]}}