{"id":768600,"date":"2025-08-28T13:26:04","date_gmt":"2025-08-28T10:26:04","guid":{"rendered":"https:\/\/roveyayinevi.com.tr\/index.php\/urun\/cocuklar-icin-nutuk-5\/"},"modified":"2025-10-29T11:06:28","modified_gmt":"2025-10-29T08:06:28","slug":"cocuklar-icin-nutuk-5","status":"publish","type":"product","link":"https:\/\/roveyayinevi.com.tr\/index.php\/urun\/cocuklar-icin-nutuk-5\/","title":{"rendered":"\u00c7ocuklar \u0130\u00e7in Nutuk"},"content":{"rendered":"<p>Yazar \u0130smet Berkan, Gazi Mustafa Kemal Atat\u00fcrk\u2019\u00fcn T\u00fcrkiye Cumhuriyeti\u2019nin kurulu\u015f s\u00fcrecini anlatt\u0131\u011f\u0131 Nutuk\u2019u \u00e7ocuklar i\u00e7in sadele\u015ftirdi. Gen\u00e7 nesillere Atat\u00fcrk\u2019\u00fcn m\u00fccadelesini ve Cumhuriyet\u2019in temellerini daha anla\u015f\u0131l\u0131r bir dille aktaran \u00c7ocuklar \u0130\u00e7inNutuk, \u00e7ocuklara tarihimizin en \u00f6nemli d\u00f6n\u00fcm noktalar\u0131n\u0131 \u00f6\u011fretirken Atat\u00fcrk\u2019\u00fcn liderlik ve vatanseverlik ilkelerini de benimsetmeyi hedefliyor.\u00c7ocuklar \u0130\u00e7in Nutuk, Atat\u00fcrk\u2019\u00fcn y\u00fcz y\u0131l\u0131 a\u015fan k\u0131ymetli miras\u0131n\u0131 sadelikle sunuyor. Her b\u00f6l\u00fcm\u00fcn ba\u015f\u0131nda yer alan k\u0131sa a\u00e7\u0131klamalarla gen\u00e7 okuyucular\u0131n tarihi olaylar\u0131n ba\u011flam\u0131n\u0131 daha iyi kavramas\u0131n\u0131 sa\u011fl\u0131yor. Kitap, Atat\u00fcrk\u2019\u00fcn Samsun\u2019a \u00e7\u0131k\u0131\u015f\u0131ndan Cumhuriyet\u2019in ilan\u0131na  kadar ge\u00e7en s\u00fcreci ve bu s\u00fcre\u00e7te ya\u015fanan zorluklar\u0131, ba\u015far\u0131lar\u0131 ve fedak\u00e2rl\u0131klar\u0131 titizlikle aktar\u0131yor. B\u00f6ylece \u00e7ocuklar, hem ge\u00e7mi\u015fimizi \u00f6\u011freniyor hem de Atat\u00fcrk\u2019\u00fcn vizyonunu ve kararl\u0131l\u0131\u011f\u0131n\u0131 daha yak\u0131ndan tan\u0131ma f\u0131rsat\u0131 buluyor.Bu eser, Nutuk\u2019un orijinal metnindeki karma\u015f\u0131k dil ve uzun anlat\u0131mlardan ar\u0131nd\u0131r\u0131larak Atat\u00fcrk\u2019\u00fcn mesaj\u0131n\u0131 \u00e7ocuklar\u0131n seviyesine uygun bir \u015fekilde sunuyor. \u00c7ocuklar \u0130\u00e7in Nutuk, gelece\u011fimizin teminat\u0131 olan \u00e7ocuklar\u0131m\u0131za, Atat\u00fcrk\u2019\u00fcn azim ve kararl\u0131l\u0131kla in\u015fa etti\u011fi T\u00fcrkiye Cumhuriyeti\u2019nin de\u011ferlerini aktararak onlara ilham kayna\u011f\u0131 olmay\u0131 ama\u00e7l\u0131yor. Her T\u00fcrk \u00e7ocu\u011funun k\u00fct\u00fcphanesinde bulunmas\u0131 gereken bu kitap, ge\u00e7mi\u015ften gelece\u011fe uzanan bir k\u00f6pr\u00fc niteli\u011finde\u2026<\/p>\n","protected":false},"excerpt":{"rendered":"<p>Yazar \u0130smet Berkan, Gazi Mustafa Kemal Atat\u00fcrk\u2019\u00fcn T\u00fcrkiye Cumhuriyeti\u2019nin kurulu\u015f s\u00fcrecini anlatt\u0131\u011f\u0131 Nutuk\u2019u \u00e7ocuklar i\u00e7in sadele\u015ftirdi. Gen\u00e7 nesillere Atat\u00fcrk\u2019\u00fcn m\u00fccadelesini ve Cumhuriyet\u2019in temellerini daha anla\u015f\u0131l\u0131r bir<span class=\"excerpt-hellip\"> [\u2026]<\/span><\/p>\n","protected":false},"featured_media":0,"template":"","meta":{"_monsterinsights_skip_tracking":false,"_monsterinsights_sitenote_active":false,"_monsterinsights_sitenote_note":"","_monsterinsights_sitenote_category":0},"product_brand":[],"product_cat":[12304],"product_tag":[],"class_list":{"0":"post-768600","1":"product","2":"type-product","3":"status-publish","5":"product_cat-tarih","6":"pa_cilt-ciltsiz","7":"pa_tur-kitap","8":"pa_yayinevi-the-kitap","9":"pa_yazar-ismet-berkan","11":"first","12":"instock","13":"sale","14":"shipping-taxable","15":"purchasable","16":"product-type-simple"},"_links":{"self":[{"href":"https:\/\/roveyayinevi.com.tr\/index.php\/wp-json\/wp\/v2\/product\/768600","targetHints":{"allow":["GET"]}}],"collection":[{"href":"https:\/\/roveyayinevi.com.tr\/index.php\/wp-json\/wp\/v2\/product"}],"about":[{"href":"https:\/\/roveyayinevi.com.tr\/index.php\/wp-json\/wp\/v2\/types\/product"}],"wp:attachment":[{"href":"https:\/\/roveyayinevi.com.tr\/index.php\/wp-json\/wp\/v2\/media?parent=768600"}],"wp:term":[{"taxonomy":"product_brand","embeddable":true,"href":"https:\/\/roveyayinevi.com.tr\/index.php\/wp-json\/wp\/v2\/product_brand?post=768600"},{"taxonomy":"product_cat","embeddable":true,"href":"https:\/\/roveyayinevi.com.tr\/index.php\/wp-json\/wp\/v2\/product_cat?post=768600"},{"taxonomy":"product_tag","embeddable":true,"href":"https:\/\/roveyayinevi.com.tr\/index.php\/wp-json\/wp\/v2\/product_tag?post=768600"}],"curies":[{"name":"wp","href":"https:\/\/api.w.org\/{rel}","templated":true}]}}