{"id":768598,"date":"2025-08-28T13:26:01","date_gmt":"2025-08-28T10:26:01","guid":{"rendered":"https:\/\/roveyayinevi.com.tr\/index.php\/urun\/beni-yargila-ma\/"},"modified":"2026-04-15T03:34:46","modified_gmt":"2026-04-15T00:34:46","slug":"beni-yargila-ma","status":"publish","type":"product","link":"https:\/\/roveyayinevi.com.tr\/index.php\/urun\/beni-yargila-ma\/","title":{"rendered":"Beni Yarg\u0131la-ma"},"content":{"rendered":"<p>Herkes yarg\u0131lanmaktan endi\u015fe duyar. Aptalca bir tweet harika bir kariyeri yok edebilir, dikkatsiz bir g\u00f6r\u00fcnt\u00fc bir sars\u0131lmaz san\u0131lan itibar\u0131 mahvedebilir. Yine de yarg\u0131lanma ka\u00e7\u0131n\u0131lmazd\u0131r; yarg\u0131lamadan ve yarg\u0131lanmadan sosyal varl\u0131klar olamay\u0131z. Bu nedenle yarg\u0131lanmaktan ka\u00e7mak hayalden ba\u015fka bir \u015fey de\u011fildir. Hi\u00e7 yarg\u0131lamadan\/yarg\u0131lanmadan anlaml\u0131 bir hayat nas\u0131l s\u00fcrd\u00fcr\u00fclebilir?Zaman zaman ac\u0131 verse de ba\u015fkalar\u0131n\u0131n bizi yarg\u0131lamas\u0131, asl\u0131nda \u00f6nemli oldu\u011fumuzun bir g\u00f6stergesidir ve bazen de hakl\u0131 oldu\u011fumuzun onaylanmas\u0131 i\u00e7in gerekli bir yoldur. Ancak di\u011fer yandan; yanl\u0131\u015f de\u011ferlendirmeler, arzular ve sosyal alandaki yanl\u0131\u015f ad\u0131mlar\u0131n hepsi bir yanl\u0131\u015f anla\u015f\u0131lma a\u011f\u0131 \u00f6r\u00fcp g\u00fcnl\u00fck hayatlar\u0131m\u0131z i\u00e7inde bizleri g\u00f6lgeleyerek izole eder. Ortak d\u00fc\u015f\u00fcnce ve beklentiler yolunda <\/p>\n","protected":false},"excerpt":{"rendered":"<p>Herkes yarg\u0131lanmaktan endi\u015fe duyar. Aptalca bir tweet harika bir kariyeri yok edebilir, dikkatsiz bir g\u00f6r\u00fcnt\u00fc bir sars\u0131lmaz san\u0131lan itibar\u0131 mahvedebilir. Yine de yarg\u0131lanma ka\u00e7\u0131n\u0131lmazd\u0131r; yarg\u0131lamadan ve<span class=\"excerpt-hellip\"> [\u2026]<\/span><\/p>\n","protected":false},"featured_media":0,"template":"","meta":{"_monsterinsights_skip_tracking":false,"_monsterinsights_sitenote_active":false,"_monsterinsights_sitenote_note":"","_monsterinsights_sitenote_category":0},"product_brand":[],"product_cat":[12357],"product_tag":[],"class_list":{"0":"post-768598","1":"product","2":"type-product","3":"status-publish","5":"product_cat-psikoloji","6":"pa_cilt-ciltsiz","7":"pa_tur-kitap","8":"pa_yayinevi-the-kitap","9":"pa_yazar-ziyad-marar","11":"first","12":"instock","13":"sale","14":"shipping-taxable","15":"purchasable","16":"product-type-simple"},"_links":{"self":[{"href":"https:\/\/roveyayinevi.com.tr\/index.php\/wp-json\/wp\/v2\/product\/768598","targetHints":{"allow":["GET"]}}],"collection":[{"href":"https:\/\/roveyayinevi.com.tr\/index.php\/wp-json\/wp\/v2\/product"}],"about":[{"href":"https:\/\/roveyayinevi.com.tr\/index.php\/wp-json\/wp\/v2\/types\/product"}],"wp:attachment":[{"href":"https:\/\/roveyayinevi.com.tr\/index.php\/wp-json\/wp\/v2\/media?parent=768598"}],"wp:term":[{"taxonomy":"product_brand","embeddable":true,"href":"https:\/\/roveyayinevi.com.tr\/index.php\/wp-json\/wp\/v2\/product_brand?post=768598"},{"taxonomy":"product_cat","embeddable":true,"href":"https:\/\/roveyayinevi.com.tr\/index.php\/wp-json\/wp\/v2\/product_cat?post=768598"},{"taxonomy":"product_tag","embeddable":true,"href":"https:\/\/roveyayinevi.com.tr\/index.php\/wp-json\/wp\/v2\/product_tag?post=768598"}],"curies":[{"name":"wp","href":"https:\/\/api.w.org\/{rel}","templated":true}]}}