{"id":768597,"date":"2025-08-28T13:26:00","date_gmt":"2025-08-28T10:26:00","guid":{"rendered":"https:\/\/roveyayinevi.com.tr\/index.php\/urun\/yeni-nesil-gayrimenkul\/"},"modified":"2026-04-15T03:34:46","modified_gmt":"2026-04-15T00:34:46","slug":"yeni-nesil-gayrimenkul","status":"publish","type":"product","link":"https:\/\/roveyayinevi.com.tr\/index.php\/urun\/yeni-nesil-gayrimenkul\/","title":{"rendered":"Yeni Nesil Gayrimenkul"},"content":{"rendered":"<p>Gayrimenkul sekt\u00f6r\u00fc, s\u00fcrekli de\u011fi\u015fen dinamikleri ve yenilik\u00e7i yakla\u015f\u0131mlar\u0131 ile her zaman ilgi \u00e7ekici bir alan olmu\u015ftur. Gayrimenkul geli\u015ftirme uzman\u0131 ve \u015fehir planc\u0131s\u0131 Hakan G\u00fcm\u00fc\u015f\u2019\u00fcn kaleme ald\u0131\u011f\u0131 Yeni Nesil Gayrimenkul kitab\u0131, bu alandaki en g\u00fcncel geli\u015fmeleri ve gelece\u011fe dair \u00f6ng\u00f6r\u00fcleri ele alarak sekt\u00f6rdeki profesyonellerden merakl\u0131 okuyuculara kadar geni\u015f bir kitleye hitap ediyor. Gayrimenkul borsas\u0131ndan dijital tapu senetlerine, mini evlerden u\u00e7an arabalara kadar bir\u00e7ok yenilik\u00e7i konuyu detayland\u0131ran G\u00fcm\u00fc\u015f, okuyuculara kapsaml\u0131 bir perspektif sunuyor.Yeni Nesil Gayrimenkul, pandemi d\u00f6neminde ve sonras\u0131nda gayrimenkul sekt\u00f6r\u00fcnde ya\u015fanan de\u011fi\u015fimlere de dikkat \u00e7ekiyor. AVM\u2019lerin sosyalle\u015fme alanlar\u0131 olarak evrimi, t\u00fcketici al\u0131\u015fkanl\u0131klar\u0131ndaki d\u00f6n\u00fc\u015f\u00fcm ve bu s\u00fcre\u00e7te sekt\u00f6rdeki adaptasyon stratejileri, okuyuculara <\/p>\n","protected":false},"excerpt":{"rendered":"<p>Gayrimenkul sekt\u00f6r\u00fc, s\u00fcrekli de\u011fi\u015fen dinamikleri ve yenilik\u00e7i yakla\u015f\u0131mlar\u0131 ile her zaman ilgi \u00e7ekici bir alan olmu\u015ftur. Gayrimenkul geli\u015ftirme uzman\u0131 ve \u015fehir planc\u0131s\u0131 Hakan G\u00fcm\u00fc\u015f\u2019\u00fcn kaleme ald\u0131\u011f\u0131<span class=\"excerpt-hellip\"> [\u2026]<\/span><\/p>\n","protected":false},"featured_media":0,"template":"","meta":{"_monsterinsights_skip_tracking":false,"_monsterinsights_sitenote_active":false,"_monsterinsights_sitenote_note":"","_monsterinsights_sitenote_category":0},"product_brand":[],"product_cat":[13043,17492],"product_tag":[],"class_list":{"0":"post-768597","1":"product","2":"type-product","3":"status-publish","5":"product_cat-ekonomi","6":"product_cat-pazarlama-satis-reklam","7":"pa_cilt-ciltsiz","8":"pa_tur-kitap","9":"pa_yayinevi-the-kitap","10":"pa_yazar-hakan-gumus","12":"first","13":"instock","14":"sale","15":"shipping-taxable","16":"purchasable","17":"product-type-simple"},"_links":{"self":[{"href":"https:\/\/roveyayinevi.com.tr\/index.php\/wp-json\/wp\/v2\/product\/768597","targetHints":{"allow":["GET"]}}],"collection":[{"href":"https:\/\/roveyayinevi.com.tr\/index.php\/wp-json\/wp\/v2\/product"}],"about":[{"href":"https:\/\/roveyayinevi.com.tr\/index.php\/wp-json\/wp\/v2\/types\/product"}],"wp:attachment":[{"href":"https:\/\/roveyayinevi.com.tr\/index.php\/wp-json\/wp\/v2\/media?parent=768597"}],"wp:term":[{"taxonomy":"product_brand","embeddable":true,"href":"https:\/\/roveyayinevi.com.tr\/index.php\/wp-json\/wp\/v2\/product_brand?post=768597"},{"taxonomy":"product_cat","embeddable":true,"href":"https:\/\/roveyayinevi.com.tr\/index.php\/wp-json\/wp\/v2\/product_cat?post=768597"},{"taxonomy":"product_tag","embeddable":true,"href":"https:\/\/roveyayinevi.com.tr\/index.php\/wp-json\/wp\/v2\/product_tag?post=768597"}],"curies":[{"name":"wp","href":"https:\/\/api.w.org\/{rel}","templated":true}]}}