{"id":768595,"date":"2025-08-28T13:25:57","date_gmt":"2025-08-28T10:25:57","guid":{"rendered":"https:\/\/roveyayinevi.com.tr\/index.php\/urun\/huckleberry-finnin-maceralari-8\/"},"modified":"2026-04-15T03:34:46","modified_gmt":"2026-04-15T00:34:46","slug":"huckleberry-finnin-maceralari-8","status":"publish","type":"product","link":"https:\/\/roveyayinevi.com.tr\/index.php\/urun\/huckleberry-finnin-maceralari-8\/","title":{"rendered":"Huckleberry Finn\u2019in Maceralar\u0131"},"content":{"rendered":"<p>Mark Twain&#8217;in klasikle\u015fen eseri Huckleberry Finn&#8217;in Maceralar\u0131, gen\u00e7 okurlar i\u00e7in uyarland\u0131 ve hik\u00e2ye resimlerle zenginle\u015ftirildi!***Jim korkuyla d\u00f6n\u00fcp bana bakt\u0131. \u201cHuckleberry Finn?\u201d dedi, hayalet g\u00f6rm\u00fc\u015f gibiydi.\u201cEvet Jim, benim,\u201d dedim. O an tan\u0131d\u0131k bir y\u00fcz g\u00f6rmeyi ne kadar \u00f6zledi\u011fimi fark ettim.***Huckleberry Finn, yeni bir macera i\u00e7in yan\u0131p tutu\u015fmaktad\u0131r &#8211; ama k\u00f6t\u00fc kalpli babas\u0131n\u0131n onu ve paras\u0131n\u0131 \u00e7almak i\u00e7in geri d\u00f6nmesini hesap etmemi\u015ftir. Huck ka\u00e7ar ve Jim ad\u0131nda bir k\u00f6lenin de kasabadan ka\u00e7maya \u00e7al\u0131\u015ft\u0131\u011f\u0131n\u0131 ke\u015ffeder. \u0130kisi iyi arkada\u015f olurlar &#8211; ama her ikisi de arzulad\u0131klar\u0131 \u00f6zg\u00fcrl\u00fc\u011f\u00fc bulabilecekler midir?<\/p>\n","protected":false},"excerpt":{"rendered":"<p>Mark Twain&#8217;in klasikle\u015fen eseri Huckleberry Finn&#8217;in Maceralar\u0131, gen\u00e7 okurlar i\u00e7in uyarland\u0131 ve hik\u00e2ye resimlerle zenginle\u015ftirildi!***Jim korkuyla d\u00f6n\u00fcp bana bakt\u0131. \u201cHuckleberry Finn?\u201d dedi, hayalet g\u00f6rm\u00fc\u015f gibiydi.\u201cEvet Jim,<span class=\"excerpt-hellip\"> [\u2026]<\/span><\/p>\n","protected":false},"featured_media":0,"template":"","meta":{"_monsterinsights_skip_tracking":false,"_monsterinsights_sitenote_active":false,"_monsterinsights_sitenote_note":"","_monsterinsights_sitenote_category":0},"product_brand":[],"product_cat":[12274,12467],"product_tag":[],"class_list":{"0":"post-768595","1":"product","2":"type-product","3":"status-publish","5":"product_cat-cocuk-ve-genclik-kitaplari","6":"product_cat-dunya-klasikleri","7":"pa_cilt-ciltsiz","8":"pa_tur-kitap","9":"pa_yayinevi-the-kitap","10":"pa_yazar-mark-twain","12":"first","13":"instock","14":"sale","15":"shipping-taxable","16":"purchasable","17":"product-type-simple"},"_links":{"self":[{"href":"https:\/\/roveyayinevi.com.tr\/index.php\/wp-json\/wp\/v2\/product\/768595","targetHints":{"allow":["GET"]}}],"collection":[{"href":"https:\/\/roveyayinevi.com.tr\/index.php\/wp-json\/wp\/v2\/product"}],"about":[{"href":"https:\/\/roveyayinevi.com.tr\/index.php\/wp-json\/wp\/v2\/types\/product"}],"wp:attachment":[{"href":"https:\/\/roveyayinevi.com.tr\/index.php\/wp-json\/wp\/v2\/media?parent=768595"}],"wp:term":[{"taxonomy":"product_brand","embeddable":true,"href":"https:\/\/roveyayinevi.com.tr\/index.php\/wp-json\/wp\/v2\/product_brand?post=768595"},{"taxonomy":"product_cat","embeddable":true,"href":"https:\/\/roveyayinevi.com.tr\/index.php\/wp-json\/wp\/v2\/product_cat?post=768595"},{"taxonomy":"product_tag","embeddable":true,"href":"https:\/\/roveyayinevi.com.tr\/index.php\/wp-json\/wp\/v2\/product_tag?post=768595"}],"curies":[{"name":"wp","href":"https:\/\/api.w.org\/{rel}","templated":true}]}}