{"id":768594,"date":"2025-08-28T13:25:55","date_gmt":"2025-08-28T10:25:55","guid":{"rendered":"https:\/\/roveyayinevi.com.tr\/index.php\/urun\/kucuk-kadinlar-13\/"},"modified":"2026-04-15T03:34:46","modified_gmt":"2026-04-15T00:34:46","slug":"kucuk-kadinlar-13","status":"publish","type":"product","link":"https:\/\/roveyayinevi.com.tr\/index.php\/urun\/kucuk-kadinlar-13\/","title":{"rendered":"K\u00fc\u00e7\u00fck Kad\u0131nlar"},"content":{"rendered":"<p>Louisa May Alcott&#8217;un klasikle\u015fen eseri K\u00fc\u00e7\u00fck Kad\u0131nlar, gen\u00e7 okurlar i\u00e7in uyarland\u0131 ve hik\u00e2ye resimlerle zenginle\u015ftirildi! *** Bayan March, \u201cMutluluk parayla gelmez,\u201d dedi.  \u201cK\u0131zlar\u0131m\u0131 mutsuz ve zengin erkeklerle evli g\u00f6rmektense, mutlu ve yoksul erkeklerle evli g\u00f6rmeyi tercih ederim.\u201d*** March karde\u015fler zor zamanlar ge\u00e7irmektedir. Babalar\u0131 sava\u015ftad\u0131r, fakirlik had safhadad\u0131r ve en b\u00fcy\u00fck k\u0131z karde\u015fler annelerine destek olmak i\u00e7in \u00e7al\u0131\u015fmak zorundad\u0131r. Ya\u015fad\u0131klar\u0131 yoksulluk, \u00fcstesinden gelinmesi gereken yeni zorluklar yaratmaktad\u0131r. Peki, k\u0131zlar maddi zenginli\u011fin yan\u0131 s\u0131ra ruh zenginli\u011fini de bulabilecekler midir?<\/p>\n","protected":false},"excerpt":{"rendered":"<p>Louisa May Alcott&#8217;un klasikle\u015fen eseri K\u00fc\u00e7\u00fck Kad\u0131nlar, gen\u00e7 okurlar i\u00e7in uyarland\u0131 ve hik\u00e2ye resimlerle zenginle\u015ftirildi! *** Bayan March, \u201cMutluluk parayla gelmez,\u201d dedi. \u201cK\u0131zlar\u0131m\u0131 mutsuz ve zengin<span class=\"excerpt-hellip\"> [\u2026]<\/span><\/p>\n","protected":false},"featured_media":0,"template":"","meta":{"_monsterinsights_skip_tracking":false,"_monsterinsights_sitenote_active":false,"_monsterinsights_sitenote_note":"","_monsterinsights_sitenote_category":0},"product_brand":[],"product_cat":[12274,12467],"product_tag":[],"class_list":{"0":"post-768594","1":"product","2":"type-product","3":"status-publish","5":"product_cat-cocuk-ve-genclik-kitaplari","6":"product_cat-dunya-klasikleri","7":"pa_cilt-ciltsiz","8":"pa_tur-kitap","9":"pa_yayinevi-the-kitap","10":"pa_yazar-louisa-may-alcott","12":"first","13":"instock","14":"sale","15":"shipping-taxable","16":"purchasable","17":"product-type-simple"},"_links":{"self":[{"href":"https:\/\/roveyayinevi.com.tr\/index.php\/wp-json\/wp\/v2\/product\/768594","targetHints":{"allow":["GET"]}}],"collection":[{"href":"https:\/\/roveyayinevi.com.tr\/index.php\/wp-json\/wp\/v2\/product"}],"about":[{"href":"https:\/\/roveyayinevi.com.tr\/index.php\/wp-json\/wp\/v2\/types\/product"}],"wp:attachment":[{"href":"https:\/\/roveyayinevi.com.tr\/index.php\/wp-json\/wp\/v2\/media?parent=768594"}],"wp:term":[{"taxonomy":"product_brand","embeddable":true,"href":"https:\/\/roveyayinevi.com.tr\/index.php\/wp-json\/wp\/v2\/product_brand?post=768594"},{"taxonomy":"product_cat","embeddable":true,"href":"https:\/\/roveyayinevi.com.tr\/index.php\/wp-json\/wp\/v2\/product_cat?post=768594"},{"taxonomy":"product_tag","embeddable":true,"href":"https:\/\/roveyayinevi.com.tr\/index.php\/wp-json\/wp\/v2\/product_tag?post=768594"}],"curies":[{"name":"wp","href":"https:\/\/api.w.org\/{rel}","templated":true}]}}