{"id":768593,"date":"2025-08-28T13:25:53","date_gmt":"2025-08-28T10:25:53","guid":{"rendered":"https:\/\/roveyayinevi.com.tr\/index.php\/urun\/masumiyet-cagi\/"},"modified":"2026-04-15T03:34:46","modified_gmt":"2026-04-15T00:34:46","slug":"masumiyet-cagi","status":"publish","type":"product","link":"https:\/\/roveyayinevi.com.tr\/index.php\/urun\/masumiyet-cagi\/","title":{"rendered":"Masumiyet \u00c7a\u011f\u0131"},"content":{"rendered":"<p>Edith Wharton&#8217;\u0131n klasikle\u015fen eseri Masumiyet \u00c7a\u011f\u0131, gen\u00e7 okurlar i\u00e7in uyarland\u0131 ve hik\u00e2ye resimlerle zenginle\u015ftirildi! *** H\u00fcz\u00fcnle, \u201cMay\u2019le evleneceksin, Newland,\u201d dedi Ellen.  \u201cAsla birlikte olamay\u0131z. \u00dczg\u00fcn\u00fcm!\u201d dedi ve ileri bir ad\u0131m at\u0131p Newland\u2019a s\u0131k\u0131ca sar\u0131ld\u0131. *** Newland Archer, New York sosyetesinde refah i\u00e7inde, sayg\u0131n bir aileden gelen soylu bir adamd\u0131r. Kar\u0131s\u0131n\u0131n kuzeni Ellen, kocas\u0131ndan bo\u015fanmay\u0131 planlayarak Amerika&#8217;ya d\u00f6nd\u00fc\u011f\u00fcnde, aile hakk\u0131nda dedikodular yay\u0131lmaya ba\u015flam\u0131\u015ft\u0131r. Newland, Ellen ile daha fazla zaman ge\u00e7irdik\u00e7e aralar\u0131nda bir dostluk geli\u015fir. Ancak bu arkada\u015fl\u0131k hem sosyal stat\u00fcs\u00fcn\u00fc hem de evlili\u011fini tehlikeye atacakt\u0131r.<\/p>\n","protected":false},"excerpt":{"rendered":"<p>Edith Wharton&#8217;\u0131n klasikle\u015fen eseri Masumiyet \u00c7a\u011f\u0131, gen\u00e7 okurlar i\u00e7in uyarland\u0131 ve hik\u00e2ye resimlerle zenginle\u015ftirildi! *** H\u00fcz\u00fcnle, \u201cMay\u2019le evleneceksin, Newland,\u201d dedi Ellen. \u201cAsla birlikte olamay\u0131z. \u00dczg\u00fcn\u00fcm!\u201d dedi<span class=\"excerpt-hellip\"> [\u2026]<\/span><\/p>\n","protected":false},"featured_media":0,"template":"","meta":{"_monsterinsights_skip_tracking":false,"_monsterinsights_sitenote_active":false,"_monsterinsights_sitenote_note":"","_monsterinsights_sitenote_category":0},"product_brand":[],"product_cat":[12274,12467],"product_tag":[],"class_list":{"0":"post-768593","1":"product","2":"type-product","3":"status-publish","5":"product_cat-cocuk-ve-genclik-kitaplari","6":"product_cat-dunya-klasikleri","7":"pa_cilt-ciltsiz","8":"pa_tur-kitap","9":"pa_yayinevi-the-kitap","10":"pa_yazar-edith-warton","12":"first","13":"instock","14":"sale","15":"shipping-taxable","16":"purchasable","17":"product-type-simple"},"_links":{"self":[{"href":"https:\/\/roveyayinevi.com.tr\/index.php\/wp-json\/wp\/v2\/product\/768593","targetHints":{"allow":["GET"]}}],"collection":[{"href":"https:\/\/roveyayinevi.com.tr\/index.php\/wp-json\/wp\/v2\/product"}],"about":[{"href":"https:\/\/roveyayinevi.com.tr\/index.php\/wp-json\/wp\/v2\/types\/product"}],"wp:attachment":[{"href":"https:\/\/roveyayinevi.com.tr\/index.php\/wp-json\/wp\/v2\/media?parent=768593"}],"wp:term":[{"taxonomy":"product_brand","embeddable":true,"href":"https:\/\/roveyayinevi.com.tr\/index.php\/wp-json\/wp\/v2\/product_brand?post=768593"},{"taxonomy":"product_cat","embeddable":true,"href":"https:\/\/roveyayinevi.com.tr\/index.php\/wp-json\/wp\/v2\/product_cat?post=768593"},{"taxonomy":"product_tag","embeddable":true,"href":"https:\/\/roveyayinevi.com.tr\/index.php\/wp-json\/wp\/v2\/product_tag?post=768593"}],"curies":[{"name":"wp","href":"https:\/\/api.w.org\/{rel}","templated":true}]}}