{"id":768592,"date":"2025-08-28T13:25:51","date_gmt":"2025-08-28T10:25:51","guid":{"rendered":"https:\/\/roveyayinevi.com.tr\/index.php\/urun\/muhtesem-gatsby-9\/"},"modified":"2026-04-15T03:34:46","modified_gmt":"2026-04-15T00:34:46","slug":"muhtesem-gatsby-9","status":"publish","type":"product","link":"https:\/\/roveyayinevi.com.tr\/index.php\/urun\/muhtesem-gatsby-9\/","title":{"rendered":"Muhte\u015fem Gatsby"},"content":{"rendered":"<p>F. Scott Fitzgerald&#8217;\u0131n klasikle\u015fen eseri Muhte\u015fem Gatsby, gen\u00e7 okurlar i\u00e7in uyarland\u0131 ve hik\u00e2ye resimlerle zenginle\u015ftirildi! ***  \u201cSakin ol Gatsby. Ge\u00e7mi\u015fi tekrar edemezsin,\u201d dedim. \u201cElbette edebilirim. G\u00f6receksin!\u201d dedi.*** Nick Carraway, yeni bir hayata ba\u015flamak i\u00e7in New York&#8217;a ta\u015f\u0131nm\u0131\u015ft\u0131r. Kom\u015fusu gizemli Gatsby&#8217;dir &#8211; her \u015feye sahip gibi g\u00f6r\u00fcnen bir adam! Ama onun en \u00e7ok arzulad\u0131\u011f\u0131 \u015fey, kaybetti\u011fi a\u015fk\u0131d\u0131r. Daisy, mutsuz bir evlilik hayat\u0131 s\u00fcrmektedir ama Gatsby i\u00e7in bunu geride b\u0131rakmaya raz\u0131 olacak m\u0131d\u0131r?<\/p>\n","protected":false},"excerpt":{"rendered":"<p>F. Scott Fitzgerald&#8217;\u0131n klasikle\u015fen eseri Muhte\u015fem Gatsby, gen\u00e7 okurlar i\u00e7in uyarland\u0131 ve hik\u00e2ye resimlerle zenginle\u015ftirildi! *** \u201cSakin ol Gatsby. Ge\u00e7mi\u015fi tekrar edemezsin,\u201d dedim. \u201cElbette edebilirim. G\u00f6receksin!\u201d<span class=\"excerpt-hellip\"> [\u2026]<\/span><\/p>\n","protected":false},"featured_media":0,"template":"","meta":{"_monsterinsights_skip_tracking":false,"_monsterinsights_sitenote_active":false,"_monsterinsights_sitenote_note":"","_monsterinsights_sitenote_category":0},"product_brand":[],"product_cat":[12274,12467],"product_tag":[],"class_list":{"0":"post-768592","1":"product","2":"type-product","3":"status-publish","5":"product_cat-cocuk-ve-genclik-kitaplari","6":"product_cat-dunya-klasikleri","7":"pa_cilt-ciltsiz","8":"pa_tur-kitap","9":"pa_yayinevi-the-kitap","10":"pa_yazar-f-scott-fitzgerald","12":"first","13":"instock","14":"sale","15":"shipping-taxable","16":"purchasable","17":"product-type-simple"},"_links":{"self":[{"href":"https:\/\/roveyayinevi.com.tr\/index.php\/wp-json\/wp\/v2\/product\/768592","targetHints":{"allow":["GET"]}}],"collection":[{"href":"https:\/\/roveyayinevi.com.tr\/index.php\/wp-json\/wp\/v2\/product"}],"about":[{"href":"https:\/\/roveyayinevi.com.tr\/index.php\/wp-json\/wp\/v2\/types\/product"}],"wp:attachment":[{"href":"https:\/\/roveyayinevi.com.tr\/index.php\/wp-json\/wp\/v2\/media?parent=768592"}],"wp:term":[{"taxonomy":"product_brand","embeddable":true,"href":"https:\/\/roveyayinevi.com.tr\/index.php\/wp-json\/wp\/v2\/product_brand?post=768592"},{"taxonomy":"product_cat","embeddable":true,"href":"https:\/\/roveyayinevi.com.tr\/index.php\/wp-json\/wp\/v2\/product_cat?post=768592"},{"taxonomy":"product_tag","embeddable":true,"href":"https:\/\/roveyayinevi.com.tr\/index.php\/wp-json\/wp\/v2\/product_tag?post=768592"}],"curies":[{"name":"wp","href":"https:\/\/api.w.org\/{rel}","templated":true}]}}