{"id":768591,"date":"2025-08-28T13:25:50","date_gmt":"2025-08-28T10:25:50","guid":{"rendered":"https:\/\/roveyayinevi.com.tr\/index.php\/urun\/son-mohikan-2\/"},"modified":"2026-04-15T03:34:46","modified_gmt":"2026-04-15T00:34:46","slug":"son-mohikan-2","status":"publish","type":"product","link":"https:\/\/roveyayinevi.com.tr\/index.php\/urun\/son-mohikan-2\/","title":{"rendered":"Son Mohikan"},"content":{"rendered":"<p>James Fenimore Cooper&#8217;\u0131n klasikle\u015fen eseri Son Mohikan, gen\u00e7 okurlar i\u00e7in uyarland\u0131 ve hik\u00e2ye resimlerle zenginle\u015ftirildi! *** Alice, \u00f6zg\u00fcveni g\u00fcl\u00fcmsemesinden okunan Cora\u2019ya bakt\u0131. Cora, \u201cElimizde kalan, bizim i\u00e7in d\u00fcnyadaki en \u00f6nemli \u015fey babam\u0131z. E\u011fer o tehlikedeyse, onun yan\u0131na gidip destek olmak istiyoruz.\u201d *** Babalar\u0131n\u0131n askeri \u00fcss\u00fc sald\u0131r\u0131ya u\u011fray\u0131nca, Cora ve Alice babalar\u0131na kavu\u015fmak i\u00e7in Amerika&#8217;n\u0131n do\u011fusuna do\u011fru tehlikeli bir yolculu\u011fa \u00e7\u0131karlar. Ancak k\u0131z karde\u015fler bunu tek ba\u015flar\u0131na ba\u015faramazlar. Yeni m\u00fcttefikleri aras\u0131nda Amerikan yerlileri ile birlikte ya\u015famay\u0131 se\u00e7en Avrupal\u0131 bir asker olan Hawkeye ve Mohikan kabilesinin son \u00fcyeleri olan Chingachgook ve Uncas da vard\u0131r.<\/p>\n","protected":false},"excerpt":{"rendered":"<p>James Fenimore Cooper&#8217;\u0131n klasikle\u015fen eseri Son Mohikan, gen\u00e7 okurlar i\u00e7in uyarland\u0131 ve hik\u00e2ye resimlerle zenginle\u015ftirildi! *** Alice, \u00f6zg\u00fcveni g\u00fcl\u00fcmsemesinden okunan Cora\u2019ya bakt\u0131. Cora, \u201cElimizde kalan, bizim<span class=\"excerpt-hellip\"> [\u2026]<\/span><\/p>\n","protected":false},"featured_media":0,"template":"","meta":{"_monsterinsights_skip_tracking":false,"_monsterinsights_sitenote_active":false,"_monsterinsights_sitenote_note":"","_monsterinsights_sitenote_category":0},"product_brand":[],"product_cat":[12274,12467],"product_tag":[],"class_list":{"0":"post-768591","1":"product","2":"type-product","3":"status-publish","5":"product_cat-cocuk-ve-genclik-kitaplari","6":"product_cat-dunya-klasikleri","7":"pa_cilt-ciltsiz","8":"pa_tur-kitap","9":"pa_yayinevi-the-kitap","10":"pa_yazar-james-fenimore-cooper","12":"first","13":"instock","14":"sale","15":"shipping-taxable","16":"purchasable","17":"product-type-simple"},"_links":{"self":[{"href":"https:\/\/roveyayinevi.com.tr\/index.php\/wp-json\/wp\/v2\/product\/768591","targetHints":{"allow":["GET"]}}],"collection":[{"href":"https:\/\/roveyayinevi.com.tr\/index.php\/wp-json\/wp\/v2\/product"}],"about":[{"href":"https:\/\/roveyayinevi.com.tr\/index.php\/wp-json\/wp\/v2\/types\/product"}],"wp:attachment":[{"href":"https:\/\/roveyayinevi.com.tr\/index.php\/wp-json\/wp\/v2\/media?parent=768591"}],"wp:term":[{"taxonomy":"product_brand","embeddable":true,"href":"https:\/\/roveyayinevi.com.tr\/index.php\/wp-json\/wp\/v2\/product_brand?post=768591"},{"taxonomy":"product_cat","embeddable":true,"href":"https:\/\/roveyayinevi.com.tr\/index.php\/wp-json\/wp\/v2\/product_cat?post=768591"},{"taxonomy":"product_tag","embeddable":true,"href":"https:\/\/roveyayinevi.com.tr\/index.php\/wp-json\/wp\/v2\/product_tag?post=768591"}],"curies":[{"name":"wp","href":"https:\/\/api.w.org\/{rel}","templated":true}]}}