{"id":768590,"date":"2025-08-28T13:25:48","date_gmt":"2025-08-28T10:25:48","guid":{"rendered":"https:\/\/roveyayinevi.com.tr\/index.php\/urun\/eglenceli-cizgiler-2\/"},"modified":"2026-04-15T03:34:46","modified_gmt":"2026-04-15T00:34:46","slug":"eglenceli-cizgiler-2","status":"publish","type":"product","link":"https:\/\/roveyayinevi.com.tr\/index.php\/urun\/eglenceli-cizgiler-2\/","title":{"rendered":"E\u011flenceli \u00c7izgiler"},"content":{"rendered":"<p>Sa\u011fl\u0131\u011fa zarar vermeyen g\u0131da boyas\u0131 ile \u00fcretilmi\u015ftir. \u00c7ocu\u011funuzun sanatsal yeteneklerini ke\u015ffetmesine yard\u0131mc\u0131 olun! &#8220;E\u011flenceli \u00c7izgiler Kitab\u0131,&#8221; \u00e7ocuklar\u0131n\u0131z\u0131n \u00e7izim ve boyama becerilerini geli\u015ftirirken onlara e\u011flenceli ve yarat\u0131c\u0131 bir zaman sunar. Bu boyama kitab\u0131, \u00e7ocuklar\u0131n hayal g\u00fc\u00e7lerini harekete ge\u00e7irerek onlar\u0131 kendi d\u00fcnyalar\u0131n\u0131 yaratmaya te\u015fvik ediyor. Hem e\u011fitici hem de e\u011flenceli bir hediye arayan ebeveynler i\u00e7in &#8220;E\u011flenceli \u00c7izgiler Kitab\u0131&#8221; m\u00fckemmel bir se\u00e7im. \u00c7ocu\u011funuzun \u00e7izgilerle dolu renkli bir d\u00fcnyaya ad\u0131m atmas\u0131na izin verin ve onlar\u0131n sanat ser\u00fcvenine destek olun!<\/p>\n","protected":false},"excerpt":{"rendered":"<p>Sa\u011fl\u0131\u011fa zarar vermeyen g\u0131da boyas\u0131 ile \u00fcretilmi\u015ftir. \u00c7ocu\u011funuzun sanatsal yeteneklerini ke\u015ffetmesine yard\u0131mc\u0131 olun! &#8220;E\u011flenceli \u00c7izgiler Kitab\u0131,&#8221; \u00e7ocuklar\u0131n\u0131z\u0131n \u00e7izim ve boyama becerilerini geli\u015ftirirken onlara e\u011flenceli ve yarat\u0131c\u0131<span class=\"excerpt-hellip\"> [\u2026]<\/span><\/p>\n","protected":false},"featured_media":0,"template":"","meta":{"_monsterinsights_skip_tracking":false,"_monsterinsights_sitenote_active":false,"_monsterinsights_sitenote_note":"","_monsterinsights_sitenote_category":0},"product_brand":[],"product_cat":[12644,12274],"product_tag":[],"class_list":{"0":"post-768590","1":"product","2":"type-product","3":"status-publish","5":"product_cat-boyama-kitaplari","6":"product_cat-cocuk-ve-genclik-kitaplari","7":"pa_cilt-ciltsiz","8":"pa_tur-kitap","9":"pa_yayinevi-the-kitap","10":"pa_yazar-kollektif","12":"first","13":"instock","14":"sale","15":"shipping-taxable","16":"purchasable","17":"product-type-simple"},"_links":{"self":[{"href":"https:\/\/roveyayinevi.com.tr\/index.php\/wp-json\/wp\/v2\/product\/768590","targetHints":{"allow":["GET"]}}],"collection":[{"href":"https:\/\/roveyayinevi.com.tr\/index.php\/wp-json\/wp\/v2\/product"}],"about":[{"href":"https:\/\/roveyayinevi.com.tr\/index.php\/wp-json\/wp\/v2\/types\/product"}],"wp:attachment":[{"href":"https:\/\/roveyayinevi.com.tr\/index.php\/wp-json\/wp\/v2\/media?parent=768590"}],"wp:term":[{"taxonomy":"product_brand","embeddable":true,"href":"https:\/\/roveyayinevi.com.tr\/index.php\/wp-json\/wp\/v2\/product_brand?post=768590"},{"taxonomy":"product_cat","embeddable":true,"href":"https:\/\/roveyayinevi.com.tr\/index.php\/wp-json\/wp\/v2\/product_cat?post=768590"},{"taxonomy":"product_tag","embeddable":true,"href":"https:\/\/roveyayinevi.com.tr\/index.php\/wp-json\/wp\/v2\/product_tag?post=768590"}],"curies":[{"name":"wp","href":"https:\/\/api.w.org\/{rel}","templated":true}]}}