{"id":768589,"date":"2025-08-28T13:25:46","date_gmt":"2025-08-28T10:25:46","guid":{"rendered":"https:\/\/roveyayinevi.com.tr\/index.php\/urun\/pariltili-renkler\/"},"modified":"2026-04-15T03:34:46","modified_gmt":"2026-04-15T00:34:46","slug":"pariltili-renkler","status":"publish","type":"product","link":"https:\/\/roveyayinevi.com.tr\/index.php\/urun\/pariltili-renkler\/","title":{"rendered":"Par\u0131lt\u0131l\u0131 Renkler"},"content":{"rendered":"<p>Sa\u011fl\u0131\u011fa zarar vermeyen g\u0131da boyas\u0131 ile \u00fcretilmi\u015ftir. \u00c7ocu\u011funuzun d\u00fcnyas\u0131na par\u0131lt\u0131 katmak ister misiniz? &#8220;Par\u0131lt\u0131l\u0131 Renkler Kitab\u0131,&#8221; \u00e7ocuklar\u0131n\u0131z\u0131n hayal g\u00fcc\u00fcn\u00fc ve yarat\u0131c\u0131l\u0131\u011f\u0131n\u0131 en parlak \u015fekilde ortaya \u00e7\u0131karmak i\u00e7in tasarland\u0131. Bu boyama kitab\u0131, her sayfada \u0131\u015f\u0131ldayan renklerle \u00e7ocuklar\u0131n\u0131z\u0131n ilgisini \u00e7ekecek ve onlar\u0131 saatlerce e\u011flendirecek. Hem e\u011flenceli hem de \u00f6\u011fretici bir deneyim sunan &#8220;Par\u0131lt\u0131l\u0131 Renkler Kitab\u0131,&#8221; \u00e7ocuklar\u0131n\u0131z\u0131n renklerle oynarken kendilerini ifade etmelerine ve yarat\u0131c\u0131 d\u00fc\u015f\u00fcnme becerilerini geli\u015ftirmelerine olanak tan\u0131r. \u00c7ocu\u011funuzun g\u00fcn\u00fcn\u00fc ayd\u0131nlatmak i\u00e7in bu \u00f6zel boyama kitab\u0131n\u0131 hemen ke\u015ffedin!<\/p>\n","protected":false},"excerpt":{"rendered":"<p>Sa\u011fl\u0131\u011fa zarar vermeyen g\u0131da boyas\u0131 ile \u00fcretilmi\u015ftir. \u00c7ocu\u011funuzun d\u00fcnyas\u0131na par\u0131lt\u0131 katmak ister misiniz? &#8220;Par\u0131lt\u0131l\u0131 Renkler Kitab\u0131,&#8221; \u00e7ocuklar\u0131n\u0131z\u0131n hayal g\u00fcc\u00fcn\u00fc ve yarat\u0131c\u0131l\u0131\u011f\u0131n\u0131 en parlak \u015fekilde ortaya \u00e7\u0131karmak<span class=\"excerpt-hellip\"> [\u2026]<\/span><\/p>\n","protected":false},"featured_media":0,"template":"","meta":{"_monsterinsights_skip_tracking":false,"_monsterinsights_sitenote_active":false,"_monsterinsights_sitenote_note":"","_monsterinsights_sitenote_category":0},"product_brand":[],"product_cat":[12644,12274],"product_tag":[],"class_list":{"0":"post-768589","1":"product","2":"type-product","3":"status-publish","5":"product_cat-boyama-kitaplari","6":"product_cat-cocuk-ve-genclik-kitaplari","7":"pa_cilt-ciltsiz","8":"pa_tur-kitap","9":"pa_yayinevi-the-kitap","10":"pa_yazar-kollektif","12":"first","13":"instock","14":"sale","15":"shipping-taxable","16":"purchasable","17":"product-type-simple"},"_links":{"self":[{"href":"https:\/\/roveyayinevi.com.tr\/index.php\/wp-json\/wp\/v2\/product\/768589","targetHints":{"allow":["GET"]}}],"collection":[{"href":"https:\/\/roveyayinevi.com.tr\/index.php\/wp-json\/wp\/v2\/product"}],"about":[{"href":"https:\/\/roveyayinevi.com.tr\/index.php\/wp-json\/wp\/v2\/types\/product"}],"wp:attachment":[{"href":"https:\/\/roveyayinevi.com.tr\/index.php\/wp-json\/wp\/v2\/media?parent=768589"}],"wp:term":[{"taxonomy":"product_brand","embeddable":true,"href":"https:\/\/roveyayinevi.com.tr\/index.php\/wp-json\/wp\/v2\/product_brand?post=768589"},{"taxonomy":"product_cat","embeddable":true,"href":"https:\/\/roveyayinevi.com.tr\/index.php\/wp-json\/wp\/v2\/product_cat?post=768589"},{"taxonomy":"product_tag","embeddable":true,"href":"https:\/\/roveyayinevi.com.tr\/index.php\/wp-json\/wp\/v2\/product_tag?post=768589"}],"curies":[{"name":"wp","href":"https:\/\/api.w.org\/{rel}","templated":true}]}}