{"id":768588,"date":"2025-08-28T13:25:45","date_gmt":"2025-08-28T10:25:45","guid":{"rendered":"https:\/\/roveyayinevi.com.tr\/index.php\/urun\/mutlu-boyama\/"},"modified":"2026-04-15T03:34:46","modified_gmt":"2026-04-15T00:34:46","slug":"mutlu-boyama","status":"publish","type":"product","link":"https:\/\/roveyayinevi.com.tr\/index.php\/urun\/mutlu-boyama\/","title":{"rendered":"Mutlu Boyama"},"content":{"rendered":"<p>Sa\u011fl\u0131\u011fa zarar vermeyen g\u0131da boyas\u0131 ile \u00fcretilmi\u015ftir. &#8220;Mutlu Boyama Kitab\u0131&#8221; ile \u00e7ocuklar renklerin b\u00fcy\u00fcl\u00fc d\u00fcnyas\u0131nda keyifli bir yolculu\u011fa \u00e7\u0131k\u0131yor! Bu \u00f6zel boyama kitab\u0131 ile \u00e7ocuklar i\u00e7lerindeki yarat\u0131c\u0131l\u0131\u011f\u0131 ortaya \u00e7\u0131kar\u0131rken, stressiz ve e\u011flenceli anlar ya\u015fayacaklar. Hayal g\u00fcc\u00fcn\u00fc serbest b\u0131rakacak, sayfalar\u0131 renklerle doldururken huzur ve mutlulu\u011fu hissedecekler. &#8220;Mutlu Boyama Kitab\u0131&#8221; ile renklerinizin sizi ve \u00e7ocuklar\u0131 ne\u015felendirmesine izin verin!<\/p>\n","protected":false},"excerpt":{"rendered":"<p>Sa\u011fl\u0131\u011fa zarar vermeyen g\u0131da boyas\u0131 ile \u00fcretilmi\u015ftir. &#8220;Mutlu Boyama Kitab\u0131&#8221; ile \u00e7ocuklar renklerin b\u00fcy\u00fcl\u00fc d\u00fcnyas\u0131nda keyifli bir yolculu\u011fa \u00e7\u0131k\u0131yor! Bu \u00f6zel boyama kitab\u0131 ile \u00e7ocuklar i\u00e7lerindeki<span class=\"excerpt-hellip\"> [\u2026]<\/span><\/p>\n","protected":false},"featured_media":0,"template":"","meta":{"_monsterinsights_skip_tracking":false,"_monsterinsights_sitenote_active":false,"_monsterinsights_sitenote_note":"","_monsterinsights_sitenote_category":0},"product_brand":[],"product_cat":[12644,12274],"product_tag":[],"class_list":{"0":"post-768588","1":"product","2":"type-product","3":"status-publish","5":"product_cat-boyama-kitaplari","6":"product_cat-cocuk-ve-genclik-kitaplari","7":"pa_cilt-ciltsiz","8":"pa_tur-kitap","9":"pa_yayinevi-the-kitap","10":"pa_yazar-kollektif","12":"first","13":"instock","14":"sale","15":"shipping-taxable","16":"purchasable","17":"product-type-simple"},"_links":{"self":[{"href":"https:\/\/roveyayinevi.com.tr\/index.php\/wp-json\/wp\/v2\/product\/768588","targetHints":{"allow":["GET"]}}],"collection":[{"href":"https:\/\/roveyayinevi.com.tr\/index.php\/wp-json\/wp\/v2\/product"}],"about":[{"href":"https:\/\/roveyayinevi.com.tr\/index.php\/wp-json\/wp\/v2\/types\/product"}],"wp:attachment":[{"href":"https:\/\/roveyayinevi.com.tr\/index.php\/wp-json\/wp\/v2\/media?parent=768588"}],"wp:term":[{"taxonomy":"product_brand","embeddable":true,"href":"https:\/\/roveyayinevi.com.tr\/index.php\/wp-json\/wp\/v2\/product_brand?post=768588"},{"taxonomy":"product_cat","embeddable":true,"href":"https:\/\/roveyayinevi.com.tr\/index.php\/wp-json\/wp\/v2\/product_cat?post=768588"},{"taxonomy":"product_tag","embeddable":true,"href":"https:\/\/roveyayinevi.com.tr\/index.php\/wp-json\/wp\/v2\/product_tag?post=768588"}],"curies":[{"name":"wp","href":"https:\/\/api.w.org\/{rel}","templated":true}]}}