{"id":768587,"date":"2025-08-28T13:25:43","date_gmt":"2025-08-28T10:25:43","guid":{"rendered":"https:\/\/roveyayinevi.com.tr\/index.php\/urun\/mans-adalarindaki-kiz\/"},"modified":"2026-04-15T03:34:46","modified_gmt":"2026-04-15T00:34:46","slug":"mans-adalarindaki-kiz","status":"publish","type":"product","link":"https:\/\/roveyayinevi.com.tr\/index.php\/urun\/mans-adalarindaki-kiz\/","title":{"rendered":"Man\u015f Adalar\u0131\u2019ndaki K\u0131z"},"content":{"rendered":"<p>\u0130mk\u00e2ns\u0131zl\u0131klara kar\u015f\u0131 kazan\u0131lan ola\u011fan\u00fcst\u00fc bir zafer \u00f6yk\u00fcs\u00fc1940 y\u0131l\u0131nda d\u00fcnya, her yeri kas\u0131p kavuran bir sava\u015f\u0131n i\u00e7indedir. O y\u0131l\u0131n haziran ay\u0131nda Hitler\u2019in ordusu, B\u00fcy\u00fck Britanya\u2019n\u0131n Alman kuvvetleri taraf\u0131ndan i\u015fgal edilen tek toprak par\u00e7as\u0131 olan Man\u015f Adalar\u0131\u2019n\u0131 ele ge\u00e7irir. D\u00f6nemin B\u00fcy\u00fck Britanya ba\u015fbakan\u0131 Churchill taraf\u0131ndan kaderine terk edilen, M\u00fcttefikler taraf\u0131ndan unutulan ve her t\u00fcrl\u00fc yard\u0131mdan mahrum b\u0131rak\u0131lan Man\u015f Adalar\u0131\u2019n\u0131n durumu giderek daha da umutsuz hale b\u00fcr\u00fcnmektedir.Hedy Bercu, Avusturya\u2019n\u0131n iki y\u0131l \u00f6nceki ilhak\u0131 s\u0131ras\u0131nda Viyana\u2019dan Jersey Adas\u0131\u2019na ka\u00e7an gen\u00e7 bir Yahudi k\u0131zd\u0131r; ancak kendini bir kez daha Naziler taraf\u0131ndan tuza\u011fa d\u00fc\u015f\u00fcr\u00fclm\u00fc\u015f halde bulur, \u00fcstelik bu sefer ka\u00e7abilece\u011fi bir yer yoktur. Tek umudu, arkada\u015flar\u0131n\u0131n, ada halk\u0131n\u0131n ve sempatik bir Alman subay\u0131n\u0131n yard\u0131m\u0131yla g\u00f6zlerden uzakta kal\u0131p \u00e7evirmenlik yaparak kendini Almanlar i\u00e7in de\u011ferli k\u0131lmakt\u0131r. Ancak sava\u015f \u015fiddetlendik\u00e7e erzak miktar\u0131 da azal\u0131r ve kom\u015fular  birbirlerinden giderek daha fazla \u015f\u00fcphelenmeye ba\u015flar. Hedy\u2019nin hayat\u0131 her ge\u00e7en g\u00fcn daha da tehlikeye girmektedir. Onu toplama kamplar\u0131na s\u00fcr\u00fclmekten kurtarmak i\u00e7in kesin ve cesur bir hareket gerekecektir.\u0130mk\u00e2ns\u0131z ko\u015fullar alt\u0131ndaki cesaret ve sevginin etkileyici bir hik\u00e2yesi olan Hedy\u2019nin ola\u011fan\u00fcst\u00fc hayat\u0131, adaletsizli\u011fin kar\u015f\u0131s\u0131nda duran sessiz kahramanlar\u0131n \u00e7o\u011fu zaman s\u0131radan insanlar oldu\u011funu hat\u0131rlat\u0131yor.\u201cYazar Jenny Lecoat, tarih\u00ee ger\u00e7eklerle kurgusal anlat\u0131y\u0131 ustal\u0131kla birle\u015ftiriyor ve \u00e7ok boyutlu karakterlerle zengin bir kadro sunuyor. Okuyucular sayfalar aras\u0131nda s\u00fcr\u00fcklenecek.\u201d-Publishers Weekly\u201cTarih\u00ee roman t\u00fcr\u00fcne \u00f6nemli bir katk\u0131.\u201d-New York Journal of Books\u201cBask\u0131ya ra\u011fmen ayakta kalan, hatta zafer kazanan a\u015fk\u0131n canl\u0131 bir hik\u00e2yesi.\u201d-Sunday Times<\/p>\n","protected":false},"excerpt":{"rendered":"<p>\u0130mk\u00e2ns\u0131zl\u0131klara kar\u015f\u0131 kazan\u0131lan ola\u011fan\u00fcst\u00fc bir zafer \u00f6yk\u00fcs\u00fc1940 y\u0131l\u0131nda d\u00fcnya, her yeri kas\u0131p kavuran bir sava\u015f\u0131n i\u00e7indedir. O y\u0131l\u0131n haziran ay\u0131nda Hitler\u2019in ordusu, B\u00fcy\u00fck Britanya\u2019n\u0131n Alman kuvvetleri<span class=\"excerpt-hellip\"> [\u2026]<\/span><\/p>\n","protected":false},"featured_media":0,"template":"","meta":{"_monsterinsights_skip_tracking":false,"_monsterinsights_sitenote_active":false,"_monsterinsights_sitenote_note":"","_monsterinsights_sitenote_category":0},"product_brand":[],"product_cat":[12291,12711],"product_tag":[],"class_list":{"0":"post-768587","1":"product","2":"type-product","3":"status-publish","5":"product_cat-edebiyat","6":"product_cat-roman-oyku","7":"pa_cilt-ciltsiz","8":"pa_tur-kitap","9":"pa_yayinevi-the-kitap","10":"pa_yazar-jenny-lecoat","12":"first","13":"instock","14":"sale","15":"shipping-taxable","16":"purchasable","17":"product-type-simple"},"_links":{"self":[{"href":"https:\/\/roveyayinevi.com.tr\/index.php\/wp-json\/wp\/v2\/product\/768587","targetHints":{"allow":["GET"]}}],"collection":[{"href":"https:\/\/roveyayinevi.com.tr\/index.php\/wp-json\/wp\/v2\/product"}],"about":[{"href":"https:\/\/roveyayinevi.com.tr\/index.php\/wp-json\/wp\/v2\/types\/product"}],"wp:attachment":[{"href":"https:\/\/roveyayinevi.com.tr\/index.php\/wp-json\/wp\/v2\/media?parent=768587"}],"wp:term":[{"taxonomy":"product_brand","embeddable":true,"href":"https:\/\/roveyayinevi.com.tr\/index.php\/wp-json\/wp\/v2\/product_brand?post=768587"},{"taxonomy":"product_cat","embeddable":true,"href":"https:\/\/roveyayinevi.com.tr\/index.php\/wp-json\/wp\/v2\/product_cat?post=768587"},{"taxonomy":"product_tag","embeddable":true,"href":"https:\/\/roveyayinevi.com.tr\/index.php\/wp-json\/wp\/v2\/product_tag?post=768587"}],"curies":[{"name":"wp","href":"https:\/\/api.w.org\/{rel}","templated":true}]}}