{"id":768583,"date":"2025-08-28T13:25:34","date_gmt":"2025-08-28T10:25:34","guid":{"rendered":"https:\/\/roveyayinevi.com.tr\/index.php\/urun\/hollanda-evi\/"},"modified":"2026-04-15T03:34:46","modified_gmt":"2026-04-15T00:34:46","slug":"hollanda-evi","status":"publish","type":"product","link":"https:\/\/roveyayinevi.com.tr\/index.php\/urun\/hollanda-evi\/","title":{"rendered":"Hollanda Evi"},"content":{"rendered":"<p>Bazen evler hayat\u0131m\u0131z\u0131n tam merkezine oturur, hat\u0131ralar\u0131m\u0131z\u0131n temel ta\u015f\u0131 olur. Ama ya bir ev,hayat\u0131n\u0131zdaki en b\u00fcy\u00fck pi\u015fmanl\u0131\u011f\u0131n da kayna\u011f\u0131ysa?Maeve ve Danny\u2026 \u0130ki karde\u015f, Pennsylvania\u2019daki ihti\u015faml\u0131 Hollanda Evi\u2019nde ge\u00e7en bir\u00e7ocukluk&#8230; Babalar\u0131n\u0131n ani \u00f6l\u00fcm\u00fcyle bu muazzam malik\u00e2neden haks\u0131zca s\u00fcr\u00fclen karde\u015fler,ge\u00e7mi\u015fin hayaletleriyle y\u00fczle\u015firken h\u0131rs, k\u0131skan\u00e7l\u0131k, a\u015fk ve affetmenin ne anlama geldi\u011finianlamaya \u00e7al\u0131\u015f\u0131yorlar. Fakat geriye bakmak, gelece\u011fi kurmalar\u0131na engel olabilir mi?Ann Patchett\u2019in derin insan g\u00f6zlemleri ve b\u00fcy\u00fcleyici anlat\u0131m\u0131yla \u00f6r\u00fclen Hollanda Evi, ailes\u0131rlar\u0131, sadakat ve sevginin s\u0131nav\u0131na dair etkileyici bir roman. Peki ya siz, hayat\u0131n\u0131zdaki enb\u00fcy\u00fck s\u0131nav\u0131 vermeye haz\u0131r m\u0131s\u0131n\u0131z?Bu hik\u00e2ye kalbinize dokunacak ve sizi unutamayaca\u011f\u0131n\u0131z bir yolculu\u011fa \u00e7\u0131karacak. HollandaEvi ile zaman\u0131n nas\u0131l ak\u0131p gitti\u011fini unutacak, kendinizi bu karma\u015f\u0131k ve b\u00fcy\u00fcleyici ailenini\u00e7inde bulacaks\u0131n\u0131z.\u201cPatchett, her zaman yapt\u0131\u011f\u0131 gibi bizi edebiyattan \u00e7ok hayata benzeyen bir ger\u00e7e\u011feg\u00f6t\u00fcr\u00fcyor.\u201dThe Guardian\u201cAnn Patchett\u2019in kurgusunu okurken mucizeler bekleyebilirsiniz.\u201dNew York Times Book Review\u201cPatchett, usta bir hik\u00e2ye anlat\u0131c\u0131.\u201dO, the Oprah Magazine<\/p>\n","protected":false},"excerpt":{"rendered":"<p>Bazen evler hayat\u0131m\u0131z\u0131n tam merkezine oturur, hat\u0131ralar\u0131m\u0131z\u0131n temel ta\u015f\u0131 olur. Ama ya bir ev,hayat\u0131n\u0131zdaki en b\u00fcy\u00fck pi\u015fmanl\u0131\u011f\u0131n da kayna\u011f\u0131ysa?Maeve ve Danny\u2026 \u0130ki karde\u015f, Pennsylvania\u2019daki ihti\u015faml\u0131 Hollanda<span class=\"excerpt-hellip\"> [\u2026]<\/span><\/p>\n","protected":false},"featured_media":0,"template":"","meta":{"_monsterinsights_skip_tracking":false,"_monsterinsights_sitenote_active":false,"_monsterinsights_sitenote_note":"","_monsterinsights_sitenote_category":0},"product_brand":[],"product_cat":[12291,12711],"product_tag":[],"class_list":{"0":"post-768583","1":"product","2":"type-product","3":"status-publish","5":"product_cat-edebiyat","6":"product_cat-roman-oyku","7":"pa_cilt-ciltsiz","8":"pa_tur-kitap","9":"pa_yayinevi-the-kitap","10":"pa_yazar-ann-patchett","12":"first","13":"instock","14":"sale","15":"shipping-taxable","16":"purchasable","17":"product-type-simple"},"_links":{"self":[{"href":"https:\/\/roveyayinevi.com.tr\/index.php\/wp-json\/wp\/v2\/product\/768583","targetHints":{"allow":["GET"]}}],"collection":[{"href":"https:\/\/roveyayinevi.com.tr\/index.php\/wp-json\/wp\/v2\/product"}],"about":[{"href":"https:\/\/roveyayinevi.com.tr\/index.php\/wp-json\/wp\/v2\/types\/product"}],"wp:attachment":[{"href":"https:\/\/roveyayinevi.com.tr\/index.php\/wp-json\/wp\/v2\/media?parent=768583"}],"wp:term":[{"taxonomy":"product_brand","embeddable":true,"href":"https:\/\/roveyayinevi.com.tr\/index.php\/wp-json\/wp\/v2\/product_brand?post=768583"},{"taxonomy":"product_cat","embeddable":true,"href":"https:\/\/roveyayinevi.com.tr\/index.php\/wp-json\/wp\/v2\/product_cat?post=768583"},{"taxonomy":"product_tag","embeddable":true,"href":"https:\/\/roveyayinevi.com.tr\/index.php\/wp-json\/wp\/v2\/product_tag?post=768583"}],"curies":[{"name":"wp","href":"https:\/\/api.w.org\/{rel}","templated":true}]}}