{"id":768581,"date":"2025-08-28T13:25:30","date_gmt":"2025-08-28T10:25:30","guid":{"rendered":"https:\/\/roveyayinevi.com.tr\/index.php\/urun\/kul-sehir\/"},"modified":"2026-04-15T03:34:46","modified_gmt":"2026-04-15T00:34:46","slug":"kul-sehir","status":"publish","type":"product","link":"https:\/\/roveyayinevi.com.tr\/index.php\/urun\/kul-sehir\/","title":{"rendered":"K\u00fcl \u015eehir"},"content":{"rendered":"<p>1870 y\u0131l\u0131nda Beyo\u011flu; pasajlar\u0131, otelleri, tiyatrolar\u0131, kiliseleri, yerli ve yabanc\u0131 halk\u0131yla bir Avrupa semtinden farks\u0131zd\u0131. Ancak Feridiye Soka\u011f\u0131&#8217;nda \u00e7\u0131kan b\u00fcy\u00fck bir yang\u0131n b\u00f6lgeyi k\u00fcl etti ve orada ya\u015fayanlar\u0131n kaderini sonsuza dek de\u011fi\u015ftirdi&#8230; Hali vakti yerinde Rum bir ailenin k\u0131z\u0131 olan Panayota yang\u0131nda anne babas\u0131n\u0131 kaybedince karde\u015fi Mihail\u2019le ya\u015fam m\u00fccadelesinin i\u00e7inde kal\u0131r. Aylarca Taksim&#8217;deki \u00e7ad\u0131rlarda ya\u015farlar. Bir g\u00fcn hastalanan karde\u015fini mecburen eni\u015ftesinin evine b\u0131rakan Panayota, karde\u015fiyle tekrar bir araya gelmek ve ona iyi bir e\u011fitim ald\u0131rabilmek i\u00e7in kendi ayaklar\u0131 \u00fczerinde durmak zorundad\u0131r. Bu ama\u00e7la hi\u00e7 al\u0131\u015f\u0131k olmad\u0131\u011f\u0131 bir\u00e7ok zorlu i\u015fe girip \u00e7\u0131kar ancak hayal etti\u011fi hayata ula\u015fabilmek i\u00e7in bunlar\u0131n yeterli olmad\u0131\u011f\u0131n\u0131 fark eder. Art\u0131k tek bir \u00e7aresi kalm\u0131\u015ft\u0131r: babas\u0131ndan \u00f6\u011frendi\u011fi matbaac\u0131l\u0131k bilgisini kullanarak kalpazanl\u0131k yapmak! Hayat \u015fartlar\u0131n\u0131n su\u00e7a s\u00fcr\u00fckledi\u011fi Panayota yang\u0131ndan \u00f6nceki hayat\u0131na kavu\u015fabilecek midir? 2024 Don Ki\u015fot \u0130yi Edebiyat \u00d6d\u00fcl\u00fc&#8217;n\u00fc kazanan K\u00fcl \u015eehir; tulumbac\u0131lar, dehlizlerde define arayanlar, t\u00fcccarlar, Tanzimat aileleri, s\u00fcrg\u00fcnler, muhbirler, kalpazanlar, merhametsiz hekimler gibi zengin karakterlerleri ve ger\u00e7ek mek\u00e2nlar\u0131yla d\u00f6nemi ba\u015far\u0131yla resmederken ayn\u0131 zamanda s\u00fcr\u00fckleyici bir polisiye kurgu ortaya koyuyor.<\/p>\n","protected":false},"excerpt":{"rendered":"<p>1870 y\u0131l\u0131nda Beyo\u011flu; pasajlar\u0131, otelleri, tiyatrolar\u0131, kiliseleri, yerli ve yabanc\u0131 halk\u0131yla bir Avrupa semtinden farks\u0131zd\u0131. Ancak Feridiye Soka\u011f\u0131&#8217;nda \u00e7\u0131kan b\u00fcy\u00fck bir yang\u0131n b\u00f6lgeyi k\u00fcl etti ve<span class=\"excerpt-hellip\"> [\u2026]<\/span><\/p>\n","protected":false},"featured_media":0,"template":"","meta":{"_monsterinsights_skip_tracking":false,"_monsterinsights_sitenote_active":false,"_monsterinsights_sitenote_note":"","_monsterinsights_sitenote_category":0},"product_brand":[],"product_cat":[12291,12711],"product_tag":[],"class_list":{"0":"post-768581","1":"product","2":"type-product","3":"status-publish","5":"product_cat-edebiyat","6":"product_cat-roman-oyku","7":"pa_cilt-ciltsiz","8":"pa_tur-kitap","9":"pa_yayinevi-the-kitap","10":"pa_yazar-hakan-karakasoglu","12":"first","13":"instock","14":"sale","15":"shipping-taxable","16":"purchasable","17":"product-type-simple"},"_links":{"self":[{"href":"https:\/\/roveyayinevi.com.tr\/index.php\/wp-json\/wp\/v2\/product\/768581","targetHints":{"allow":["GET"]}}],"collection":[{"href":"https:\/\/roveyayinevi.com.tr\/index.php\/wp-json\/wp\/v2\/product"}],"about":[{"href":"https:\/\/roveyayinevi.com.tr\/index.php\/wp-json\/wp\/v2\/types\/product"}],"wp:attachment":[{"href":"https:\/\/roveyayinevi.com.tr\/index.php\/wp-json\/wp\/v2\/media?parent=768581"}],"wp:term":[{"taxonomy":"product_brand","embeddable":true,"href":"https:\/\/roveyayinevi.com.tr\/index.php\/wp-json\/wp\/v2\/product_brand?post=768581"},{"taxonomy":"product_cat","embeddable":true,"href":"https:\/\/roveyayinevi.com.tr\/index.php\/wp-json\/wp\/v2\/product_cat?post=768581"},{"taxonomy":"product_tag","embeddable":true,"href":"https:\/\/roveyayinevi.com.tr\/index.php\/wp-json\/wp\/v2\/product_tag?post=768581"}],"curies":[{"name":"wp","href":"https:\/\/api.w.org\/{rel}","templated":true}]}}