{"id":768580,"date":"2025-08-28T13:25:28","date_gmt":"2025-08-28T10:25:28","guid":{"rendered":"https:\/\/roveyayinevi.com.tr\/index.php\/urun\/mediha-hanim-olmek-istiyor\/"},"modified":"2026-04-15T03:34:46","modified_gmt":"2026-04-15T00:34:46","slug":"mediha-hanim-olmek-istiyor","status":"publish","type":"product","link":"https:\/\/roveyayinevi.com.tr\/index.php\/urun\/mediha-hanim-olmek-istiyor\/","title":{"rendered":"Mediha Han\u0131m \u00d6lmek \u0130stiyor"},"content":{"rendered":"<p>\u201c\u0130lk \u015fark\u0131m\u0131 nerede nas\u0131l okudum bilmem. Yok efendim banyoda du\u015f ba\u015fl\u0131\u011f\u0131 elimde, yok annemin sa\u00e7 f\u0131r\u00e7as\u0131 bilmem neremde. Kime sorsan anas\u0131ndan do\u011fma \u015fark\u0131c\u0131. Ben hi\u00e7 kendi kendime \u015fark\u0131 okudu\u011fumu bilmem. Bu sesi kendime mi saklasayd\u0131m?\u201d \u00d6mr\u00fcn\u00fc sahnelerde ge\u00e7iren eski assolist Mediha, art\u0131k emekli olmu\u015f ve hayat\u0131n\u0131 can dostu \u0130smet\u2019le birlikte g\u00f6zlerden \u0131rak \u015fekilde ya\u015famaktad\u0131r. Ta ki yeni a\u00e7\u0131lan bir gazinoda \u015fark\u0131 s\u00f6ylemesi istenene kadar. 80 ya\u015f\u0131na gelmi\u015f olan Mediha, ge\u00e7mi\u015fe olan \u00f6zlemi ve paraya ihtiya\u00e7 duymas\u0131 nedeniyle bu teklifi geri \u00e7eviremez ve kendini sahnelerin parlak \u0131\u015f\u0131klar\u0131 ard\u0131ndaki karanl\u0131k i\u015flerin i\u00e7inde bulur. Don Ki\u015fot \u0130yi Edebiyat \u00d6d\u00fcl\u00fc finalisti olan Emre Sara\u00e7o\u011flu imzal\u0131 Mediha Han\u0131m \u00d6lmek \u0130stiyor, mizahi dili ve s\u00fcr\u00fckleyici hik\u00e2yesi ile elinizden b\u0131rakamayaca\u011f\u0131n\u0131z bir macera sunuyor!<\/p>\n","protected":false},"excerpt":{"rendered":"<p>\u201c\u0130lk \u015fark\u0131m\u0131 nerede nas\u0131l okudum bilmem. Yok efendim banyoda du\u015f ba\u015fl\u0131\u011f\u0131 elimde, yok annemin sa\u00e7 f\u0131r\u00e7as\u0131 bilmem neremde. Kime sorsan anas\u0131ndan do\u011fma \u015fark\u0131c\u0131. Ben hi\u00e7 kendi<span class=\"excerpt-hellip\"> [\u2026]<\/span><\/p>\n","protected":false},"featured_media":0,"template":"","meta":{"_monsterinsights_skip_tracking":false,"_monsterinsights_sitenote_active":false,"_monsterinsights_sitenote_note":"","_monsterinsights_sitenote_category":0},"product_brand":[],"product_cat":[12291,12711],"product_tag":[],"class_list":{"0":"post-768580","1":"product","2":"type-product","3":"status-publish","5":"product_cat-edebiyat","6":"product_cat-roman-oyku","7":"pa_cilt-ciltsiz","8":"pa_tur-kitap","9":"pa_yayinevi-the-kitap","10":"pa_yazar-emre-saracoglu","12":"first","13":"instock","14":"sale","15":"shipping-taxable","16":"purchasable","17":"product-type-simple"},"_links":{"self":[{"href":"https:\/\/roveyayinevi.com.tr\/index.php\/wp-json\/wp\/v2\/product\/768580","targetHints":{"allow":["GET"]}}],"collection":[{"href":"https:\/\/roveyayinevi.com.tr\/index.php\/wp-json\/wp\/v2\/product"}],"about":[{"href":"https:\/\/roveyayinevi.com.tr\/index.php\/wp-json\/wp\/v2\/types\/product"}],"wp:attachment":[{"href":"https:\/\/roveyayinevi.com.tr\/index.php\/wp-json\/wp\/v2\/media?parent=768580"}],"wp:term":[{"taxonomy":"product_brand","embeddable":true,"href":"https:\/\/roveyayinevi.com.tr\/index.php\/wp-json\/wp\/v2\/product_brand?post=768580"},{"taxonomy":"product_cat","embeddable":true,"href":"https:\/\/roveyayinevi.com.tr\/index.php\/wp-json\/wp\/v2\/product_cat?post=768580"},{"taxonomy":"product_tag","embeddable":true,"href":"https:\/\/roveyayinevi.com.tr\/index.php\/wp-json\/wp\/v2\/product_tag?post=768580"}],"curies":[{"name":"wp","href":"https:\/\/api.w.org\/{rel}","templated":true}]}}