{"id":768579,"date":"2025-08-28T13:25:27","date_gmt":"2025-08-28T10:25:27","guid":{"rendered":"https:\/\/roveyayinevi.com.tr\/index.php\/urun\/kahve-sozlugu-adan-zye-kahve-yetistirme-ve-kavurmadan-demleme-ve-tadima\/"},"modified":"2026-01-22T03:48:13","modified_gmt":"2026-01-22T00:48:13","slug":"kahve-sozlugu-adan-zye-kahve-yetistirme-ve-kavurmadan-demleme-ve-tadima","status":"publish","type":"product","link":"https:\/\/roveyayinevi.com.tr\/index.php\/urun\/kahve-sozlugu-adan-zye-kahve-yetistirme-ve-kavurmadan-demleme-ve-tadima\/","title":{"rendered":"Kahve S\u00f6zl\u00fc\u011f\u00fc A\u2019dan Z\u2019ye Kahve: Yeti\u015ftirme ve Kavurmadan Demleme ve Tad\u0131ma"},"content":{"rendered":"<p>Kahve tutkunuzun derinlerine inmek ister misiniz? \u00dc\u00e7 kez \u0130ngiltere barista \u015fampiyonu olmu\u015f ve d\u00fcnya genelinde say\u0131s\u0131z kez final g\u00f6rm\u00fc\u015f Maxwell Colonna-Dashwood, sizi kahve d\u00fcnyas\u0131nda e\u015fsiz bir ke\u015ffe davet ediyor. Bu rehber, kahvenin \u00f6tesine ge\u00e7ip her fincanda hissetti\u011finiz zengin lezzetlerin ard\u0131ndaki gizemi \u00e7\u00f6z\u00fcyor. Men\u015fe \u00fclkelerinden \u00e7ekirdek \u00e7e\u015fitlerine, yeti\u015ftirme ve hasat y\u00f6ntemlerinden kavurma tekniklerine kadar her a\u015famay\u0131 ad\u0131m ad\u0131m a\u00e7\u0131kl\u0131yor. \u00d6\u011f\u00fctme, demleme ve tad\u0131m notlar\u0131ndan farkl\u0131 kahve bazl\u0131 i\u00e7eceklerin yap\u0131m\u0131na kadar t\u00fcm detaylar, kahve merakl\u0131lar\u0131n\u0131n anlayabilece\u011fi sade ve ak\u0131c\u0131 bir dille ele al\u0131n\u0131yor. \u00c7izim ve foto\u011fraflarla desteklenen bu kitap, karma\u015f\u0131k kahve terimlerine ve ekipmanlar\u0131na h\u00e2kim olman\u0131z\u0131 sa\u011flayarak evde profesyonel bir barista gibi kahve haz\u0131rlaman\u0131za yard\u0131mc\u0131 olacak. Bir kahve tiryakisinin vazge\u00e7ilmez ba\u015fucu kitab\u0131 olan Kahve S\u00f6zl\u00fc\u011f\u00fc, kahveyle ilgili son s\u00f6z\u00fcn\u00fcz olacak!<\/p>\n","protected":false},"excerpt":{"rendered":"<p>Kahve tutkunuzun derinlerine inmek ister misiniz? \u00dc\u00e7 kez \u0130ngiltere barista \u015fampiyonu olmu\u015f ve d\u00fcnya genelinde say\u0131s\u0131z kez final g\u00f6rm\u00fc\u015f Maxwell Colonna-Dashwood, sizi kahve d\u00fcnyas\u0131nda e\u015fsiz bir<span class=\"excerpt-hellip\"> [\u2026]<\/span><\/p>\n","protected":false},"featured_media":0,"template":"","meta":{"_monsterinsights_skip_tracking":false,"_monsterinsights_sitenote_active":false,"_monsterinsights_sitenote_note":"","_monsterinsights_sitenote_category":0},"product_brand":[],"product_cat":[13402,13365],"product_tag":[],"class_list":{"0":"post-768579","1":"product","2":"type-product","3":"status-publish","5":"product_cat-beslenme-ve-diyet","6":"product_cat-saglik","7":"pa_cilt-ciltli","8":"pa_tur-kitap","9":"pa_yayinevi-the-kitap","10":"pa_yazar-maxwell-colanna-dashwood","12":"first","13":"instock","14":"sale","15":"shipping-taxable","16":"purchasable","17":"product-type-simple"},"_links":{"self":[{"href":"https:\/\/roveyayinevi.com.tr\/index.php\/wp-json\/wp\/v2\/product\/768579","targetHints":{"allow":["GET"]}}],"collection":[{"href":"https:\/\/roveyayinevi.com.tr\/index.php\/wp-json\/wp\/v2\/product"}],"about":[{"href":"https:\/\/roveyayinevi.com.tr\/index.php\/wp-json\/wp\/v2\/types\/product"}],"wp:attachment":[{"href":"https:\/\/roveyayinevi.com.tr\/index.php\/wp-json\/wp\/v2\/media?parent=768579"}],"wp:term":[{"taxonomy":"product_brand","embeddable":true,"href":"https:\/\/roveyayinevi.com.tr\/index.php\/wp-json\/wp\/v2\/product_brand?post=768579"},{"taxonomy":"product_cat","embeddable":true,"href":"https:\/\/roveyayinevi.com.tr\/index.php\/wp-json\/wp\/v2\/product_cat?post=768579"},{"taxonomy":"product_tag","embeddable":true,"href":"https:\/\/roveyayinevi.com.tr\/index.php\/wp-json\/wp\/v2\/product_tag?post=768579"}],"curies":[{"name":"wp","href":"https:\/\/api.w.org\/{rel}","templated":true}]}}