{"id":768578,"date":"2025-08-28T13:25:25","date_gmt":"2025-08-28T10:25:25","guid":{"rendered":"https:\/\/roveyayinevi.com.tr\/index.php\/urun\/iyi-isler-uygulamasi\/"},"modified":"2026-04-15T03:34:46","modified_gmt":"2026-04-15T00:34:46","slug":"iyi-isler-uygulamasi","status":"publish","type":"product","link":"https:\/\/roveyayinevi.com.tr\/index.php\/urun\/iyi-isler-uygulamasi\/","title":{"rendered":"\u0130yi \u0130\u015fler Uygulamas\u0131"},"content":{"rendered":"<p>\u0130\u015f d\u00fcnyas\u0131nda ba\u015far\u0131ya ula\u015fman\u0131n en sa\u011flam yolu, \u00e7al\u0131\u015fanlar\u0131n\u0131za iyi i\u015fler sunmaktan ge\u00e7er! Zeynep Ton\u2019un \u0130yi \u0130\u015fler Uygulamas\u0131 adl\u0131 kitab\u0131, ba\u015far\u0131l\u0131 bir i\u015fletme kurman\u0131n s\u0131rlar\u0131n\u0131 ilham verici bir \u015fekilde sunuyor. \u0130\u015f g\u00fcc\u00fcn\u00fcz\u00fcn potansiyelini ke\u015ffetmek ve s\u00fcrd\u00fcr\u00fclebilir ba\u015far\u0131ya ula\u015fmak i\u00e7in devrim niteli\u011findeki bu rehberi elinizden b\u0131rakamayacaks\u0131n\u0131z.MIT profes\u00f6r\u00fc ve iyi i\u015fler yaratma konusunda uzman Zeynep Ton, iyi i\u015fler sunarak hem \u00e7al\u0131\u015fan memnuniyetini hem de k\u00e2rl\u0131l\u0131\u011f\u0131 art\u0131rman\u0131n nas\u0131l m\u00fcmk\u00fcn oldu\u011funu ger\u00e7ek \u00f6rneklerle anlat\u0131yor. Verimlilik, \u00e7al\u0131\u015fan ba\u011fl\u0131l\u0131\u011f\u0131 ve m\u00fc\u015fteri memnuniyeti ile desteklenen i\u015fletme modelleri kurman\u0131n s\u0131rlar\u0131n\u0131 \u00f6\u011frenirken, rekabette nas\u0131l \u00f6ne ge\u00e7ebilece\u011finizi g\u00f6receksiniz. Hem motive edici hem de stratejik bak\u0131\u015f a\u00e7\u0131s\u0131yla dolu olan bu kitap, y\u00f6netim ve i\u015f d\u00fcnyas\u0131nda \u00e7\u0131\u011f\u0131r a\u00e7acak bilgiler sunuyor.\u0130yi i\u015fler yaln\u0131zca \u00e7al\u0131\u015fanlara de\u011fil, \u015firketlere de iyi gelir. \u0130\u015f yerinde ger\u00e7ek de\u011fi\u015fimi ba\u015flatmak isteyen liderler i\u00e7in yaz\u0131lm\u0131\u015f bu eser, sizin ve ekibinizin potansiyelini ortaya \u00e7\u0131karman\u0131z i\u00e7in ihtiya\u00e7 duydu\u011funuz rehber olacak!<\/p>\n","protected":false},"excerpt":{"rendered":"<p>\u0130\u015f d\u00fcnyas\u0131nda ba\u015far\u0131ya ula\u015fman\u0131n en sa\u011flam yolu, \u00e7al\u0131\u015fanlar\u0131n\u0131za iyi i\u015fler sunmaktan ge\u00e7er! Zeynep Ton\u2019un \u0130yi \u0130\u015fler Uygulamas\u0131 adl\u0131 kitab\u0131, ba\u015far\u0131l\u0131 bir i\u015fletme kurman\u0131n s\u0131rlar\u0131n\u0131 ilham verici<span class=\"excerpt-hellip\"> [\u2026]<\/span><\/p>\n","protected":false},"featured_media":0,"template":"","meta":{"_monsterinsights_skip_tracking":false,"_monsterinsights_sitenote_active":false,"_monsterinsights_sitenote_note":"","_monsterinsights_sitenote_category":0},"product_brand":[],"product_cat":[13043,14381],"product_tag":[],"class_list":{"0":"post-768578","1":"product","2":"type-product","3":"status-publish","5":"product_cat-ekonomi","6":"product_cat-isletme-muhasebe-maliye","7":"pa_cilt-ciltli","8":"pa_tur-kitap","9":"pa_yayinevi-the-kitap","10":"pa_yazar-zeynep-ton","12":"first","13":"instock","14":"sale","15":"shipping-taxable","16":"purchasable","17":"product-type-simple"},"_links":{"self":[{"href":"https:\/\/roveyayinevi.com.tr\/index.php\/wp-json\/wp\/v2\/product\/768578","targetHints":{"allow":["GET"]}}],"collection":[{"href":"https:\/\/roveyayinevi.com.tr\/index.php\/wp-json\/wp\/v2\/product"}],"about":[{"href":"https:\/\/roveyayinevi.com.tr\/index.php\/wp-json\/wp\/v2\/types\/product"}],"wp:attachment":[{"href":"https:\/\/roveyayinevi.com.tr\/index.php\/wp-json\/wp\/v2\/media?parent=768578"}],"wp:term":[{"taxonomy":"product_brand","embeddable":true,"href":"https:\/\/roveyayinevi.com.tr\/index.php\/wp-json\/wp\/v2\/product_brand?post=768578"},{"taxonomy":"product_cat","embeddable":true,"href":"https:\/\/roveyayinevi.com.tr\/index.php\/wp-json\/wp\/v2\/product_cat?post=768578"},{"taxonomy":"product_tag","embeddable":true,"href":"https:\/\/roveyayinevi.com.tr\/index.php\/wp-json\/wp\/v2\/product_tag?post=768578"}],"curies":[{"name":"wp","href":"https:\/\/api.w.org\/{rel}","templated":true}]}}