{"id":768575,"date":"2025-08-28T13:25:22","date_gmt":"2025-08-28T10:25:22","guid":{"rendered":"https:\/\/roveyayinevi.com.tr\/index.php\/urun\/statu-ve-kultur\/"},"modified":"2026-04-15T03:34:46","modified_gmt":"2026-04-15T00:34:46","slug":"statu-ve-kultur","status":"publish","type":"product","link":"https:\/\/roveyayinevi.com.tr\/index.php\/urun\/statu-ve-kultur\/","title":{"rendered":"Stat\u00fc ve K\u00fclt\u00fcr"},"content":{"rendered":"<p>Hepimizin pe\u015finden ko\u015ftu\u011fu bir hedef var: stat\u00fc. Peki sosyal stat\u00fc arzumuz; sanat\u0131, moday\u0131, kimli\u011fimizi ve hatta be\u011fenilerimizi nas\u0131l \u015fekillendiriyor? Sosyal hiyerar\u015filer y\u00fczy\u0131llar boyunca nas\u0131l yarat\u0131ld\u0131? Neyi neden seviyoruz? Zevklerimiz kimler taraf\u0131ndan belirleniyor? W. David Marx, Stat\u00fc ve K\u00fclt\u00fcr\u2019de bu gibi sorular\u0131n pe\u015finden giderek k\u00fclt\u00fcr\u00fcn dinamizmini ortaya koyuyor. Yazar bu etkileyici kitapta bize, toplumsal stat\u00fc aray\u0131\u015f\u0131n\u0131n kimli\u011fimiz \u00fczerindeki etkilerini g\u00fcnl\u00fck ya\u015famdan \u00e7arp\u0131c\u0131 \u00f6rneklerle sunuyor. Al\u0131\u015fkanl\u0131klar\u0131m\u0131z\u0131 sorgulat\u0131p ya\u015fam tarz\u0131m\u0131z\u0131n ard\u0131ndaki g\u00fc\u00e7leri anlamam\u0131za yard\u0131mc\u0131 olurken, toplumsal de\u011fi\u015fimin neden bu kadar h\u0131zl\u0131 oldu\u011funu ve hangi g\u00fc\u00e7ler taraf\u0131ndan y\u00f6nlendirildi\u011fini g\u00f6steriyor. K\u00fclt\u00fcr\u00fcn perde arkas\u0131n\u0131 g\u00f6rmek isteyen herkes i\u00e7in; Stat\u00fc ve K\u00fclt\u00fcr, okurunu sadece bilgilendirmekle kalm\u0131yor, ayn\u0131 zamanda derin bir i\u00e7g\u00f6r\u00fc sunuyor. H\u0131zla yenilenen trendler ve sosyal medya \u00e7a\u011f\u0131nda kimli\u011fin kaygan bir zemine nas\u0131l d\u00f6n\u00fc\u015ft\u00fc\u011f\u00fcn\u00fc g\u00f6rmek, bireysel zevklerimizin ve al\u0131\u015fkanl\u0131klar\u0131m\u0131z\u0131n ne kadar \u201cbize\u201d ait oldu\u011funu sorgulamak, stat\u00fc oyunlar\u0131n\u0131n etkisi alt\u0131nda \u015fekillenen d\u00fcnyay\u0131 derinlemesine anlamak, ki\u015fisel ve toplumsal kimli\u011finizi yeniden tan\u0131mlamak istiyorsan\u0131z Stat\u00fc ve K\u00fclt\u00fcr\u2019\u00fc ka\u00e7\u0131rmay\u0131n!<\/p>\n","protected":false},"excerpt":{"rendered":"<p>Hepimizin pe\u015finden ko\u015ftu\u011fu bir hedef var: stat\u00fc. Peki sosyal stat\u00fc arzumuz; sanat\u0131, moday\u0131, kimli\u011fimizi ve hatta be\u011fenilerimizi nas\u0131l \u015fekillendiriyor? Sosyal hiyerar\u015filer y\u00fczy\u0131llar boyunca nas\u0131l yarat\u0131ld\u0131? Neyi<span class=\"excerpt-hellip\"> [\u2026]<\/span><\/p>\n","protected":false},"featured_media":0,"template":"","meta":{"_monsterinsights_skip_tracking":false,"_monsterinsights_sitenote_active":false,"_monsterinsights_sitenote_note":"","_monsterinsights_sitenote_category":0},"product_brand":[],"product_cat":[12324],"product_tag":[],"class_list":{"0":"post-768575","1":"product","2":"type-product","3":"status-publish","5":"product_cat-sosyoloji","6":"pa_cilt-ciltsiz","7":"pa_tur-kitap","8":"pa_yayinevi-the-kitap","9":"pa_yazar-w-david-marx","11":"first","12":"instock","13":"sale","14":"shipping-taxable","15":"purchasable","16":"product-type-simple"},"_links":{"self":[{"href":"https:\/\/roveyayinevi.com.tr\/index.php\/wp-json\/wp\/v2\/product\/768575","targetHints":{"allow":["GET"]}}],"collection":[{"href":"https:\/\/roveyayinevi.com.tr\/index.php\/wp-json\/wp\/v2\/product"}],"about":[{"href":"https:\/\/roveyayinevi.com.tr\/index.php\/wp-json\/wp\/v2\/types\/product"}],"wp:attachment":[{"href":"https:\/\/roveyayinevi.com.tr\/index.php\/wp-json\/wp\/v2\/media?parent=768575"}],"wp:term":[{"taxonomy":"product_brand","embeddable":true,"href":"https:\/\/roveyayinevi.com.tr\/index.php\/wp-json\/wp\/v2\/product_brand?post=768575"},{"taxonomy":"product_cat","embeddable":true,"href":"https:\/\/roveyayinevi.com.tr\/index.php\/wp-json\/wp\/v2\/product_cat?post=768575"},{"taxonomy":"product_tag","embeddable":true,"href":"https:\/\/roveyayinevi.com.tr\/index.php\/wp-json\/wp\/v2\/product_tag?post=768575"}],"curies":[{"name":"wp","href":"https:\/\/api.w.org\/{rel}","templated":true}]}}