{"id":768573,"date":"2025-08-28T13:25:19","date_gmt":"2025-08-28T10:25:19","guid":{"rendered":"https:\/\/roveyayinevi.com.tr\/index.php\/urun\/insan-ve-veri\/"},"modified":"2026-04-15T03:34:46","modified_gmt":"2026-04-15T00:34:46","slug":"insan-ve-veri","status":"publish","type":"product","link":"https:\/\/roveyayinevi.com.tr\/index.php\/urun\/insan-ve-veri\/","title":{"rendered":"\u0130nsan ve Veri"},"content":{"rendered":"<p>Dijital \u00e7a\u011fda veri, hayat\u0131m\u0131z\u0131n her alan\u0131nda dev bir g\u00fc\u00e7 haline geldi. Ancak bu g\u00fcc\u00fc etkin bir \u015fekilde kullanmak, sadece do\u011fru ara\u00e7lara de\u011fil, do\u011fru bir zihniyete ve yakla\u015f\u0131ma da ihtiya\u00e7 duyuyor. \u0130\u015fte tam bu noktada \u0130nsan ve Veri devreye giriyor.Thomas C. Redman, bize veriyi anlaman\u0131n ve y\u00f6netmenin yol haritas\u0131n\u0131 sunuyor. Bu kitapta, bireylerin ve ekiplerin veriyi nas\u0131l daha do\u011fru, verimli ve yarat\u0131c\u0131 bir \u015fekilde kullanabilece\u011fini ke\u015ffedeceksiniz. Veriyi yaln\u0131zca bir ara\u00e7 de\u011fil, bir de\u011fer kayna\u011f\u0131 olarak g\u00f6ren bu yakla\u015f\u0131m, her alanda fark yaratma potansiyeline sahip.Redman, ger\u00e7ek d\u00fcnyadan \u00f6rneklerle, verinin neden sadece teknoloji uzmanlar\u0131n\u0131n de\u011fil, herkesin sorumlulu\u011fu oldu\u011funu anlat\u0131yor. Kitap, \u015fu sorulara g\u00fc\u00e7l\u00fc yan\u0131tlar sunuyor: Verinin do\u011frulu\u011funu nas\u0131l art\u0131rabiliriz? \u0130nsanlar\u0131 ve s\u00fcre\u00e7leri veriye nas\u0131l uyumlu hale getirebiliriz? Veri, i\u015f d\u00fcnyas\u0131nda nas\u0131l yenilik\u00e7i \u00e7\u00f6z\u00fcmler ve s\u00fcrd\u00fcr\u00fclebilir ba\u015far\u0131lar yarat\u0131r?E\u011fer veriyi i\u015finizin merkezine koymak istiyorsan\u0131z, bu kitap sizin i\u00e7in vazge\u00e7ilmez bir rehber olacak. \u0130nsan ve Veri, yaln\u0131zca bilgi \u00e7a\u011f\u0131n\u0131n zorluklar\u0131na \u0131\u015f\u0131k tutmakla kalm\u0131yor, ayn\u0131 zamanda bu \u00e7a\u011fda ba\u015far\u0131l\u0131 olman\u0131n anahtar\u0131n\u0131 da veriyor.Veriyi ke\u015ffet, anlamland\u0131r ve de\u011fi\u015fimi ba\u015flat!<\/p>\n","protected":false},"excerpt":{"rendered":"<p>Dijital \u00e7a\u011fda veri, hayat\u0131m\u0131z\u0131n her alan\u0131nda dev bir g\u00fc\u00e7 haline geldi. Ancak bu g\u00fcc\u00fc etkin bir \u015fekilde kullanmak, sadece do\u011fru ara\u00e7lara de\u011fil, do\u011fru bir zihniyete ve<span class=\"excerpt-hellip\"> [\u2026]<\/span><\/p>\n","protected":false},"featured_media":0,"template":"","meta":{"_monsterinsights_skip_tracking":false,"_monsterinsights_sitenote_active":false,"_monsterinsights_sitenote_note":"","_monsterinsights_sitenote_category":0},"product_brand":[],"product_cat":[14841,13043],"product_tag":[],"class_list":{"0":"post-768573","1":"product","2":"type-product","3":"status-publish","5":"product_cat-arastirma-inceleme-kuram","6":"product_cat-ekonomi","7":"pa_cilt-ciltsiz","8":"pa_tur-kitap","9":"pa_yayinevi-the-kitap","10":"pa_yazar-thomas-c-redman","12":"first","13":"instock","14":"sale","15":"shipping-taxable","16":"purchasable","17":"product-type-simple"},"_links":{"self":[{"href":"https:\/\/roveyayinevi.com.tr\/index.php\/wp-json\/wp\/v2\/product\/768573","targetHints":{"allow":["GET"]}}],"collection":[{"href":"https:\/\/roveyayinevi.com.tr\/index.php\/wp-json\/wp\/v2\/product"}],"about":[{"href":"https:\/\/roveyayinevi.com.tr\/index.php\/wp-json\/wp\/v2\/types\/product"}],"wp:attachment":[{"href":"https:\/\/roveyayinevi.com.tr\/index.php\/wp-json\/wp\/v2\/media?parent=768573"}],"wp:term":[{"taxonomy":"product_brand","embeddable":true,"href":"https:\/\/roveyayinevi.com.tr\/index.php\/wp-json\/wp\/v2\/product_brand?post=768573"},{"taxonomy":"product_cat","embeddable":true,"href":"https:\/\/roveyayinevi.com.tr\/index.php\/wp-json\/wp\/v2\/product_cat?post=768573"},{"taxonomy":"product_tag","embeddable":true,"href":"https:\/\/roveyayinevi.com.tr\/index.php\/wp-json\/wp\/v2\/product_tag?post=768573"}],"curies":[{"name":"wp","href":"https:\/\/api.w.org\/{rel}","templated":true}]}}