{"id":768572,"date":"2025-08-28T13:25:18","date_gmt":"2025-08-28T10:25:18","guid":{"rendered":"https:\/\/roveyayinevi.com.tr\/index.php\/urun\/yapay-zeka-ve-egitimin-gelecegi\/"},"modified":"2026-04-15T03:34:46","modified_gmt":"2026-04-15T00:34:46","slug":"yapay-zeka-ve-egitimin-gelecegi","status":"publish","type":"product","link":"https:\/\/roveyayinevi.com.tr\/index.php\/urun\/yapay-zeka-ve-egitimin-gelecegi\/","title":{"rendered":"Yapay Zek\u00e2 ve E\u011fitimin Gelece\u011fi"},"content":{"rendered":"<p>E\u011fitim d\u00fcnyas\u0131, yapay zek\u00e2n\u0131n y\u00fckseli\u015fiyle birlikte k\u00f6kl\u00fc bir de\u011fi\u015fim ya\u015f\u0131yor. Ancak bu devrim niteli\u011findeki de\u011fi\u015fim, yaln\u0131zca f\u0131rsatlar\u0131 de\u011fil, sorular\u0131 ve endi\u015feleri de beraberinde getiriyor. Yapay Zek\u00e2 ve E\u011fitimin Gelece\u011fi, bu belirsizlikleri ortadan kald\u0131rma amac\u0131yla yapay zek\u00e2y\u0131 bir tehdit olarak de\u011fil, e\u011fitim ve \u00f6\u011fretimi d\u00f6n\u00fc\u015ft\u00fcrme potansiyeline sahip g\u00fc\u00e7l\u00fc bir ara\u00e7 olarak g\u00f6rmenizi sa\u011fl\u0131yor. Priten Shah, Bunun i\u00e7in, ders tasar\u0131m\u0131ndan \u00f6\u011frenci kat\u0131l\u0131m\u0131na, idari s\u00fcre\u00e7lerden etik meselelere kadar geni\u015f bir yelpazede rehberlik sunuyor. E\u011fitimdeki de\u011fi\u015fimi yakalamak isteyen e\u011fitimciler, liderler ve teknoloji merakl\u0131lar\u0131 i\u00e7in vazge\u00e7ilmez bir kaynak olan bu kitap, gelece\u011fin s\u0131n\u0131flar\u0131n\u0131 in\u015fa etmenin anahtar\u0131n\u0131 sunuyor. Yapay zek\u00e2n\u0131n sundu\u011fu olanaklar\u0131 ke\u015ffetmeye ve bu yenilik\u00e7i d\u00fcnyada yerinizi almaya haz\u0131r olun!<\/p>\n","protected":false},"excerpt":{"rendered":"<p>E\u011fitim d\u00fcnyas\u0131, yapay zek\u00e2n\u0131n y\u00fckseli\u015fiyle birlikte k\u00f6kl\u00fc bir de\u011fi\u015fim ya\u015f\u0131yor. Ancak bu devrim niteli\u011findeki de\u011fi\u015fim, yaln\u0131zca f\u0131rsatlar\u0131 de\u011fil, sorular\u0131 ve endi\u015feleri de beraberinde getiriyor. Yapay Zek\u00e2<span class=\"excerpt-hellip\"> [\u2026]<\/span><\/p>\n","protected":false},"featured_media":0,"template":"","meta":{"_monsterinsights_skip_tracking":false,"_monsterinsights_sitenote_active":false,"_monsterinsights_sitenote_note":"","_monsterinsights_sitenote_category":0},"product_brand":[],"product_cat":[13005],"product_tag":[],"class_list":{"0":"post-768572","1":"product","2":"type-product","3":"status-publish","5":"product_cat-bilim-muhendislik","6":"pa_cilt-ciltsiz","7":"pa_tur-kitap","8":"pa_yayinevi-the-kitap","9":"pa_yazar-priten-shah","11":"first","12":"instock","13":"sale","14":"shipping-taxable","15":"purchasable","16":"product-type-simple"},"_links":{"self":[{"href":"https:\/\/roveyayinevi.com.tr\/index.php\/wp-json\/wp\/v2\/product\/768572","targetHints":{"allow":["GET"]}}],"collection":[{"href":"https:\/\/roveyayinevi.com.tr\/index.php\/wp-json\/wp\/v2\/product"}],"about":[{"href":"https:\/\/roveyayinevi.com.tr\/index.php\/wp-json\/wp\/v2\/types\/product"}],"wp:attachment":[{"href":"https:\/\/roveyayinevi.com.tr\/index.php\/wp-json\/wp\/v2\/media?parent=768572"}],"wp:term":[{"taxonomy":"product_brand","embeddable":true,"href":"https:\/\/roveyayinevi.com.tr\/index.php\/wp-json\/wp\/v2\/product_brand?post=768572"},{"taxonomy":"product_cat","embeddable":true,"href":"https:\/\/roveyayinevi.com.tr\/index.php\/wp-json\/wp\/v2\/product_cat?post=768572"},{"taxonomy":"product_tag","embeddable":true,"href":"https:\/\/roveyayinevi.com.tr\/index.php\/wp-json\/wp\/v2\/product_tag?post=768572"}],"curies":[{"name":"wp","href":"https:\/\/api.w.org\/{rel}","templated":true}]}}