{"id":768570,"date":"2025-08-28T13:25:16","date_gmt":"2025-08-28T10:25:16","guid":{"rendered":"https:\/\/roveyayinevi.com.tr\/index.php\/urun\/itibar-yonetimi-2\/"},"modified":"2026-04-15T03:34:46","modified_gmt":"2026-04-15T00:34:46","slug":"itibar-yonetimi-2","status":"publish","type":"product","link":"https:\/\/roveyayinevi.com.tr\/index.php\/urun\/itibar-yonetimi-2\/","title":{"rendered":"\u0130tibar Y\u00f6netimi"},"content":{"rendered":"<p>\u201cG\u00fc\u00e7l\u00fc bir itibar, en de\u011ferli sermayenizdir!\u201dHer \u015feyden h\u0131zl\u0131 yay\u0131lan bir kriz, tek bir hatal\u0131 ad\u0131m ya da sosyal medyada kontrol\u00fc kaybetti\u011finiz bir an&#8230; \u0130tibar\u0131n\u0131z, bu d\u00fcnyada ayakta kalabilmeniz i\u00e7in en \u00f6nemli g\u00fcc\u00fcn\u00fczd\u00fcr. Peki, onu nas\u0131l korur, geli\u015ftirir ve s\u00fcrd\u00fcr\u00fclebilir hale getirirsiniz?Tony Langham\u2019\u0131n \u0130tibar Y\u00f6netimi kitab\u0131, i\u015f d\u00fcnyas\u0131ndan markalara, liderlerden bireylere kadar itibar y\u00f6netimini yeniden tan\u0131mlayan e\u015fsiz bir rehber sunuyor. 40 y\u0131l\u0131 a\u015fk\u0131n tecr\u00fcbesiyle Langham, ba\u015far\u0131 ve kriz \u00f6rnekleri \u00fczerinden g\u00fc\u00e7l\u00fc bir itibar in\u015fa etmenin ve y\u00f6netmenin s\u0131rlar\u0131n\u0131 payla\u015f\u0131yor.<\/p>\n","protected":false},"excerpt":{"rendered":"<p>\u201cG\u00fc\u00e7l\u00fc bir itibar, en de\u011ferli sermayenizdir!\u201dHer \u015feyden h\u0131zl\u0131 yay\u0131lan bir kriz, tek bir hatal\u0131 ad\u0131m ya da sosyal medyada kontrol\u00fc kaybetti\u011finiz bir an&#8230; \u0130tibar\u0131n\u0131z, bu d\u00fcnyada<span class=\"excerpt-hellip\"> [\u2026]<\/span><\/p>\n","protected":false},"featured_media":0,"template":"","meta":{"_monsterinsights_skip_tracking":false,"_monsterinsights_sitenote_active":false,"_monsterinsights_sitenote_note":"","_monsterinsights_sitenote_category":0},"product_brand":[],"product_cat":[13043,17647],"product_tag":[],"class_list":{"0":"post-768570","1":"product","2":"type-product","3":"status-publish","5":"product_cat-ekonomi","6":"product_cat-is-dunyasi","7":"pa_cilt-ciltli","8":"pa_tur-kitap","9":"pa_yayinevi-the-kitap","10":"pa_yazar-tony-langham","12":"first","13":"instock","14":"sale","15":"shipping-taxable","16":"purchasable","17":"product-type-simple"},"_links":{"self":[{"href":"https:\/\/roveyayinevi.com.tr\/index.php\/wp-json\/wp\/v2\/product\/768570","targetHints":{"allow":["GET"]}}],"collection":[{"href":"https:\/\/roveyayinevi.com.tr\/index.php\/wp-json\/wp\/v2\/product"}],"about":[{"href":"https:\/\/roveyayinevi.com.tr\/index.php\/wp-json\/wp\/v2\/types\/product"}],"wp:attachment":[{"href":"https:\/\/roveyayinevi.com.tr\/index.php\/wp-json\/wp\/v2\/media?parent=768570"}],"wp:term":[{"taxonomy":"product_brand","embeddable":true,"href":"https:\/\/roveyayinevi.com.tr\/index.php\/wp-json\/wp\/v2\/product_brand?post=768570"},{"taxonomy":"product_cat","embeddable":true,"href":"https:\/\/roveyayinevi.com.tr\/index.php\/wp-json\/wp\/v2\/product_cat?post=768570"},{"taxonomy":"product_tag","embeddable":true,"href":"https:\/\/roveyayinevi.com.tr\/index.php\/wp-json\/wp\/v2\/product_tag?post=768570"}],"curies":[{"name":"wp","href":"https:\/\/api.w.org\/{rel}","templated":true}]}}