{"id":768569,"date":"2025-08-28T13:25:14","date_gmt":"2025-08-28T10:25:14","guid":{"rendered":"https:\/\/roveyayinevi.com.tr\/index.php\/urun\/dunya-masallari-2\/"},"modified":"2026-04-15T03:34:46","modified_gmt":"2026-04-15T00:34:46","slug":"dunya-masallari-2","status":"publish","type":"product","link":"https:\/\/roveyayinevi.com.tr\/index.php\/urun\/dunya-masallari-2\/","title":{"rendered":"D\u00fcnya Masallar\u0131"},"content":{"rendered":"<p>\u00c7ocu\u011funuzla birlikte \u00e7\u0131kaca\u011f\u0131n\u0131z b\u00fcy\u00fcl\u00fc bir yolculu\u011fa haz\u0131r m\u0131s\u0131n\u0131z? D\u00fcnyan\u0131n d\u00f6rt bir yan\u0131ndan en sevilen masallar\u0131 bir araya getirdik: K\u0131rm\u0131z\u0131 Ba\u015fl\u0131kl\u0131 K\u0131z, Uyuyan G\u00fczel, Peter Pan, G\u00fczel ile \u00c7irkin, Kibrit\u00e7i K\u0131z ve daha fazlas\u0131\u2026 Bu kitap, masallar\u0131n sihirli d\u00fcnyas\u0131n\u0131 \u00e7ocu\u011funuzla payla\u015fman\u0131z i\u00e7in harika bir rehber olacak.Her bir hik\u00e2ye, \u00e7ocu\u011funuzun hayal g\u00fcc\u00fcn\u00fc besleyecek reng\u00e2renk, \u00f6zenle haz\u0131rlanm\u0131\u015f g\u00f6rsellerle s\u00fcslendi. Kimi zaman cesur bir kahraman\u0131n pe\u015finden ko\u015facak, kimi zaman hayallerin s\u0131n\u0131r tan\u0131mad\u0131\u011f\u0131 bir d\u00fcnyada u\u00e7acaks\u0131n\u0131z.Uyku \u00f6ncesi hik\u00e2yeler, aile sohbetleri ya da sadece keyifli bir mola i\u00e7in\u2026 Bu kitap, her an\u0131n\u0131z\u0131 daha da unutulmaz k\u0131lacak. D\u00fcnya masallar\u0131n\u0131 birlikte ke\u015ffederken, k\u00fc\u00e7\u00fck kalplerin sevgi ve iyilikle doldu\u011funu g\u00f6rmek size bamba\u015fka bir mutluluk verecek.<\/p>\n","protected":false},"excerpt":{"rendered":"<p>\u00c7ocu\u011funuzla birlikte \u00e7\u0131kaca\u011f\u0131n\u0131z b\u00fcy\u00fcl\u00fc bir yolculu\u011fa haz\u0131r m\u0131s\u0131n\u0131z? D\u00fcnyan\u0131n d\u00f6rt bir yan\u0131ndan en sevilen masallar\u0131 bir araya getirdik: K\u0131rm\u0131z\u0131 Ba\u015fl\u0131kl\u0131 K\u0131z, Uyuyan G\u00fczel, Peter Pan, G\u00fczel<span class=\"excerpt-hellip\"> [\u2026]<\/span><\/p>\n","protected":false},"featured_media":0,"template":"","meta":{"_monsterinsights_skip_tracking":false,"_monsterinsights_sitenote_active":false,"_monsterinsights_sitenote_note":"","_monsterinsights_sitenote_category":0},"product_brand":[],"product_cat":[12274,12284],"product_tag":[],"class_list":{"0":"post-768569","1":"product","2":"type-product","3":"status-publish","5":"product_cat-cocuk-ve-genclik-kitaplari","6":"product_cat-hikayeler","7":"pa_cilt-ciltsiz","8":"pa_tur-kitap","9":"pa_yayinevi-the-kitap","10":"pa_yazar-anonim","12":"first","13":"instock","14":"sale","15":"shipping-taxable","16":"purchasable","17":"product-type-simple"},"_links":{"self":[{"href":"https:\/\/roveyayinevi.com.tr\/index.php\/wp-json\/wp\/v2\/product\/768569","targetHints":{"allow":["GET"]}}],"collection":[{"href":"https:\/\/roveyayinevi.com.tr\/index.php\/wp-json\/wp\/v2\/product"}],"about":[{"href":"https:\/\/roveyayinevi.com.tr\/index.php\/wp-json\/wp\/v2\/types\/product"}],"wp:attachment":[{"href":"https:\/\/roveyayinevi.com.tr\/index.php\/wp-json\/wp\/v2\/media?parent=768569"}],"wp:term":[{"taxonomy":"product_brand","embeddable":true,"href":"https:\/\/roveyayinevi.com.tr\/index.php\/wp-json\/wp\/v2\/product_brand?post=768569"},{"taxonomy":"product_cat","embeddable":true,"href":"https:\/\/roveyayinevi.com.tr\/index.php\/wp-json\/wp\/v2\/product_cat?post=768569"},{"taxonomy":"product_tag","embeddable":true,"href":"https:\/\/roveyayinevi.com.tr\/index.php\/wp-json\/wp\/v2\/product_tag?post=768569"}],"curies":[{"name":"wp","href":"https:\/\/api.w.org\/{rel}","templated":true}]}}