{"id":768564,"date":"2025-08-28T13:25:05","date_gmt":"2025-08-28T10:25:05","guid":{"rendered":"https:\/\/roveyayinevi.com.tr\/index.php\/urun\/1979\/"},"modified":"2026-04-15T03:34:46","modified_gmt":"2026-04-15T00:34:46","slug":"1979","status":"publish","type":"product","link":"https:\/\/roveyayinevi.com.tr\/index.php\/urun\/1979\/","title":{"rendered":"1979"},"content":{"rendered":"<p>S\u0131rlar ve Yalanlar\u0131n Karanl\u0131\u011f\u0131nda Bir Gazeteci&#8230;Glasgow\u2019un tozlu sokaklar\u0131, bas\u0131n d\u00fcnyas\u0131n\u0131n amans\u0131z rekabeti ve derinlerde saklanan karanl\u0131k s\u0131rlar&#8230; Val McDermid; polisiye edebiyat\u0131n\u0131n ustas\u0131, okurlar\u0131n\u0131 bu kez b\u00fcy\u00fcleyici bir gerilimle 1979\u2019a g\u00f6t\u00fcr\u00fcyor.<\/p>\n","protected":false},"excerpt":{"rendered":"<p>S\u0131rlar ve Yalanlar\u0131n Karanl\u0131\u011f\u0131nda Bir Gazeteci&#8230;Glasgow\u2019un tozlu sokaklar\u0131, bas\u0131n d\u00fcnyas\u0131n\u0131n amans\u0131z rekabeti ve derinlerde saklanan karanl\u0131k s\u0131rlar&#8230; Val McDermid; polisiye edebiyat\u0131n\u0131n ustas\u0131, okurlar\u0131n\u0131 bu kez b\u00fcy\u00fcleyici<span class=\"excerpt-hellip\"> [\u2026]<\/span><\/p>\n","protected":false},"featured_media":0,"template":"","meta":{"_monsterinsights_skip_tracking":false,"_monsterinsights_sitenote_active":false,"_monsterinsights_sitenote_note":"","_monsterinsights_sitenote_category":0},"product_brand":[],"product_cat":[12291,12711],"product_tag":[],"class_list":{"0":"post-768564","1":"product","2":"type-product","3":"status-publish","5":"product_cat-edebiyat","6":"product_cat-roman-oyku","7":"pa_cilt-ciltsiz","8":"pa_tur-kitap","9":"pa_yayinevi-the-kitap","10":"pa_yazar-val-mcdermid","12":"first","13":"instock","14":"sale","15":"shipping-taxable","16":"purchasable","17":"product-type-simple"},"_links":{"self":[{"href":"https:\/\/roveyayinevi.com.tr\/index.php\/wp-json\/wp\/v2\/product\/768564","targetHints":{"allow":["GET"]}}],"collection":[{"href":"https:\/\/roveyayinevi.com.tr\/index.php\/wp-json\/wp\/v2\/product"}],"about":[{"href":"https:\/\/roveyayinevi.com.tr\/index.php\/wp-json\/wp\/v2\/types\/product"}],"wp:attachment":[{"href":"https:\/\/roveyayinevi.com.tr\/index.php\/wp-json\/wp\/v2\/media?parent=768564"}],"wp:term":[{"taxonomy":"product_brand","embeddable":true,"href":"https:\/\/roveyayinevi.com.tr\/index.php\/wp-json\/wp\/v2\/product_brand?post=768564"},{"taxonomy":"product_cat","embeddable":true,"href":"https:\/\/roveyayinevi.com.tr\/index.php\/wp-json\/wp\/v2\/product_cat?post=768564"},{"taxonomy":"product_tag","embeddable":true,"href":"https:\/\/roveyayinevi.com.tr\/index.php\/wp-json\/wp\/v2\/product_tag?post=768564"}],"curies":[{"name":"wp","href":"https:\/\/api.w.org\/{rel}","templated":true}]}}