{"id":768561,"date":"2025-08-28T13:24:59","date_gmt":"2025-08-28T10:24:59","guid":{"rendered":"https:\/\/roveyayinevi.com.tr\/index.php\/urun\/gezegeni-kakalayan-dinozor-kakazorus\/"},"modified":"2026-04-15T03:34:46","modified_gmt":"2026-04-15T00:34:46","slug":"gezegeni-kakalayan-dinozor-kakazorus","status":"publish","type":"product","link":"https:\/\/roveyayinevi.com.tr\/index.php\/urun\/gezegeni-kakalayan-dinozor-kakazorus\/","title":{"rendered":"Gezegeni Kakalayan Dinozor Kakazorus"},"content":{"rendered":"<p>GEZEGEN\u0130 KAKALAYAN D\u0130NOZOR KAKAzorus! Uzayda,Hi\u00e7 kimse KAKANIN kokusunu alamaz\u2026 Danny ile KAKAzorus uzaya f\u0131rlar! Ama Danny sandvi\u00e7leri yan\u0131na almay\u0131 unutuncaKAKAzorus da ne g\u00f6rd\u00fcyse yemeye ba\u015flar\u2026Roketler d\u00e2hil!Neyse ki, KAKAzorus\u2019un D\u00fcnya\u2019ya geri d\u00f6nmelerini sa\u011flayacak kakastik bir plan\u0131 vard\u0131r\u2026<\/p>\n","protected":false},"excerpt":{"rendered":"<p>GEZEGEN\u0130 KAKALAYAN D\u0130NOZOR KAKAzorus! Uzayda,Hi\u00e7 kimse KAKANIN kokusunu alamaz\u2026 Danny ile KAKAzorus uzaya f\u0131rlar! Ama Danny sandvi\u00e7leri yan\u0131na almay\u0131 unutuncaKAKAzorus da ne g\u00f6rd\u00fcyse yemeye ba\u015flar\u2026Roketler d\u00e2hil!Neyse<span class=\"excerpt-hellip\"> [\u2026]<\/span><\/p>\n","protected":false},"featured_media":0,"template":"","meta":{"_monsterinsights_skip_tracking":false,"_monsterinsights_sitenote_active":false,"_monsterinsights_sitenote_note":"","_monsterinsights_sitenote_category":0},"product_brand":[],"product_cat":[12274,12284],"product_tag":[],"class_list":{"0":"post-768561","1":"product","2":"type-product","3":"status-publish","5":"product_cat-cocuk-ve-genclik-kitaplari","6":"product_cat-hikayeler","7":"pa_cilt-ciltsiz","8":"pa_tur-kitap","9":"pa_yayinevi-the-cocuk","10":"pa_yazar-tom-fletcher-dougie-poynter","12":"first","13":"instock","14":"sale","15":"shipping-taxable","16":"purchasable","17":"product-type-simple"},"_links":{"self":[{"href":"https:\/\/roveyayinevi.com.tr\/index.php\/wp-json\/wp\/v2\/product\/768561","targetHints":{"allow":["GET"]}}],"collection":[{"href":"https:\/\/roveyayinevi.com.tr\/index.php\/wp-json\/wp\/v2\/product"}],"about":[{"href":"https:\/\/roveyayinevi.com.tr\/index.php\/wp-json\/wp\/v2\/types\/product"}],"wp:attachment":[{"href":"https:\/\/roveyayinevi.com.tr\/index.php\/wp-json\/wp\/v2\/media?parent=768561"}],"wp:term":[{"taxonomy":"product_brand","embeddable":true,"href":"https:\/\/roveyayinevi.com.tr\/index.php\/wp-json\/wp\/v2\/product_brand?post=768561"},{"taxonomy":"product_cat","embeddable":true,"href":"https:\/\/roveyayinevi.com.tr\/index.php\/wp-json\/wp\/v2\/product_cat?post=768561"},{"taxonomy":"product_tag","embeddable":true,"href":"https:\/\/roveyayinevi.com.tr\/index.php\/wp-json\/wp\/v2\/product_tag?post=768561"}],"curies":[{"name":"wp","href":"https:\/\/api.w.org\/{rel}","templated":true}]}}