{"id":768558,"date":"2025-08-28T13:24:54","date_gmt":"2025-08-28T10:24:54","guid":{"rendered":"https:\/\/roveyayinevi.com.tr\/index.php\/urun\/gecmisi-kakalayan-dinozor-kakazorus\/"},"modified":"2026-04-15T03:34:46","modified_gmt":"2026-04-15T00:34:46","slug":"gecmisi-kakalayan-dinozor-kakazorus","status":"publish","type":"product","link":"https:\/\/roveyayinevi.com.tr\/index.php\/urun\/gecmisi-kakalayan-dinozor-kakazorus\/","title":{"rendered":"Ge\u00e7mi\u015fi Kakalayan Dinozor Kakazorus"},"content":{"rendered":"<p>GE\u00c7M\u0130\u015e\u0130 KAKALAYAN D\u0130NOZOR KAKAzorus! \u015eimdi KAKA zaman\u0131! Danny ile KAKAzorus ge\u00e7mi\u015fe yolculuk yaparlar.Bir u\u011fultu vard\u0131r ama bu defa KAKAzorus\u2019un karn\u0131ndan gelmiyordur bu ses.Patlamak \u00fczere olan bir volkan olabilir mi bu?Neyse ki, KAKAzorus\u2019un onlar\u0131 ge\u00e7mi\u015ften \u00e7\u0131karmak i\u00e7in kakastik bir plan\u0131 vard\u0131r\u2026<\/p>\n","protected":false},"excerpt":{"rendered":"<p>GE\u00c7M\u0130\u015e\u0130 KAKALAYAN D\u0130NOZOR KAKAzorus! \u015eimdi KAKA zaman\u0131! Danny ile KAKAzorus ge\u00e7mi\u015fe yolculuk yaparlar.Bir u\u011fultu vard\u0131r ama bu defa KAKAzorus\u2019un karn\u0131ndan gelmiyordur bu ses.Patlamak \u00fczere olan bir<span class=\"excerpt-hellip\"> [\u2026]<\/span><\/p>\n","protected":false},"featured_media":0,"template":"","meta":{"_monsterinsights_skip_tracking":false,"_monsterinsights_sitenote_active":false,"_monsterinsights_sitenote_note":"","_monsterinsights_sitenote_category":0},"product_brand":[],"product_cat":[12274,12284],"product_tag":[],"class_list":{"0":"post-768558","1":"product","2":"type-product","3":"status-publish","5":"product_cat-cocuk-ve-genclik-kitaplari","6":"product_cat-hikayeler","7":"pa_cilt-ciltsiz","8":"pa_tur-kitap","9":"pa_yayinevi-the-cocuk","10":"pa_yazar-tom-fletcher-dougie-poynter","12":"first","13":"instock","14":"sale","15":"shipping-taxable","16":"purchasable","17":"product-type-simple"},"_links":{"self":[{"href":"https:\/\/roveyayinevi.com.tr\/index.php\/wp-json\/wp\/v2\/product\/768558","targetHints":{"allow":["GET"]}}],"collection":[{"href":"https:\/\/roveyayinevi.com.tr\/index.php\/wp-json\/wp\/v2\/product"}],"about":[{"href":"https:\/\/roveyayinevi.com.tr\/index.php\/wp-json\/wp\/v2\/types\/product"}],"wp:attachment":[{"href":"https:\/\/roveyayinevi.com.tr\/index.php\/wp-json\/wp\/v2\/media?parent=768558"}],"wp:term":[{"taxonomy":"product_brand","embeddable":true,"href":"https:\/\/roveyayinevi.com.tr\/index.php\/wp-json\/wp\/v2\/product_brand?post=768558"},{"taxonomy":"product_cat","embeddable":true,"href":"https:\/\/roveyayinevi.com.tr\/index.php\/wp-json\/wp\/v2\/product_cat?post=768558"},{"taxonomy":"product_tag","embeddable":true,"href":"https:\/\/roveyayinevi.com.tr\/index.php\/wp-json\/wp\/v2\/product_tag?post=768558"}],"curies":[{"name":"wp","href":"https:\/\/api.w.org\/{rel}","templated":true}]}}