{"id":768555,"date":"2025-08-28T13:24:49","date_gmt":"2025-08-28T10:24:49","guid":{"rendered":"https:\/\/roveyayinevi.com.tr\/index.php\/urun\/dunyayi-degistiren-kelimeler-1-buyuk-filozoflar\/"},"modified":"2026-04-15T03:34:45","modified_gmt":"2026-04-15T00:34:45","slug":"dunyayi-degistiren-kelimeler-1-buyuk-filozoflar","status":"publish","type":"product","link":"https:\/\/roveyayinevi.com.tr\/index.php\/urun\/dunyayi-degistiren-kelimeler-1-buyuk-filozoflar\/","title":{"rendered":"D\u00fcnyay\u0131 De\u011fi\u015ftiren Kelimeler 1 \u2013 B\u00fcy\u00fck Filozoflar"},"content":{"rendered":"<p>\u201cTEK GER\u00c7EKB\u0130LGEL\u0130K, H\u0130\u00c7B\u0130R \u015eEYB\u0130LMED\u0130\u011e\u0130N\u0130Z\u0130 B\u0130LMEN\u0130ZD\u0130R.\u201d\u2014 REN\u00c9 DESCARTESFilozof nedir? Filozoflar ne i\u015f yapar? \u0130lk filozoflar kimlerdir? \u0130lke nedir? E\u015fitlik nedir? Bu gibi sorular\u0131n cevaplar\u0131n\u0131 merak ediyorsan bu kitap tam sana g\u00f6re! Muhte\u015fem \u00e7izimlerle dolu bu kitap, tarihteki en etkili filozoflar\u0131 tan\u0131t\u0131yor.Sen de tarihin ak\u0131\u015f\u0131n\u0131n nas\u0131l de\u011fi\u015fti\u011fini merak ediyorsan, haydi gel hep birlikte \u00f6\u011frenelim!<\/p>\n","protected":false},"excerpt":{"rendered":"<p>\u201cTEK GER\u00c7EKB\u0130LGEL\u0130K, H\u0130\u00c7B\u0130R \u015eEYB\u0130LMED\u0130\u011e\u0130N\u0130Z\u0130 B\u0130LMEN\u0130ZD\u0130R.\u201d\u2014 REN\u00c9 DESCARTESFilozof nedir? Filozoflar ne i\u015f yapar? \u0130lk filozoflar kimlerdir? \u0130lke nedir? E\u015fitlik nedir? Bu gibi sorular\u0131n cevaplar\u0131n\u0131 merak ediyorsan bu<span class=\"excerpt-hellip\"> [\u2026]<\/span><\/p>\n","protected":false},"featured_media":0,"template":"","meta":{"_monsterinsights_skip_tracking":false,"_monsterinsights_sitenote_active":false,"_monsterinsights_sitenote_note":"","_monsterinsights_sitenote_category":0},"product_brand":[],"product_cat":[12274,14573],"product_tag":[],"class_list":{"0":"post-768555","1":"product","2":"type-product","3":"status-publish","5":"product_cat-cocuk-ve-genclik-kitaplari","6":"product_cat-referans-kitaplar-cocuk-ve-genclik-kitaplari","7":"pa_cilt-ciltsiz","8":"pa_tur-kitap","9":"pa_yayinevi-the-cocuk","10":"pa_yazar-clive-gifford","12":"first","13":"instock","14":"sale","15":"shipping-taxable","16":"purchasable","17":"product-type-simple"},"_links":{"self":[{"href":"https:\/\/roveyayinevi.com.tr\/index.php\/wp-json\/wp\/v2\/product\/768555","targetHints":{"allow":["GET"]}}],"collection":[{"href":"https:\/\/roveyayinevi.com.tr\/index.php\/wp-json\/wp\/v2\/product"}],"about":[{"href":"https:\/\/roveyayinevi.com.tr\/index.php\/wp-json\/wp\/v2\/types\/product"}],"wp:attachment":[{"href":"https:\/\/roveyayinevi.com.tr\/index.php\/wp-json\/wp\/v2\/media?parent=768555"}],"wp:term":[{"taxonomy":"product_brand","embeddable":true,"href":"https:\/\/roveyayinevi.com.tr\/index.php\/wp-json\/wp\/v2\/product_brand?post=768555"},{"taxonomy":"product_cat","embeddable":true,"href":"https:\/\/roveyayinevi.com.tr\/index.php\/wp-json\/wp\/v2\/product_cat?post=768555"},{"taxonomy":"product_tag","embeddable":true,"href":"https:\/\/roveyayinevi.com.tr\/index.php\/wp-json\/wp\/v2\/product_tag?post=768555"}],"curies":[{"name":"wp","href":"https:\/\/api.w.org\/{rel}","templated":true}]}}