{"id":768553,"date":"2025-08-28T13:24:46","date_gmt":"2025-08-28T10:24:46","guid":{"rendered":"https:\/\/roveyayinevi.com.tr\/index.php\/urun\/uzay-labirent-bulmaca\/"},"modified":"2026-04-15T03:34:45","modified_gmt":"2026-04-15T00:34:45","slug":"uzay-labirent-bulmaca","status":"publish","type":"product","link":"https:\/\/roveyayinevi.com.tr\/index.php\/urun\/uzay-labirent-bulmaca\/","title":{"rendered":"Uzay Labirent Bulmaca"},"content":{"rendered":"<p>Uzay Labirent Bulmaca, \u00e7ocuklar i\u00e7in keyifli bir vakit sunarken problem \u00e7\u00f6zme becerilerini geli\u015ftirmelerine yard\u0131mc\u0131 olur. Konsantrasyon seviyelerini art\u0131r\u0131r, haf\u0131zalar\u0131n\u0131 g\u00fc\u00e7lendirir. \u00c7ocuklar i\u00e7in uygun g\u00f6rsel ve temalarla zenginle\u015ftirilerek tasarlanm\u0131\u015ft\u0131r. 6 ya\u015f ve \u00fczeri i\u00e7in uygundur. Sa\u011fl\u0131\u011fa zarar vermeyen g\u0131da boyas\u0131 ile \u00fcretilmi\u015ftir.<\/p>\n","protected":false},"excerpt":{"rendered":"<p>Uzay Labirent Bulmaca, \u00e7ocuklar i\u00e7in keyifli bir vakit sunarken problem \u00e7\u00f6zme becerilerini geli\u015ftirmelerine yard\u0131mc\u0131 olur. Konsantrasyon seviyelerini art\u0131r\u0131r, haf\u0131zalar\u0131n\u0131 g\u00fc\u00e7lendirir. \u00c7ocuklar i\u00e7in uygun g\u00f6rsel ve temalarla<span class=\"excerpt-hellip\"> [\u2026]<\/span><\/p>\n","protected":false},"featured_media":0,"template":"","meta":{"_monsterinsights_skip_tracking":false,"_monsterinsights_sitenote_active":false,"_monsterinsights_sitenote_note":"","_monsterinsights_sitenote_category":0},"product_brand":[],"product_cat":[12492,12274],"product_tag":[],"class_list":{"0":"post-768553","1":"product","2":"type-product","3":"status-publish","5":"product_cat-bilmece-bulmaca","6":"product_cat-cocuk-ve-genclik-kitaplari","7":"pa_cilt-ciltsiz","8":"pa_tur-kitap","9":"pa_yayinevi-the-cocuk","10":"pa_yazar-sevda-yardimci","12":"first","13":"instock","14":"sale","15":"shipping-taxable","16":"purchasable","17":"product-type-simple"},"_links":{"self":[{"href":"https:\/\/roveyayinevi.com.tr\/index.php\/wp-json\/wp\/v2\/product\/768553","targetHints":{"allow":["GET"]}}],"collection":[{"href":"https:\/\/roveyayinevi.com.tr\/index.php\/wp-json\/wp\/v2\/product"}],"about":[{"href":"https:\/\/roveyayinevi.com.tr\/index.php\/wp-json\/wp\/v2\/types\/product"}],"wp:attachment":[{"href":"https:\/\/roveyayinevi.com.tr\/index.php\/wp-json\/wp\/v2\/media?parent=768553"}],"wp:term":[{"taxonomy":"product_brand","embeddable":true,"href":"https:\/\/roveyayinevi.com.tr\/index.php\/wp-json\/wp\/v2\/product_brand?post=768553"},{"taxonomy":"product_cat","embeddable":true,"href":"https:\/\/roveyayinevi.com.tr\/index.php\/wp-json\/wp\/v2\/product_cat?post=768553"},{"taxonomy":"product_tag","embeddable":true,"href":"https:\/\/roveyayinevi.com.tr\/index.php\/wp-json\/wp\/v2\/product_tag?post=768553"}],"curies":[{"name":"wp","href":"https:\/\/api.w.org\/{rel}","templated":true}]}}