{"id":768552,"date":"2025-08-28T13:24:44","date_gmt":"2025-08-28T10:24:44","guid":{"rendered":"https:\/\/roveyayinevi.com.tr\/index.php\/urun\/dik-temel-harflerle-artik-okuyorum-anetil\/"},"modified":"2026-04-15T03:34:12","modified_gmt":"2026-04-15T00:34:12","slug":"dik-temel-harflerle-artik-okuyorum-anetil","status":"publish","type":"product","link":"https:\/\/roveyayinevi.com.tr\/index.php\/urun\/dik-temel-harflerle-artik-okuyorum-anetil\/","title":{"rendered":"Dik Temel Harflerle\u00a0Art\u0131k Okuyorum (Anetil)"},"content":{"rendered":"<p>Prof. Dr. Ali At\u0131f Bir\u2019in Okumaya \u0130lk Ad\u0131m Serisi, okumay\u0131 yeni \u00f6\u011frenen 1 ve 2. S\u0131n\u0131f \u00f6\u011frencileri i\u00e7in haz\u0131rland\u0131. 10 kitaptan olu\u015fan bu serinin ilk 5 kitab\u0131 \u00e7ocuklara harfleri \u00f6\u011fretmeyi hedeflerken son 5 kitap, e\u011fitici masallar i\u00e7ermektedir. 1.    Kitap: \u0130nat (Anetil)2.    Onat Olta At (Okur\u0131m)3.    Demet Dondurma Al (\u00dcS\u00d6YDZ)4.    Ceren\u2019in Arkada\u015f\u0131 Geliyor (\u00c7BGC\u015e)5.    Serap Portakall\u0131 Pasta Yap\u0131yor (PHV\u011eFJ)6.    Tilki ile Karga 7.    Tilki ve At8.    Aslan ile Fare9.    Fare ile \u0130stiridye10.    Zengin Adam ve Yoksul Ayakkab\u0131 Tamircisi<\/p>\n","protected":false},"excerpt":{"rendered":"<p>Prof. Dr. Ali At\u0131f Bir\u2019in Okumaya \u0130lk Ad\u0131m Serisi, okumay\u0131 yeni \u00f6\u011frenen 1 ve 2. S\u0131n\u0131f \u00f6\u011frencileri i\u00e7in haz\u0131rland\u0131. 10 kitaptan olu\u015fan bu serinin ilk 5<span class=\"excerpt-hellip\"> [\u2026]<\/span><\/p>\n","protected":false},"featured_media":0,"template":"","meta":{"_monsterinsights_skip_tracking":false,"_monsterinsights_sitenote_active":false,"_monsterinsights_sitenote_note":"","_monsterinsights_sitenote_category":0},"product_brand":[],"product_cat":[12274,15842],"product_tag":[],"class_list":{"0":"post-768552","1":"product","2":"type-product","3":"status-publish","5":"product_cat-cocuk-ve-genclik-kitaplari","6":"product_cat-egitici-kitaplar","7":"pa_cilt-ciltsiz","8":"pa_tur-kitap","9":"pa_yayinevi-the-cocuk","10":"pa_yazar-ali-atif-bir","12":"first","13":"instock","14":"sale","15":"shipping-taxable","16":"purchasable","17":"product-type-simple"},"_links":{"self":[{"href":"https:\/\/roveyayinevi.com.tr\/index.php\/wp-json\/wp\/v2\/product\/768552","targetHints":{"allow":["GET"]}}],"collection":[{"href":"https:\/\/roveyayinevi.com.tr\/index.php\/wp-json\/wp\/v2\/product"}],"about":[{"href":"https:\/\/roveyayinevi.com.tr\/index.php\/wp-json\/wp\/v2\/types\/product"}],"wp:attachment":[{"href":"https:\/\/roveyayinevi.com.tr\/index.php\/wp-json\/wp\/v2\/media?parent=768552"}],"wp:term":[{"taxonomy":"product_brand","embeddable":true,"href":"https:\/\/roveyayinevi.com.tr\/index.php\/wp-json\/wp\/v2\/product_brand?post=768552"},{"taxonomy":"product_cat","embeddable":true,"href":"https:\/\/roveyayinevi.com.tr\/index.php\/wp-json\/wp\/v2\/product_cat?post=768552"},{"taxonomy":"product_tag","embeddable":true,"href":"https:\/\/roveyayinevi.com.tr\/index.php\/wp-json\/wp\/v2\/product_tag?post=768552"}],"curies":[{"name":"wp","href":"https:\/\/api.w.org\/{rel}","templated":true}]}}