{"id":768551,"date":"2025-08-28T13:24:42","date_gmt":"2025-08-28T10:24:42","guid":{"rendered":"https:\/\/roveyayinevi.com.tr\/index.php\/urun\/arabalartrenler-ve-ucaklar-cikartmali-etkinlik-kitabi-2\/"},"modified":"2026-04-15T03:34:12","modified_gmt":"2026-04-15T00:34:12","slug":"arabalartrenler-ve-ucaklar-cikartmali-etkinlik-kitabi-2","status":"publish","type":"product","link":"https:\/\/roveyayinevi.com.tr\/index.php\/urun\/arabalartrenler-ve-ucaklar-cikartmali-etkinlik-kitabi-2\/","title":{"rendered":"Arabalar,Trenler ve U\u00e7aklar \u00c7\u0131kartmal\u0131 Etkinlik Kitab\u0131 2"},"content":{"rendered":"<p>\u00c7e\u015fit \u00e7e\u015fit arabalar, u\u00e7aklar ve trenler!Bu kitapta onlarla ilgili bir\u00e7ok etkinlik bulacaks\u0131n. Nokta birle\u015ftirmeler, labirentler, aradaki fark\u0131 bulmalar, boyamalar ve reng\u00e2renk \u00e7\u0131kartmalar\u2026 Ayr\u0131ca ta\u015f\u0131tlarla ilgili bir s\u00fcr\u00fc teknik ve tarihi bilgi de var. E\u011flenirken hem \u00f6\u011frenecek hem de yarat\u0131c\u0131l\u0131\u011f\u0131n\u0131 kullanacaks\u0131n!<\/p>\n","protected":false},"excerpt":{"rendered":"<p>\u00c7e\u015fit \u00e7e\u015fit arabalar, u\u00e7aklar ve trenler!Bu kitapta onlarla ilgili bir\u00e7ok etkinlik bulacaks\u0131n. Nokta birle\u015ftirmeler, labirentler, aradaki fark\u0131 bulmalar, boyamalar ve reng\u00e2renk \u00e7\u0131kartmalar\u2026 Ayr\u0131ca ta\u015f\u0131tlarla ilgili bir<span class=\"excerpt-hellip\"> [\u2026]<\/span><\/p>\n","protected":false},"featured_media":0,"template":"","meta":{"_monsterinsights_skip_tracking":false,"_monsterinsights_sitenote_active":false,"_monsterinsights_sitenote_note":"","_monsterinsights_sitenote_category":0},"product_brand":[],"product_cat":[12274,15842],"product_tag":[],"class_list":{"0":"post-768551","1":"product","2":"type-product","3":"status-publish","5":"product_cat-cocuk-ve-genclik-kitaplari","6":"product_cat-egitici-kitaplar","7":"pa_cilt-ciltsiz","8":"pa_tur-kitap","9":"pa_yayinevi-sabri-ulker-vakfi-yayinlari","10":"pa_yazar-anna-bowles","12":"first","13":"instock","14":"sale","15":"shipping-taxable","16":"purchasable","17":"product-type-simple"},"_links":{"self":[{"href":"https:\/\/roveyayinevi.com.tr\/index.php\/wp-json\/wp\/v2\/product\/768551","targetHints":{"allow":["GET"]}}],"collection":[{"href":"https:\/\/roveyayinevi.com.tr\/index.php\/wp-json\/wp\/v2\/product"}],"about":[{"href":"https:\/\/roveyayinevi.com.tr\/index.php\/wp-json\/wp\/v2\/types\/product"}],"wp:attachment":[{"href":"https:\/\/roveyayinevi.com.tr\/index.php\/wp-json\/wp\/v2\/media?parent=768551"}],"wp:term":[{"taxonomy":"product_brand","embeddable":true,"href":"https:\/\/roveyayinevi.com.tr\/index.php\/wp-json\/wp\/v2\/product_brand?post=768551"},{"taxonomy":"product_cat","embeddable":true,"href":"https:\/\/roveyayinevi.com.tr\/index.php\/wp-json\/wp\/v2\/product_cat?post=768551"},{"taxonomy":"product_tag","embeddable":true,"href":"https:\/\/roveyayinevi.com.tr\/index.php\/wp-json\/wp\/v2\/product_tag?post=768551"}],"curies":[{"name":"wp","href":"https:\/\/api.w.org\/{rel}","templated":true}]}}