{"id":768546,"date":"2025-08-28T13:24:35","date_gmt":"2025-08-28T10:24:35","guid":{"rendered":"https:\/\/roveyayinevi.com.tr\/index.php\/urun\/bi-dunya-arkadasim-var-10-kitap-soru-kitapcigi\/"},"modified":"2026-04-15T03:34:12","modified_gmt":"2026-04-15T00:34:12","slug":"bi-dunya-arkadasim-var-10-kitap-soru-kitapcigi","status":"publish","type":"product","link":"https:\/\/roveyayinevi.com.tr\/index.php\/urun\/bi-dunya-arkadasim-var-10-kitap-soru-kitapcigi\/","title":{"rendered":"Bi\u2019 D\u00fcnya Arkada\u015f\u0131m Var (10 Kitap + Soru Kitap\u00e7\u0131\u011f\u0131)"},"content":{"rendered":"<p>Bi\u2019 D\u00fcnya Arkada\u015f\u0131m Var&#8221; setiyle d\u00fcnyay\u0131 dola\u015fmak ister misin? Japonya, Peru, \u0130spanya, Kanada, Yeni Zelanda, Avustralya, \u0130ngiltere,  M\u0131s\u0131r, Amerika ve Hindistan\u2019daki \u00e7ocuklar\u0131n bir g\u00fcn\u00fcn\u00fcn anlat\u0131ld\u0131\u011f\u0131 \u00f6yk\u00fcler; k\u00fclt\u00fcr farkl\u0131l\u0131klar\u0131n\u0131n yan\u0131 s\u0131ra ortak de\u011ferleri de i\u015fliyor. Heyecan\u0131 y\u00fcksek \u00f6yk\u00fcleriyle ve e\u011flenceli \u00e7izimleriyle \u00e7ocuklar\u0131n keyifle okuyacaklar\u0131 bu seri; \u00fclkelerin aile ili\u015fkilerinden e\u011fitim anlay\u0131\u015flar\u0131na, tarihlerinden co\u011frafi \u015fartlar\u0131na, yeme i\u00e7me k\u00fclt\u00fcrlerinden giyimlerine kadar pek \u00e7ok konuda bilgi veriyor. Ayr\u0131ca \u00fclkelerin bulundu\u011fu k\u0131talar\u0131n haritalar\u0131, o \u00fclkeye ait \u00e7ocuk oyunlar\u0131 ve s\u00f6zl\u00fckle e\u011fitimciler i\u00e7in de kaynak niteli\u011fi ta\u015f\u0131yor. Haydi \u00e7ocuklar, yolculuk ba\u015flas\u0131n!<\/p>\n","protected":false},"excerpt":{"rendered":"<p>Bi\u2019 D\u00fcnya Arkada\u015f\u0131m Var&#8221; setiyle d\u00fcnyay\u0131 dola\u015fmak ister misin? Japonya, Peru, \u0130spanya, Kanada, Yeni Zelanda, Avustralya, \u0130ngiltere, M\u0131s\u0131r, Amerika ve Hindistan\u2019daki \u00e7ocuklar\u0131n bir g\u00fcn\u00fcn\u00fcn anlat\u0131ld\u0131\u011f\u0131 \u00f6yk\u00fcler;<span class=\"excerpt-hellip\"> [\u2026]<\/span><\/p>\n","protected":false},"featured_media":0,"template":"","meta":{"_monsterinsights_skip_tracking":false,"_monsterinsights_sitenote_active":false,"_monsterinsights_sitenote_note":"","_monsterinsights_sitenote_category":0},"product_brand":[],"product_cat":[12274,12284],"product_tag":[],"class_list":{"0":"post-768546","1":"product","2":"type-product","3":"status-publish","5":"product_cat-cocuk-ve-genclik-kitaplari","6":"product_cat-hikayeler","7":"pa_cilt-ciltsiz","8":"pa_tur-kitap","9":"pa_yayinevi-nista-yayinlari","10":"pa_yazar-fatma-isik","12":"first","13":"instock","14":"sale","15":"shipping-taxable","16":"purchasable","17":"product-type-simple"},"_links":{"self":[{"href":"https:\/\/roveyayinevi.com.tr\/index.php\/wp-json\/wp\/v2\/product\/768546","targetHints":{"allow":["GET"]}}],"collection":[{"href":"https:\/\/roveyayinevi.com.tr\/index.php\/wp-json\/wp\/v2\/product"}],"about":[{"href":"https:\/\/roveyayinevi.com.tr\/index.php\/wp-json\/wp\/v2\/types\/product"}],"wp:attachment":[{"href":"https:\/\/roveyayinevi.com.tr\/index.php\/wp-json\/wp\/v2\/media?parent=768546"}],"wp:term":[{"taxonomy":"product_brand","embeddable":true,"href":"https:\/\/roveyayinevi.com.tr\/index.php\/wp-json\/wp\/v2\/product_brand?post=768546"},{"taxonomy":"product_cat","embeddable":true,"href":"https:\/\/roveyayinevi.com.tr\/index.php\/wp-json\/wp\/v2\/product_cat?post=768546"},{"taxonomy":"product_tag","embeddable":true,"href":"https:\/\/roveyayinevi.com.tr\/index.php\/wp-json\/wp\/v2\/product_tag?post=768546"}],"curies":[{"name":"wp","href":"https:\/\/api.w.org\/{rel}","templated":true}]}}